{"id":998,"date":"2021-05-17T14:36:02","date_gmt":"2021-05-17T12:36:02","guid":{"rendered":"https:\/\/highwaygmbh.de\/highway\/?post_type=product&#038;p=998"},"modified":"2021-05-17T16:43:03","modified_gmt":"2021-05-17T14:43:03","slug":"quickscan-qw2400","status":"publish","type":"product","link":"https:\/\/www.highway-gmbh.de\/en\/produkte\/handscanner\/datalogic\/quickscan-qw2400\/","title":{"rendered":"QuickScan  QW2400"},"content":{"rendered":"<h1 id=\"jt_sr_headline\">Datalogic QuickScan\u00a0 QW2400<\/h1>\n<h2 id=\"jt_sr_subline\">1D- und 2D-Scanner mit weitem Blickwinkel<\/h2>\n<p>Mit dem QuickScan Lite QW2400 hat Datalogic einen kabelgebundenen 1D- und 2D-Barcodescanner f\u00fcr das Einstiegssegment herausgebracht. Besonders herausstechend ist sein breites Sichtfeld zum Erfassen l\u00e4ngerer, abgeschnittener 1D- sowie gr\u00f6\u00dferer 2D-Barcodes, bei denen andere Scanner oft an ihre Grenzen sto\u00dfen. Damit bew\u00e4hrt er sich vor allem in Einzelhandels-, B\u00fcro- und finanzwirtschaftlichen Umgebungen, aber auch in Postfilialen und im Kleinlager: Eben \u00fcberall dort, wo Barcodes mit \u00dcberl\u00e4nge gehandhabt werden. Mit dem optionalen Standfu\u00df l\u00e4sst er sich auch als Pr\u00e4sentationsscanner verwenden.<\/p>\n<p>Im Gegensatz zum roten Scanlicht, welches die Augen mancher Anwender reizt, nutzt der Quickscan Lite QW2400 wei\u00dfe Hintergrundbeleuchtung und einen blauen Zielpunkt, womit er auch die korrekte Ausrichtung erheblich vereinfacht. Dabei erfasst er auch schlecht gedruckte oder besch\u00e4digte Barcodes sowie solche, die auf Displays dargestellt werden. Zum Anschluss des kleinen, aber leistungsstarken Scanners stehen Ihnen mit USB oder Tastaturweiche\/RS-232 zwei Optionen offen. Das volle Zubeh\u00f6rspektrum des QW2100 l\u00e4sst sich f\u00fcr den QW2400 \u00fcbernehmen, damit das Upgrade von Alt auf Neu reibungslos \u00fcber die B\u00fchne geht.<\/p>\n<h3><a href=\"https:\/\/www.highway-gmbh.de\/wp-content\/uploads\/datalogic_qw2400.pdf\">Datenblatt QuickScan Lite QW2400<\/a><\/h3>\n<p>&nbsp;<\/p>\n","protected":false},"excerpt":{"rendered":"<ul>\n<li>2D-Area-Imager f\u00fcr Barcodes mit \u00dcberl\u00e4nge<\/li>\n<li>Top-Einstiegsmodell f\u00fcr Einzelhandel, B\u00fcro, Postfilialen etc.<\/li>\n<li>Liest auch von Displays sowie besch\u00e4digte Barcodes<\/li>\n<li>Auch als Pr\u00e4sentationsscanner einsetzbar (mit optionalem Standfu\u00df)<\/li>\n<li>Viele Anschlussoptionen: USB, Tastaturweiche und RS-232<\/li>\n<\/ul>\n","protected":false},"featured_media":1002,"template":"page-sidebar-left.php","meta":[],"product_brand":[],"product_cat":[42,18],"product_tag":[53],"class_list":{"0":"post-998","1":"product","2":"type-product","3":"status-publish","4":"has-post-thumbnail","6":"product_cat-datalogic","7":"product_cat-handscanner","8":"product_tag-datalogic","10":"first","11":"instock","12":"virtual","13":"product-type-simple"},"translation":{"provider":"WPGlobus","version":"3.0.2","language":"en","enabled_languages":["de","en"],"languages":{"de":{"title":true,"content":true,"excerpt":true},"en":{"title":false,"content":false,"excerpt":false}}},"_links":{"self":[{"href":"https:\/\/www.highway-gmbh.de\/en\/wp-json\/wp\/v2\/product\/998","targetHints":{"allow":["GET"]}}],"collection":[{"href":"https:\/\/www.highway-gmbh.de\/en\/wp-json\/wp\/v2\/product"}],"about":[{"href":"https:\/\/www.highway-gmbh.de\/en\/wp-json\/wp\/v2\/types\/product"}],"wp:featuredmedia":[{"embeddable":true,"href":"https:\/\/www.highway-gmbh.de\/en\/wp-json\/wp\/v2\/media\/1002"}],"wp:attachment":[{"href":"https:\/\/www.highway-gmbh.de\/en\/wp-json\/wp\/v2\/media?parent=998"}],"wp:term":[{"taxonomy":"product_brand","embeddable":true,"href":"https:\/\/www.highway-gmbh.de\/en\/wp-json\/wp\/v2\/product_brand?post=998"},{"taxonomy":"product_cat","embeddable":true,"href":"https:\/\/www.highway-gmbh.de\/en\/wp-json\/wp\/v2\/product_cat?post=998"},{"taxonomy":"product_tag","embeddable":true,"href":"https:\/\/www.highway-gmbh.de\/en\/wp-json\/wp\/v2\/product_tag?post=998"}],"curies":[{"name":"wp","href":"https:\/\/api.w.org\/{rel}","templated":true}]}}