{"id":995,"date":"2021-05-17T14:22:47","date_gmt":"2021-05-17T12:22:47","guid":{"rendered":"https:\/\/highwaygmbh.de\/highway\/?post_type=product&#038;p=995"},"modified":"2021-05-28T15:52:23","modified_gmt":"2021-05-28T13:52:23","slug":"gryphon-i-4100-hc","status":"publish","type":"product","link":"https:\/\/www.highway-gmbh.de\/en\/produkte\/handscanner\/datalogic\/gryphon-i-4100-hc\/","title":{"rendered":"Gryphon I 4100-HC"},"content":{"rendered":"<h1 id=\"jt_sr_headline\">Datalogic Gryphon I 4100-HC<\/h1>\n<h2 id=\"jt_sr_subline\">Keimfreies Scannen in anspruchsvollen Umgebungen<\/h2>\n<p>Die Imager Gryphon I der 4100-HC Reihe sind speziell f\u00fcr den Einsatz im Gesundheitswesen und in sensiblen Bereichen wie der Nahrungsmittel- und der chemischen Industrie entwickelt worden. Das desinfektionsbest\u00e4ndige Geh\u00e4use ist mit anti-mikrobiellen Zusatzstoffen versehen und \u00fcbersteht damit auch die regelm\u00e4\u00dfige Reinigungen mit handels\u00fcblichen Reinigigungs- und Desinfektionsmitteln.<\/p>\n<p>Die Serie bietet dank der leistungsstarken Scan-Engine eine extrem schnelle Erfassung von 1D- und GS1-Barcodes auch aus sehr gro\u00dfer Entfernung. Eine gro\u00dfe Bewegungstoleranz, Zielvorrichtung und Datalogics patentierter \u00bbGreen Spot\u00ab sorgen f\u00fcr eine einfache Bedienung und steigern die Produktivit\u00e4t. Die mobilen Varianten punkten mit hoher Flexibilit\u00e4t, 30 m Reichweite und der Speicherung von 1.200 Codes im Batchmodus. Dank Multi-Interface stehen alle g\u00e4ngigen Schnittstellen in einem Ger\u00e4t zur Verf\u00fcgung. Das macht eine Anbindung an vorhandene Systeme noch einfacher. Mit einer speziellen Abgleich-Funktion erh\u00f6ht sich im Krankenhaus die Patientensicherheit beispielsweise bei der Medikamentenvergabe. Zus\u00e4tzlich ist der Gryphon dazu in der Lage, einen Barcode zwischen zu speichern und mit einem weiteren Barcode zu vergleichen.<\/p>\n<p>Stimmt beispielsweise der in der Patientenakte hinterlegte 1. Barcode mit dem auf dem Medikament aufgedruckten 2. Barcode \u00fcberein, so zeigt die \u00bbGreen Spot\u00ab Lesebest\u00e4tigung das direkt auf dem Barcode an. Damit minimieren Sie wirksam das Risiko der Verwechslung von Patienten und deren Medikamenten.<\/p>\n<p>Wie die Standard-Versionen des Gryphon I 4100 lesen auch die Healthcare-Varianten alle g\u00e4ngigen 1D- Barcodes mit bis zu 325 Dekodierungen pro Sekunde. Der maximale Leseabstand bei 13 mil EAN-13-Etiketten betr\u00e4gt zudem starke 60 cm. Das sorgt f\u00fcr erhebliche Produktivit\u00e4tssteigerungen und in vielen Situationen auch f\u00fcr eine Verbesserung der Ergonomie. Dank dem gro\u00dfen Scanwinkel von 42\u00b0 erfassen Sie auch breite Codes ohne Probleme. Je nach Einsatzgebiet entscheiden Sie sich zwischen einem kabelgebundenen Modell, einer Funkvariante und der Version mit Bluetooth-Technologie.<\/p>\n<h3><a href=\"https:\/\/www.highway-gmbh.de\/wp-content\/uploads\/dlgry4100hc.pdf\">Datenblatt Gryphon 4100-HC<\/a><\/h3>\n","protected":false},"excerpt":{"rendered":"<ul>\n<li>Leistungsstarke 1D Handheld-Imager speziell f\u00fcr die Gesundheitsbranche<\/li>\n<li>Abgleich-Funktion f\u00fcr hohen Verwechslungsschutz<\/li>\n<li>Desinfektionsmittelbest\u00e4ndiges Geh\u00e4use \u2013 leicht zu reinigen<\/li>\n<li>Effizient: visuelle Lesebest\u00e4tigung mit patentiertem \u00bbGreen-Spot\u00ab<\/li>\n<li>Multi-Interface \u2013 alle g\u00e4ngigen Schnittstellen in einem Ger\u00e4t<\/li>\n<\/ul>\n","protected":false},"featured_media":997,"template":"page-sidebar-left.php","meta":[],"product_brand":[],"product_cat":[42,18],"product_tag":[53],"class_list":{"0":"post-995","1":"product","2":"type-product","3":"status-publish","4":"has-post-thumbnail","6":"product_cat-datalogic","7":"product_cat-handscanner","8":"product_tag-datalogic","10":"first","11":"instock","12":"virtual","13":"product-type-simple"},"translation":{"provider":"WPGlobus","version":"3.0.2","language":"en","enabled_languages":["de","en"],"languages":{"de":{"title":true,"content":true,"excerpt":true},"en":{"title":false,"content":false,"excerpt":false}}},"_links":{"self":[{"href":"https:\/\/www.highway-gmbh.de\/en\/wp-json\/wp\/v2\/product\/995","targetHints":{"allow":["GET"]}}],"collection":[{"href":"https:\/\/www.highway-gmbh.de\/en\/wp-json\/wp\/v2\/product"}],"about":[{"href":"https:\/\/www.highway-gmbh.de\/en\/wp-json\/wp\/v2\/types\/product"}],"wp:featuredmedia":[{"embeddable":true,"href":"https:\/\/www.highway-gmbh.de\/en\/wp-json\/wp\/v2\/media\/997"}],"wp:attachment":[{"href":"https:\/\/www.highway-gmbh.de\/en\/wp-json\/wp\/v2\/media?parent=995"}],"wp:term":[{"taxonomy":"product_brand","embeddable":true,"href":"https:\/\/www.highway-gmbh.de\/en\/wp-json\/wp\/v2\/product_brand?post=995"},{"taxonomy":"product_cat","embeddable":true,"href":"https:\/\/www.highway-gmbh.de\/en\/wp-json\/wp\/v2\/product_cat?post=995"},{"taxonomy":"product_tag","embeddable":true,"href":"https:\/\/www.highway-gmbh.de\/en\/wp-json\/wp\/v2\/product_tag?post=995"}],"curies":[{"name":"wp","href":"https:\/\/api.w.org\/{rel}","templated":true}]}}