{"id":992,"date":"2021-05-17T14:19:08","date_gmt":"2021-05-17T12:19:08","guid":{"rendered":"https:\/\/highwaygmbh.de\/highway\/?post_type=product&#038;p=992"},"modified":"2021-05-17T16:43:03","modified_gmt":"2021-05-17T14:43:03","slug":"gryphon-i-gd4500-hc","status":"publish","type":"product","link":"https:\/\/www.highway-gmbh.de\/en\/produkte\/handscanner\/datalogic\/gryphon-i-gd4500-hc\/","title":{"rendered":"Gryphon I GD4500-HC"},"content":{"rendered":"<h1 id=\"jt_sr_headline\">Datalogic Gryphon I GD4500-HC<\/h1>\n<h2 id=\"jt_sr_subline\">Effizientes 2D-Scanning im Klinik- und Pflege-Alltag<\/h2>\n<p>Mit dem Gryphon I 4500-HC hat Datalogic einen kabelgebundenen Premium-Handscanner f\u00fcr Krankenh\u00e4user, Labore, Pflegeheime, Apotheken und andere Gesundheitseinrichtungen entwickelt. Er sticht vor allem durch sein Design hervor, das stylische und elegante Konturen mit hervorragender Ergonomie verbindet. Das antimikrobiell behandelte Geh\u00e4use l\u00e4sst regelm\u00e4\u00dfige Desinfektion unbeeindruckt \u00fcber sich ergehen, selbst beim Einsatz sehr scharfer Mittel. Der Scanner ist mit zwei verschiedenen Schnittstellen verf\u00fcgbar: reine USB- Anbindung oder Multi-Interface mit USB, RS-232 und Tastaturweiche.<\/p>\n<p>Ein weiteres auff\u00e4lliges Merkmal des Gryphon I 4500-HC ist seine wei\u00dfe Beleuchtung, die nicht nur die Augen des Betrachters schont, sondern auch optimal zur Erfassung farbiger Barcodes geeignet ist. Vier Lichtpunkte und ein Fadenkreuz im Scanfeld bieten gut sichtbare Hilfestellung beim Zielen. F\u00fcgen Sie noch hohe Bewegungstoleranz hinzu, und das Ergebnis ist ein Scanner, der 1D- und 2D-Barcodes selbst unter ung\u00fcnstigen Bedingungen schnell erfasst. Mit seiner intuitiven und unkomplizierten Bedienung ist der Gryphon I 4500-HC ein echter Aktivposten, insbesondere im hektischen Alltag des Gesundheitswesens.<\/p>\n<p>Drahtlose Modelle mit drahtlosem Akkuladesystem erh\u00e4ltlich: Der Gryphon I GM4500 \u00fcbertr\u00e4gt gescannte Daten \u00fcber Schmalbandfunk, w\u00e4hrend der Gryphon I GBT4500 Bluetooth 4.0 mit BLE nutzt.<\/p>\n<h3><a href=\"https:\/\/www.highway-gmbh.de\/wp-content\/uploads\/datalogic_gd4500-hc.pdf\">Datenblatt Gryphon GD4500-HC<\/a><\/h3>\n","protected":false},"excerpt":{"rendered":"<ul>\n<li>2D-Scanner f\u00fcr das Gesundheitswesen<\/li>\n<li>USB-Anschluss oder Multi-Interface (USB, RS-232 &amp; Tastaturweiche)<\/li>\n<li>Desinfektionsmittelbest\u00e4ndiges Geh\u00e4use mit antimikrobiellen Zus\u00e4tzen (ISO22196-konform) \u2013 auch in schwarz erh\u00e4ltlich<\/li>\n<li>Verbesserte Lesereichweite und F\u00e4higkeit zum Erfassen schwer lesbarer Barcodes<\/li>\n<li>Kabellose Modelle erh\u00e4ltlich<\/li>\n<\/ul>\n","protected":false},"featured_media":994,"template":"page-sidebar-left.php","meta":[],"product_brand":[],"product_cat":[42,18],"product_tag":[53],"class_list":{"0":"post-992","1":"product","2":"type-product","3":"status-publish","4":"has-post-thumbnail","6":"product_cat-datalogic","7":"product_cat-handscanner","8":"product_tag-datalogic","10":"first","11":"instock","12":"virtual","13":"product-type-simple"},"translation":{"provider":"WPGlobus","version":"3.0.2","language":"en","enabled_languages":["de","en"],"languages":{"de":{"title":true,"content":true,"excerpt":true},"en":{"title":false,"content":false,"excerpt":false}}},"_links":{"self":[{"href":"https:\/\/www.highway-gmbh.de\/en\/wp-json\/wp\/v2\/product\/992","targetHints":{"allow":["GET"]}}],"collection":[{"href":"https:\/\/www.highway-gmbh.de\/en\/wp-json\/wp\/v2\/product"}],"about":[{"href":"https:\/\/www.highway-gmbh.de\/en\/wp-json\/wp\/v2\/types\/product"}],"wp:featuredmedia":[{"embeddable":true,"href":"https:\/\/www.highway-gmbh.de\/en\/wp-json\/wp\/v2\/media\/994"}],"wp:attachment":[{"href":"https:\/\/www.highway-gmbh.de\/en\/wp-json\/wp\/v2\/media?parent=992"}],"wp:term":[{"taxonomy":"product_brand","embeddable":true,"href":"https:\/\/www.highway-gmbh.de\/en\/wp-json\/wp\/v2\/product_brand?post=992"},{"taxonomy":"product_cat","embeddable":true,"href":"https:\/\/www.highway-gmbh.de\/en\/wp-json\/wp\/v2\/product_cat?post=992"},{"taxonomy":"product_tag","embeddable":true,"href":"https:\/\/www.highway-gmbh.de\/en\/wp-json\/wp\/v2\/product_tag?post=992"}],"curies":[{"name":"wp","href":"https:\/\/api.w.org\/{rel}","templated":true}]}}