{"id":989,"date":"2021-05-17T14:16:54","date_gmt":"2021-05-17T12:16:54","guid":{"rendered":"https:\/\/highwaygmbh.de\/highway\/?post_type=product&#038;p=989"},"modified":"2021-05-17T16:43:03","modified_gmt":"2021-05-17T14:43:03","slug":"gryphon-i-gd4500","status":"publish","type":"product","link":"https:\/\/www.highway-gmbh.de\/en\/produkte\/handscanner\/datalogic\/gryphon-i-gd4500\/","title":{"rendered":"Gryphon I GD4500"},"content":{"rendered":"<h1 id=\"jt_sr_headline\">Datalogic Gryphon I GD4500<\/h1>\n<h2>Ergonomischer Scanner f\u00fcr jeden Einsatzbereich<\/h2>\n<p>Dank seiner herausragenden Gestaltung, Ergonomie und breiten Auswahl an Features repr\u00e4sentiert die Gryphon I GD4500 Produktserie von Datalogic das Premium-Level in puncto Handheld-Scanner f\u00fcr allgemeine Anwendungen. Das Ger\u00e4t erfasst 1D-, 2D- und optional auch Digimarc-Barcodes in rasanter Geschwindigkeit. Der Einzelhandels-Kassenplatz ist sein nat\u00fcrlicher Lebensraum, doch seine grundlegende Robustheit und Vielzahl an Optionen er\u00f6ffnet ihm zus\u00e4tzlich spezifische Einsatzgebiete in der Fertigung, im Gesundheitswesen sowie in Transport und Logistik. Ein hochaufl\u00f6sender Megapixel-Sensor sorgt f\u00fcr au\u00dfergew\u00f6hnliche Scanergebnisse und eine erhebliche Verbesserung in der Performance und Produktivit\u00e4t der Anwender. Hinzukommt die angenehme, warmwei\u00dfe Beleuchtung \u2013 charakteristisch f\u00fcr Datalogic.<\/p>\n<p>Dank hochwertiger Motionix Bewegungssensoren erkennt der intuitiv und einfach zu benutzende GD4500 nat\u00fcrliche Bewegungen in Sekundenbruchteilen und wechselt direkt in den Scanmodus, der gebraucht wird \u2013 egal ob im Standfu\u00df oder Handbetrieb. Er bietet \u00fcberragende Scangeschwindigkeit sowie eine hohe Tiefensch\u00e4rfe und hilft beim Erfassen von schlecht lesbaren oder besch\u00e4digten Codes. Anwender stellen fest: Der Gryphon I GD4500 ist extrem einfach und intuitiv zu gebrauchen.<\/p>\n<h3><a href=\"https:\/\/www.highway-gmbh.de\/wp-content\/uploads\/datalogic_gd4500.pdf\">Datenblatt Gryphon GD4500<\/a><\/h3>\n","protected":false},"excerpt":{"rendered":"<ul>\n<li>Allzweck-Barcodescanner f\u00fcr Kleinlager, Einzelhandel und Apotheken<\/li>\n<li>Hochaufl\u00f6sender Megapixel-Sensor f\u00fcr au\u00dfergew\u00f6hnliche Ergebnisse<\/li>\n<li>Erfasst 1D-, 2D- und optional auch Digimarc-Barcodes<\/li>\n<li>Markante warmwei\u00dfe Beleuchtungstechnologie von Datalogic<\/li>\n<li>Bewegungssensor mit Datalogic Motionix Technologie<\/li>\n<\/ul>\n","protected":false},"featured_media":991,"template":"page-sidebar-left.php","meta":[],"product_brand":[],"product_cat":[42,18],"product_tag":[53],"class_list":{"0":"post-989","1":"product","2":"type-product","3":"status-publish","4":"has-post-thumbnail","6":"product_cat-datalogic","7":"product_cat-handscanner","8":"product_tag-datalogic","10":"first","11":"instock","12":"virtual","13":"product-type-simple"},"translation":{"provider":"WPGlobus","version":"3.0.2","language":"en","enabled_languages":["de","en"],"languages":{"de":{"title":true,"content":true,"excerpt":true},"en":{"title":false,"content":false,"excerpt":false}}},"_links":{"self":[{"href":"https:\/\/www.highway-gmbh.de\/en\/wp-json\/wp\/v2\/product\/989","targetHints":{"allow":["GET"]}}],"collection":[{"href":"https:\/\/www.highway-gmbh.de\/en\/wp-json\/wp\/v2\/product"}],"about":[{"href":"https:\/\/www.highway-gmbh.de\/en\/wp-json\/wp\/v2\/types\/product"}],"wp:featuredmedia":[{"embeddable":true,"href":"https:\/\/www.highway-gmbh.de\/en\/wp-json\/wp\/v2\/media\/991"}],"wp:attachment":[{"href":"https:\/\/www.highway-gmbh.de\/en\/wp-json\/wp\/v2\/media?parent=989"}],"wp:term":[{"taxonomy":"product_brand","embeddable":true,"href":"https:\/\/www.highway-gmbh.de\/en\/wp-json\/wp\/v2\/product_brand?post=989"},{"taxonomy":"product_cat","embeddable":true,"href":"https:\/\/www.highway-gmbh.de\/en\/wp-json\/wp\/v2\/product_cat?post=989"},{"taxonomy":"product_tag","embeddable":true,"href":"https:\/\/www.highway-gmbh.de\/en\/wp-json\/wp\/v2\/product_tag?post=989"}],"curies":[{"name":"wp","href":"https:\/\/api.w.org\/{rel}","templated":true}]}}