{"id":984,"date":"2021-05-17T14:10:21","date_gmt":"2021-05-17T12:10:21","guid":{"rendered":"https:\/\/highwaygmbh.de\/highway\/?post_type=product&#038;p=984"},"modified":"2021-05-17T16:43:03","modified_gmt":"2021-05-17T14:43:03","slug":"gryphon-i-gbt4200","status":"publish","type":"product","link":"https:\/\/www.highway-gmbh.de\/en\/produkte\/handscanner\/datalogic\/gryphon-i-gbt4200\/","title":{"rendered":"Gryphon I GBT4200"},"content":{"rendered":"<h1 id=\"jt_sr_headline\">Datalogic Gryphon I GBT4200<\/h1>\n<h2 id=\"jt_sr_subline\">Mobiler Einstiegsscanner f\u00fcr 1D-Barcodes<\/h2>\n<p>Der mobile 1D-Linear-Imager Datalogic Gryphon I GBT4200 erfasst dank der integrierten CCD-Engine alle g\u00e4ngigen 1D-Barcodes mit Hochgeschwindigkeit, selbst solche Strichcodes, die starke Besch\u00e4digungen aufweisen oder nahezu verblichen sind. Dank Bluetooth 4.0 (mit BLE) und dem damit verbundenen Einsatz mit bis zu 100 Meter Reichweite, seinem Batch-Speicher f\u00fcr bis zu 2.300 Barcodes und seinem starken Akku f\u00fcr bis zu 80 Stunden Dauereinsatz ist der GBT4200 eine gute Wahl f\u00fcr den Einsatz im Handel und in der Fertigung. Das desinfizierbare (\u00bbDRA\u00ab) Geh\u00e4use des ergonomischen Einstiegsscanners widersteht auch aggressiven Reinigungsmitteln und unterst\u00fctz damit ebenfalls den Einsatz in sensiblen Bereichen wie im Laboratorium oder in der Apotheke.<\/p>\n<p>Seine herausragenden Eigenschaften wie induktives Laden und der patentierte \u00bbGreen Spot\u00ab mit 3GL (3 Green Lights) erh\u00f6hen die Zuverl\u00e4ssigkeit und die Produktivit\u00e4t im allt\u00e4glichen Einsatz. Insbesondere der direkte Anschluss und das Laden via USB-C z\u00e4hlt zu den besonderen Eigenschaften, die den GBT4200 zu einem der besten seiner Klasse kr\u00f6nen.<\/p>\n<h3><a href=\"https:\/\/www.highway-gmbh.de\/wp-content\/uploads\/datalogic_gbt4200-2.pdf\">Datenblatt Gryphon GBT4200<\/a><\/h3>\n","protected":false},"excerpt":{"rendered":"<ul>\n<li>Kabelloser Linear Imager f\u00fcr den Einsatz im Handel, der Fertigung und dem Gesundheitswesen<\/li>\n<li>Induktives Laden erh\u00f6ht die Zuverl\u00e4ssigkeit und maximiert den ROI<\/li>\n<li>2.550 mAh Akku f\u00fcr bis zu 80 Stunden Dauereinsatz, desinfektionsmittelbest\u00e4ndiges Geh\u00e4use<\/li>\n<li>Bis zu 100 Meter Reichweite dank Bluetooth 4.0<\/li>\n<li>Patentierte \u00bbGreen Spot\u00ab Technologie und 3GL bieten maximales visuelles Feedback<\/li>\n<\/ul>\n","protected":false},"featured_media":987,"template":"page-sidebar-left.php","meta":[],"product_brand":[],"product_cat":[42,18],"product_tag":[53],"class_list":{"0":"post-984","1":"product","2":"type-product","3":"status-publish","4":"has-post-thumbnail","6":"product_cat-datalogic","7":"product_cat-handscanner","8":"product_tag-datalogic","10":"first","11":"instock","12":"virtual","13":"product-type-simple"},"translation":{"provider":"WPGlobus","version":"3.0.2","language":"en","enabled_languages":["de","en"],"languages":{"de":{"title":true,"content":true,"excerpt":true},"en":{"title":false,"content":false,"excerpt":false}}},"_links":{"self":[{"href":"https:\/\/www.highway-gmbh.de\/en\/wp-json\/wp\/v2\/product\/984","targetHints":{"allow":["GET"]}}],"collection":[{"href":"https:\/\/www.highway-gmbh.de\/en\/wp-json\/wp\/v2\/product"}],"about":[{"href":"https:\/\/www.highway-gmbh.de\/en\/wp-json\/wp\/v2\/types\/product"}],"wp:featuredmedia":[{"embeddable":true,"href":"https:\/\/www.highway-gmbh.de\/en\/wp-json\/wp\/v2\/media\/987"}],"wp:attachment":[{"href":"https:\/\/www.highway-gmbh.de\/en\/wp-json\/wp\/v2\/media?parent=984"}],"wp:term":[{"taxonomy":"product_brand","embeddable":true,"href":"https:\/\/www.highway-gmbh.de\/en\/wp-json\/wp\/v2\/product_brand?post=984"},{"taxonomy":"product_cat","embeddable":true,"href":"https:\/\/www.highway-gmbh.de\/en\/wp-json\/wp\/v2\/product_cat?post=984"},{"taxonomy":"product_tag","embeddable":true,"href":"https:\/\/www.highway-gmbh.de\/en\/wp-json\/wp\/v2\/product_tag?post=984"}],"curies":[{"name":"wp","href":"https:\/\/api.w.org\/{rel}","templated":true}]}}