{"id":974,"date":"2021-05-17T13:58:03","date_gmt":"2021-05-17T11:58:03","guid":{"rendered":"https:\/\/highwaygmbh.de\/highway\/?post_type=product&#038;p=974"},"modified":"2021-05-17T16:43:03","modified_gmt":"2021-05-17T14:43:03","slug":"rida-dbt6400-hc","status":"publish","type":"product","link":"https:\/\/www.highway-gmbh.de\/en\/produkte\/handscanner\/datalogic\/rida-dbt6400-hc\/","title":{"rendered":"RIDA DBT6400-HC"},"content":{"rendered":"<h1 id=\"jt_sr_headline\">Datalogic RIDA DBT6400-HC<\/h1>\n<h2 id=\"jt_sr_subline\">Mobiler Barcodescanner f\u00fcr den Gesundheitsbereich<\/h2>\n<p>Datalogics RIDA DBT6400-HC ist optimal f\u00fcr den Einsatz in der Gesundheitsbranche geeignet \u2013 unter anderem auch aufgrund seines kompakten Formats: Der gerade einmal 85 Gramm (mit Akku) leichte Miniscanner passt bequem in die Tasche der regul\u00e4ren Klinik- und Pflegekleidung. Er erfasst 1D- und 2D-Barcodes schnell und zuverl\u00e4ssig, selbst dann, wenn sie besch\u00e4digt oder verblasst sind. Dar\u00fcber hinaus liest er auch Barcodes von Displays und Monitoren. Via Bluetooth 4.0 verbindet er sich mit iOS-, Windows- und Android-Mobilger\u00e4ten. Sollten diese au\u00dfer Reichweite sein, bewahrt der integrierte Batch-Speicher bis zu 2.000 Barcodes auf, um sie bei der n\u00e4chsten Verbindung zu \u00fcbertragen.<\/p>\n<p>Das Geh\u00e4use des RIDA DBT6400-HC ist optimal an die hohen Anforderungen der Gesundheitsbranche angepasst: Er l\u00e4sst sich auch mit aggressiven Reinigungs- und Desinfektionsmitteln s\u00e4ubern (zertifiziert nach ISO22196) und \u00fcbersteht St\u00fcrze aus bis zu 1,5 Metern. Hinzu kommt eine antimikrobielle Beschichtung, die in den Krankenh\u00e4usern, Pflegeeinrichtungen und Praxen effektiv zu einer keimfreien Arbeitsumgebung beitr\u00e4gt.<\/p>\n<h3><a href=\"https:\/\/www.highway-gmbh.de\/wp-content\/uploads\/datalogic_rida-hc.pdf\">Datenblatt RIDA DBT6400-HC<\/a><\/h3>\n<p>&nbsp;<\/p>\n","protected":false},"excerpt":{"rendered":"<ul>\n<li>2D-Miniatur-Barcodeleser f\u00fcr den mobilen Einsatz im Gesundheitswesen<\/li>\n<li>Vollwertiger Hochleistungs-Area-Imager f\u00fcr 1D- und 2D-Barcodes<\/li>\n<li>Bluetooth-Pairing mit iOS-, Android- und Windows-Mobilger\u00e4ten<\/li>\n<li>Antimikrobielles und reinigungsmittelbest\u00e4ndiges Geh\u00e4use<\/li>\n<li>Kein Datenverlust bei Verbindungsabbruch: Batch-Speicher f\u00fcr 2.000 Barcodes<\/li>\n<\/ul>\n","protected":false},"featured_media":976,"template":"page-sidebar-left.php","meta":[],"product_brand":[],"product_cat":[42,18],"product_tag":[53],"class_list":{"0":"post-974","1":"product","2":"type-product","3":"status-publish","4":"has-post-thumbnail","6":"product_cat-datalogic","7":"product_cat-handscanner","8":"product_tag-datalogic","10":"first","11":"instock","12":"virtual","13":"product-type-simple"},"translation":{"provider":"WPGlobus","version":"3.0.2","language":"en","enabled_languages":["de","en"],"languages":{"de":{"title":true,"content":true,"excerpt":true},"en":{"title":false,"content":false,"excerpt":false}}},"_links":{"self":[{"href":"https:\/\/www.highway-gmbh.de\/en\/wp-json\/wp\/v2\/product\/974","targetHints":{"allow":["GET"]}}],"collection":[{"href":"https:\/\/www.highway-gmbh.de\/en\/wp-json\/wp\/v2\/product"}],"about":[{"href":"https:\/\/www.highway-gmbh.de\/en\/wp-json\/wp\/v2\/types\/product"}],"wp:featuredmedia":[{"embeddable":true,"href":"https:\/\/www.highway-gmbh.de\/en\/wp-json\/wp\/v2\/media\/976"}],"wp:attachment":[{"href":"https:\/\/www.highway-gmbh.de\/en\/wp-json\/wp\/v2\/media?parent=974"}],"wp:term":[{"taxonomy":"product_brand","embeddable":true,"href":"https:\/\/www.highway-gmbh.de\/en\/wp-json\/wp\/v2\/product_brand?post=974"},{"taxonomy":"product_cat","embeddable":true,"href":"https:\/\/www.highway-gmbh.de\/en\/wp-json\/wp\/v2\/product_cat?post=974"},{"taxonomy":"product_tag","embeddable":true,"href":"https:\/\/www.highway-gmbh.de\/en\/wp-json\/wp\/v2\/product_tag?post=974"}],"curies":[{"name":"wp","href":"https:\/\/api.w.org\/{rel}","templated":true}]}}