{"id":971,"date":"2021-05-17T13:52:46","date_gmt":"2021-05-17T11:52:46","guid":{"rendered":"https:\/\/highwaygmbh.de\/highway\/?post_type=product&#038;p=971"},"modified":"2021-05-17T16:43:03","modified_gmt":"2021-05-17T14:43:03","slug":"rida-dbt6400","status":"publish","type":"product","link":"https:\/\/www.highway-gmbh.de\/en\/produkte\/handscanner\/datalogic\/rida-dbt6400\/","title":{"rendered":"RIDA DBT6400"},"content":{"rendered":"<h1 id=\"jt_sr_headline\">Datalogic RIDA DBT6400<\/h1>\n<h2 id=\"jt_sr_subline\">Mobiler Barcodescanner im Taschenformat<\/h2>\n<p>Der mobile Area-Imager RIDA DBT6400 von Datalogic punktet mit seinem praktischen Hosentaschenformat und bietet schnelle und zuverl\u00e4ssige Erfassung von 1D- und 2D-Barcodes aus bis zu 40 cm Entfernung. Dank seinem ergonomischen Design liegt der Miniscanner sehr gut in der Hand und wiegt auch mit Batterie lediglich 85 Gramm. Das macht ihn \u00fcber den ganzen Tag zu dem perfekten Begleiter bei der Datenerfassung im Kleinlager, Einzelhandel oder am Mobile-POS. Die einfache Pairing-Funktion des RIDA gew\u00e4hrleistet den plattform\u00fcbergreifenden Aufbau einer schnellen und zuverl\u00e4ssigen Bluetooth-Verbindung \u2013 zu klassischen station\u00e4ren Hostsystemen sowie zu iOS-, Android- oder Windows-Mobilger\u00e4ten. Im Fall eines Verbindungsabbruchs nimmt der integrierte Batch-Speicher bis zu 2.000 Barcodes auf. Damit agieren Anwender problemlos auch au\u00dferhalb der Reichweite \u2013 ganz ohne Datenverlust.<\/p>\n<p>Der kompakte Mobilscanner erfasst auch ausgeblichene, besch\u00e4digte und schwer lesbare Barcodes souver\u00e4n \u2013 ob gedruckt oder auf einem Display. Zudem verf\u00fcgt er \u00fcber ein einzigartiges Vierfachfeedback, das klar und deutlich jede erfolgreiche Erfassung signalisiert. Es besteht aus einem deutlichen Ton, LED im Sichtfeld, Vibration und dem patentierten Green Spot auf dem gescannten Barcode. Der Scanner zeichnet sich au\u00dferdem durch sein auf ruhigem, wei\u00dfem Licht basierenden Beleuchtungssystem sowie der Vierpunkt-Zielmarkierung aus, die den Anwender beim Zielen unterst\u00fctzt.<\/p>\n<p>Ausgestattet mit einem Lithium-Ion 700 mAh starken Akku bleibt der RIDA DBT6400 bis zu 5 Stunden einsatzbereit und erfasst mit einer Ladung mehr als 3.000 Codes. Aufgeladen wird er \u00fcber die Basisstation oder ein Micro-USB Kabel.<\/p>\n<p>Datalogic bietet den RIDA DBT6400 auch als Healthcare-Variante mit einem desinfizierbaren, antimikrobiellen Geh\u00e4use an. Zusammen mit dem geringen Gewicht und der kompakten Gr\u00f6\u00dfe eignet sich diese Version besonders f\u00fcr die Anwendung im Pflegebereich, in Krankenh\u00e4usern und Laboren.<\/p>\n<p>\u00dcber die Serviceangebote von Datalogics \u00bbEASEOFCARE\u00ab erh\u00e4lt der mobile Area-Imager umfassenden Investitionsschutz. Zudem wird dadurch die Produktivit\u00e4t und der ROI auf das Maximum erh\u00f6ht<\/p>\n<p><a href=\"https:\/\/www.highway-gmbh.de\/wp-content\/uploads\/datalogic_rida.pdf\">Datenblatt RIDA DBT6400<\/a><\/p>\n<p>&nbsp;<\/p>\n","protected":false},"excerpt":{"rendered":"<ul>\n<li>Handlicher Miniscanner f\u00fcr mobilen Einsatz mit Tablet und Co.<\/li>\n<li>Vollwertiger high-end Area Imager f\u00fcr 1D- und 2D-Barcodes<\/li>\n<li>Kompatibel mit Android-, iOS- und Windows-Mobilger\u00e4ten<\/li>\n<li>Mehr Datensicherheit dank Batch-Modus (Speicher f\u00fcr 2.000 Barcodes)<\/li>\n<li>Liest zuverl\u00e4ssig auch Barcodes auf Displays und Monitoren<\/li>\n<\/ul>\n","protected":false},"featured_media":973,"template":"page-sidebar-left.php","meta":[],"product_brand":[],"product_cat":[42,18],"product_tag":[53],"class_list":{"0":"post-971","1":"product","2":"type-product","3":"status-publish","4":"has-post-thumbnail","6":"product_cat-datalogic","7":"product_cat-handscanner","8":"product_tag-datalogic","10":"first","11":"instock","12":"virtual","13":"product-type-simple"},"translation":{"provider":"WPGlobus","version":"3.0.2","language":"en","enabled_languages":["de","en"],"languages":{"de":{"title":true,"content":true,"excerpt":true},"en":{"title":false,"content":false,"excerpt":false}}},"_links":{"self":[{"href":"https:\/\/www.highway-gmbh.de\/en\/wp-json\/wp\/v2\/product\/971","targetHints":{"allow":["GET"]}}],"collection":[{"href":"https:\/\/www.highway-gmbh.de\/en\/wp-json\/wp\/v2\/product"}],"about":[{"href":"https:\/\/www.highway-gmbh.de\/en\/wp-json\/wp\/v2\/types\/product"}],"wp:featuredmedia":[{"embeddable":true,"href":"https:\/\/www.highway-gmbh.de\/en\/wp-json\/wp\/v2\/media\/973"}],"wp:attachment":[{"href":"https:\/\/www.highway-gmbh.de\/en\/wp-json\/wp\/v2\/media?parent=971"}],"wp:term":[{"taxonomy":"product_brand","embeddable":true,"href":"https:\/\/www.highway-gmbh.de\/en\/wp-json\/wp\/v2\/product_brand?post=971"},{"taxonomy":"product_cat","embeddable":true,"href":"https:\/\/www.highway-gmbh.de\/en\/wp-json\/wp\/v2\/product_cat?post=971"},{"taxonomy":"product_tag","embeddable":true,"href":"https:\/\/www.highway-gmbh.de\/en\/wp-json\/wp\/v2\/product_tag?post=971"}],"curies":[{"name":"wp","href":"https:\/\/api.w.org\/{rel}","templated":true}]}}