{"id":968,"date":"2021-05-17T13:47:26","date_gmt":"2021-05-17T11:47:26","guid":{"rendered":"https:\/\/highwaygmbh.de\/highway\/?post_type=product&#038;p=968"},"modified":"2021-05-17T16:43:04","modified_gmt":"2021-05-17T14:43:04","slug":"heron-hd3430","status":"publish","type":"product","link":"https:\/\/www.highway-gmbh.de\/en\/produkte\/handscanner\/datalogic\/heron-hd3430\/","title":{"rendered":"Heron | HD3430"},"content":{"rendered":"<h1 id=\"jt_sr_headline\">Datalogic Heron HD3430<\/h1>\n<h2 id=\"jt_sr_subline\">Formsch\u00f6ner 2D-Area-Imager f\u00fcr den modernen Point-of-Sale<\/h2>\n<p>Der 2D Area-Imager Datalogic Heron HD3430 setzt neben einer Barcodeerfassung im Hochleistungssegment auch auf ein komplett individualisierbares Konzept: Die LED-Beleuchtung oben und an den Seiten programmieren Sie ganz nach Wunsch. Bei entsprechender St\u00fcckzahl erhalten Sie au\u00dferdem das Topcover passend zur Marke und platzieren auch ein Logo gut sichtbar auf dem Scanner. Mit seiner einfachen Bedienung und guten ergonomischen Eigenschaften ist er im Mode- und Fachhandel genauso beliebt wie in B\u00fcroanwendungen.<\/p>\n<p>Der Heron HD3430 zeichnet sich aus durch au\u00dfergew\u00f6hnlich hohe Leseleistung und Pr\u00e4zision beim Erfassen von 1D-, 2D-, Post-, Stapel sowie Composite-Codes. Dank integrierter Bilderfassungsfunktion k\u00f6nnen auch ganze Dokumente erfasst und in den Formaten BMP, JPEG oder TIFF im Grauton schnell und zuverl\u00e4ssig digital abgelegt werden. Datalogics patentierte \u00bbGreen-Spot\u00ab Technologie erleichtert die Barcodeerfassung, die frei programmierbaren polyphonischen Lautsprecher geben eine individuelle Note. Der mitgelieferte Standfu\u00df gew\u00e4hrleistet auch einfachen Freihandbetrieb und f\u00fcgt sich mit dem Scanner zu einem eleganten Gesamtbild am POS.<\/p>\n<h3><a href=\"https:\/\/www.highway-gmbh.de\/wp-content\/uploads\/datalogic_heron_hd3430.pdf\">Datenblatt Heron HD3430<\/a><\/h3>\n","protected":false},"excerpt":{"rendered":"<ul>\n<li>Leistungsstarker 2D Area-Imager im eleganten Design<\/li>\n<li>Komplett individualisierbar: farbige LED-Beleuchtung, Geh\u00e4use und Tonwiedergabe<\/li>\n<li>Bietet effiziente Barcode- und Bilderfassung verbunden mit hoher Ergonomie<\/li>\n<li>Einfacher Anschluss dank Multi-Interface: USB, RS-232 und Tastaturweiche<\/li>\n<li>Schon bei geringer Abnahmemenge mit eigenem Logo erh\u00e4ltlich<\/li>\n<\/ul>\n","protected":false},"featured_media":970,"template":"page-sidebar-left.php","meta":[],"product_brand":[],"product_cat":[42,18],"product_tag":[53],"class_list":{"0":"post-968","1":"product","2":"type-product","3":"status-publish","4":"has-post-thumbnail","6":"product_cat-datalogic","7":"product_cat-handscanner","8":"product_tag-datalogic","10":"first","11":"instock","12":"virtual","13":"product-type-simple"},"translation":{"provider":"WPGlobus","version":"3.0.2","language":"en","enabled_languages":["de","en"],"languages":{"de":{"title":true,"content":true,"excerpt":true},"en":{"title":false,"content":false,"excerpt":false}}},"_links":{"self":[{"href":"https:\/\/www.highway-gmbh.de\/en\/wp-json\/wp\/v2\/product\/968","targetHints":{"allow":["GET"]}}],"collection":[{"href":"https:\/\/www.highway-gmbh.de\/en\/wp-json\/wp\/v2\/product"}],"about":[{"href":"https:\/\/www.highway-gmbh.de\/en\/wp-json\/wp\/v2\/types\/product"}],"wp:featuredmedia":[{"embeddable":true,"href":"https:\/\/www.highway-gmbh.de\/en\/wp-json\/wp\/v2\/media\/970"}],"wp:attachment":[{"href":"https:\/\/www.highway-gmbh.de\/en\/wp-json\/wp\/v2\/media?parent=968"}],"wp:term":[{"taxonomy":"product_brand","embeddable":true,"href":"https:\/\/www.highway-gmbh.de\/en\/wp-json\/wp\/v2\/product_brand?post=968"},{"taxonomy":"product_cat","embeddable":true,"href":"https:\/\/www.highway-gmbh.de\/en\/wp-json\/wp\/v2\/product_cat?post=968"},{"taxonomy":"product_tag","embeddable":true,"href":"https:\/\/www.highway-gmbh.de\/en\/wp-json\/wp\/v2\/product_tag?post=968"}],"curies":[{"name":"wp","href":"https:\/\/api.w.org\/{rel}","templated":true}]}}