{"id":965,"date":"2021-05-17T13:43:19","date_gmt":"2021-05-17T11:43:19","guid":{"rendered":"https:\/\/highwaygmbh.de\/highway\/?post_type=product&#038;p=965"},"modified":"2021-05-17T16:43:04","modified_gmt":"2021-05-17T14:43:04","slug":"heron-hd3130","status":"publish","type":"product","link":"https:\/\/www.highway-gmbh.de\/en\/produkte\/handscanner\/datalogic\/heron-hd3130\/","title":{"rendered":"Heron | HD3130"},"content":{"rendered":"<h1 id=\"jt_sr_headline\">Datalogic Heron HD3130<\/h1>\n<h2 id=\"jt_sr_subline\">Eleganter 1D-Imager f\u00fcr den Kassenplatz<\/h2>\n<p>Eleganz in Verbindung mit Top-Performance &#8211; das bietet der 1D Linear Imager Heron HD3100 von Datalogic. Mit seiner einfachen Bedienung und guten ergonomischen Eigenschaften ist er im Einzelhandel genauso beliebt wie in B\u00fcroanwendungen. Sein formsch\u00f6nes Geh\u00e4use unterst\u00fctzt ein exklusives Markenimage und passt exzellent in gehobenere Umgebungen. Bei der Individualisierung sind kaum Grenzen gesetzt: Bei entsprechender St\u00fcckzahl erhalten Sie das Topcover passend zur Marke und platzieren auch ein Logo gut sichtbar auf dem Scanner. Die schicke LED-Beleuchtung an den Seiten und oben programmieren Sie ebenfalls individuell ganz nach Wunsch.<\/p>\n<p>Der Heron baut auf das Konzept des instinktiven Leseabstands: optimale Leseleistungen von Kontakt bis 60 cm Abstand vom Barcode. Datalogics patentierte \u00bbGreen-Spot\u00ab Technologie sowie die individuell programmierbaren polyphonischen Lautsprecher erleichtern die Barcodeerfassung erheblich. Der mitgelieferte Standfu\u00df des Heron gew\u00e4hrleistet auch einfachen Freihandbetrieb und f\u00fcgt sich mit dem Scanner zu einem eleganten Gesamtbild am POS. F\u00fcnf Jahre Gew\u00e4hrleistung geben Ihnen Sicherheit und versprechen lange Einsatzzeiten.<\/p>\n<h3><a href=\"https:\/\/www.highway-gmbh.de\/wp-content\/uploads\/datalogic_heron_hd3100.pdf\">Datenblatt Heron HD3130<\/a><\/h3>\n","protected":false},"excerpt":{"rendered":"<ul>\n<li>Formsch\u00f6ner Linear Imager f\u00fcr alle 1D-Barcodes<\/li>\n<li>Komplett individualisierbar: farbige LED-Beleuchtung, Geh\u00e4use und Tonwiedergabe<\/li>\n<li>Starke Leserate und hohe Ergonomie<\/li>\n<li>Einfacher Anschluss dank Multi-Interface: USB, RS-232 und Tastaturweiche<\/li>\n<li>Patentierte \u00bbGreen-Spot\u00ab Lesebest\u00e4tigung erleichtert die Erfassung<\/li>\n<\/ul>\n","protected":false},"featured_media":967,"template":"page-sidebar-left.php","meta":[],"product_brand":[],"product_cat":[42,18],"product_tag":[53],"class_list":{"0":"post-965","1":"product","2":"type-product","3":"status-publish","4":"has-post-thumbnail","6":"product_cat-datalogic","7":"product_cat-handscanner","8":"product_tag-datalogic","10":"first","11":"instock","12":"virtual","13":"product-type-simple"},"translation":{"provider":"WPGlobus","version":"3.0.2","language":"en","enabled_languages":["de","en"],"languages":{"de":{"title":true,"content":true,"excerpt":true},"en":{"title":false,"content":false,"excerpt":false}}},"_links":{"self":[{"href":"https:\/\/www.highway-gmbh.de\/en\/wp-json\/wp\/v2\/product\/965","targetHints":{"allow":["GET"]}}],"collection":[{"href":"https:\/\/www.highway-gmbh.de\/en\/wp-json\/wp\/v2\/product"}],"about":[{"href":"https:\/\/www.highway-gmbh.de\/en\/wp-json\/wp\/v2\/types\/product"}],"wp:featuredmedia":[{"embeddable":true,"href":"https:\/\/www.highway-gmbh.de\/en\/wp-json\/wp\/v2\/media\/967"}],"wp:attachment":[{"href":"https:\/\/www.highway-gmbh.de\/en\/wp-json\/wp\/v2\/media?parent=965"}],"wp:term":[{"taxonomy":"product_brand","embeddable":true,"href":"https:\/\/www.highway-gmbh.de\/en\/wp-json\/wp\/v2\/product_brand?post=965"},{"taxonomy":"product_cat","embeddable":true,"href":"https:\/\/www.highway-gmbh.de\/en\/wp-json\/wp\/v2\/product_cat?post=965"},{"taxonomy":"product_tag","embeddable":true,"href":"https:\/\/www.highway-gmbh.de\/en\/wp-json\/wp\/v2\/product_tag?post=965"}],"curies":[{"name":"wp","href":"https:\/\/api.w.org\/{rel}","templated":true}]}}