{"id":955,"date":"2021-05-17T13:05:48","date_gmt":"2021-05-17T11:05:48","guid":{"rendered":"https:\/\/highwaygmbh.de\/highway\/?post_type=product&#038;p=955"},"modified":"2021-05-17T16:43:04","modified_gmt":"2021-05-17T14:43:04","slug":"zt600-serie","status":"publish","type":"product","link":"https:\/\/www.highway-gmbh.de\/en\/produkte\/drucker\/tt-td-etikettendrucker\/zebra\/zt600-serie\/","title":{"rendered":"ZT600 Serie"},"content":{"rendered":"<div class=\"text\">\n<div class=\"template-text\">\n<h1 id=\"jt_sr_headline\">Zebra ZT600 Serie<\/h1>\n<h2 id=\"jt_sr_subline\">Industriedrucker f\u00fcr h\u00e4rteste Bedingungen<\/h2>\n<p>Zebras Industrie-Etikettendrucker der ZT600-Serie sind ideal, wenn Sie echte Arbeitstiere f\u00fcr sehr hohe Druckaufkommen suchen. Je nach Anforderung stehen verschiedene erprobte Modelle zur Verf\u00fcgung: Der ZT610, beispielsweise, druckt Etiketten von 104 mm Breite bei einer H\u00f6chstgeschwindigkeit von 356 mm\/Sek., der ZT620 schafft 168 mm Breite bei 305 mm\/Sek. Die h\u00f6chste Druckaufl\u00f6sung betr\u00e4gt beim ZT620 300 dpi, beim ZT610 sogar gestochen scharfe 600 dpi \u2013 zum Druck von Mikroetiketten in 3 mm Gr\u00f6\u00dfe, etwa f\u00fcr die Beschriftung von Mikrochips oder Schaltkreisen. Dank Link-OS Cloud Connect verbinden Sie jeden Drucker dieser Serie m\u00fchelos mit dem Netzwerk vor Ort oder aus der Cloud.<\/p>\n<p>Mit der ZT600-Serie sind Sie bereit f\u00fcr die Zukunft: Von der Leistung \u00fcber die intuitive Bedienung dank optionalem Touch-Farbdisplay bis hin zu den robusten Vollmetall-Komponenten sind diese langlebigen Etikettendrucker in jeder Hinsicht auf die harten Anforderungen der Industrie ausgelegt \u2013 nicht nur von heute, sondern auch von morgen. Hier \u00fcberzeugt durchdachtes Design, zum Beispiel die interne K\u00fchlung: Da weder L\u00fcftungsschlitze noch L\u00fcfter integriert sind, dringt weniger Staub ins Ger\u00e4t ein, was den Wartungsbedarf erheblich reduziert.<\/p>\n<h3><a href=\"https:\/\/www.highway-gmbh.de\/wp-content\/uploads\/zebra_zt600.pdf\">Datenblatt ZT600 Serie<\/a><\/h3>\n<\/div>\n<\/div>\n","protected":false},"excerpt":{"rendered":"<ul>\n<li>Leistungsstarker und langlebiger Industrie-Etikettendrucker<\/li>\n<li>Robustes Metallgeh\u00e4use f\u00fcr raue Arbeitsumgebungen<\/li>\n<li>Top-Geschwindigkeit: bis zu 356 mm\/Sek.<\/li>\n<li>Einfaches Verbinden dank Link-OS Cloud Connect<\/li>\n<li>Optionale Farb-Touchscreen-Version f\u00fcr eine native Navigation<\/li>\n<\/ul>\n","protected":false},"featured_media":957,"template":"page-sidebar-left.php","meta":[],"product_brand":[],"product_cat":[36,40,41],"product_tag":[51],"class_list":{"0":"post-955","1":"product","2":"type-product","3":"status-publish","4":"has-post-thumbnail","6":"product_cat-drucker","7":"product_cat-tt-td-etikettendrucker","8":"product_cat-zebra","9":"product_tag-thermotransferdrucker","11":"first","12":"instock","13":"virtual","14":"product-type-simple"},"translation":{"provider":"WPGlobus","version":"3.0.2","language":"en","enabled_languages":["de","en"],"languages":{"de":{"title":true,"content":true,"excerpt":true},"en":{"title":false,"content":false,"excerpt":false}}},"_links":{"self":[{"href":"https:\/\/www.highway-gmbh.de\/en\/wp-json\/wp\/v2\/product\/955","targetHints":{"allow":["GET"]}}],"collection":[{"href":"https:\/\/www.highway-gmbh.de\/en\/wp-json\/wp\/v2\/product"}],"about":[{"href":"https:\/\/www.highway-gmbh.de\/en\/wp-json\/wp\/v2\/types\/product"}],"wp:featuredmedia":[{"embeddable":true,"href":"https:\/\/www.highway-gmbh.de\/en\/wp-json\/wp\/v2\/media\/957"}],"wp:attachment":[{"href":"https:\/\/www.highway-gmbh.de\/en\/wp-json\/wp\/v2\/media?parent=955"}],"wp:term":[{"taxonomy":"product_brand","embeddable":true,"href":"https:\/\/www.highway-gmbh.de\/en\/wp-json\/wp\/v2\/product_brand?post=955"},{"taxonomy":"product_cat","embeddable":true,"href":"https:\/\/www.highway-gmbh.de\/en\/wp-json\/wp\/v2\/product_cat?post=955"},{"taxonomy":"product_tag","embeddable":true,"href":"https:\/\/www.highway-gmbh.de\/en\/wp-json\/wp\/v2\/product_tag?post=955"}],"curies":[{"name":"wp","href":"https:\/\/api.w.org\/{rel}","templated":true}]}}