{"id":952,"date":"2021-05-17T13:01:41","date_gmt":"2021-05-17T11:01:41","guid":{"rendered":"https:\/\/highwaygmbh.de\/highway\/?post_type=product&#038;p=952"},"modified":"2021-05-17T16:43:04","modified_gmt":"2021-05-17T14:43:04","slug":"zt510","status":"publish","type":"product","link":"https:\/\/www.highway-gmbh.de\/en\/produkte\/drucker\/tt-td-etikettendrucker\/zebra\/zt510\/","title":{"rendered":"ZT510"},"content":{"rendered":"<div class=\"text\">\n<div class=\"template-text\">\n<h1 id=\"jt_sr_headline\">Zebra ZT510<\/h1>\n<h2 id=\"jt_sr_subline\">Hochleistungs-Etikettendrucker f\u00fcr die Industrie<\/h2>\n<p>Zebras Industrie-Etikettendrucker ZT510 sind die optimale Wahl, um in der Produktion, im Versand oder im Lager Top-Performance mit niedrigen Kosten zu kombinieren. Er kommt mit allen Kern-Features, die Sie von einem Industriedrucker f\u00fcr mittleres bis hohes Aufkommen erwarten \u2013 ohne Zusatzkosten f\u00fcr unn\u00f6tige Ausstattung. Die Ger\u00e4te produzieren Etiketten mit bis zu 305 mm\/sek. mit einer Aufl\u00f6sung von bis zu 300 dpi, je nach Wahl im Thermodirekt- oder Thermotransferverfahren.<\/p>\n<p>Der ZT510 baut auf den Qualit\u00e4ten des Vorg\u00e4ngers 105SLPlus auf und \u00fcberzeugt durch seine robuste Konstruktion in Verbindung mit 2 GB Flash-Speicher und erweiterten Management-M\u00f6glichkeiten. Hinzu kommen eine hohe Zuverl\u00e4ssigkeit und lange Lebensdauer, die Unterbrechungen im Prozessablauf auf ein Minimum reduzieren. Mit diversen Zubeh\u00f6roptionen passen Sie den Drucker individuell an und f\u00fcgen ihn dank Link-OS Cloud Connect m\u00fchelos in bestehende Infrastrukturen ein. Mit dem ZT510 sind Sie f\u00fcr alle Herausforderungen der kommenden Jahre ger\u00fcstet.<\/p>\n<h3><a href=\"https:\/\/www.highway-gmbh.de\/wp-content\/uploads\/zebra_zt500.pdf\">Datenblatt ZT510<\/a><\/h3>\n<\/div>\n<\/div>\n<p>&nbsp;<\/p>\n","protected":false},"excerpt":{"rendered":"<ul>\n<li>Industrie-Etikettendrucker f\u00fcr Top-Leistung<\/li>\n<li>104 mm Druckbreite, Bildqualit\u00e4t bis zu 300 dpi<\/li>\n<li>Produziert Etiketten in Hochgeschwindigkeit: bis zu 305 mm\/sek.<\/li>\n<li>Einfaches Management aus dem Netzwerk dank Link-OS Cloud Connect<\/li>\n<li>Vielzahl von Verbindungsoptionen zur flexiblen Konfiguration m\u00f6glich<\/li>\n<\/ul>\n","protected":false},"featured_media":959,"template":"page-sidebar-left.php","meta":[],"product_brand":[],"product_cat":[36,40,41],"product_tag":[51],"class_list":{"0":"post-952","1":"product","2":"type-product","3":"status-publish","4":"has-post-thumbnail","6":"product_cat-drucker","7":"product_cat-tt-td-etikettendrucker","8":"product_cat-zebra","9":"product_tag-thermotransferdrucker","11":"first","12":"instock","13":"virtual","14":"product-type-simple"},"translation":{"provider":"WPGlobus","version":"3.0.2","language":"en","enabled_languages":["de","en"],"languages":{"de":{"title":true,"content":true,"excerpt":true},"en":{"title":false,"content":false,"excerpt":false}}},"_links":{"self":[{"href":"https:\/\/www.highway-gmbh.de\/en\/wp-json\/wp\/v2\/product\/952","targetHints":{"allow":["GET"]}}],"collection":[{"href":"https:\/\/www.highway-gmbh.de\/en\/wp-json\/wp\/v2\/product"}],"about":[{"href":"https:\/\/www.highway-gmbh.de\/en\/wp-json\/wp\/v2\/types\/product"}],"wp:featuredmedia":[{"embeddable":true,"href":"https:\/\/www.highway-gmbh.de\/en\/wp-json\/wp\/v2\/media\/959"}],"wp:attachment":[{"href":"https:\/\/www.highway-gmbh.de\/en\/wp-json\/wp\/v2\/media?parent=952"}],"wp:term":[{"taxonomy":"product_brand","embeddable":true,"href":"https:\/\/www.highway-gmbh.de\/en\/wp-json\/wp\/v2\/product_brand?post=952"},{"taxonomy":"product_cat","embeddable":true,"href":"https:\/\/www.highway-gmbh.de\/en\/wp-json\/wp\/v2\/product_cat?post=952"},{"taxonomy":"product_tag","embeddable":true,"href":"https:\/\/www.highway-gmbh.de\/en\/wp-json\/wp\/v2\/product_tag?post=952"}],"curies":[{"name":"wp","href":"https:\/\/api.w.org\/{rel}","templated":true}]}}