{"id":936,"date":"2023-06-09T10:30:02","date_gmt":"2023-06-09T08:30:02","guid":{"rendered":"https:\/\/highwaygmbh.de\/highway\/?post_type=product&#038;p=936"},"modified":"2023-06-19T14:15:41","modified_gmt":"2023-06-19T12:15:41","slug":"zd621","status":"publish","type":"product","link":"https:\/\/www.highway-gmbh.de\/en\/produkte\/drucker\/tt-td-etikettendrucker\/zebra\/zd621\/","title":{"rendered":"Zebra ZD621"},"content":{"rendered":"<div class=\"text\">\n<div class=\"template-text\">\n<h1 id=\"jt_sr_headline\">Zebra ZD621<\/h1>\n<h2 id=\"jt_sr_subline\">Desktopdrucker f\u00fcr Premium-Etiketten<\/h2>\n<p>Der Premium-Desktopdrucker Zebra ZD621 wurde mit besonderem Hinblick auf den zukunftsf\u00e4higen Qualit\u00e4tsdruck von Etiketten in Handel, Fertigung, Transport und Logistik sowie dem Gesundheitswesen entwickelt. Damit er den unterschiedlichen Anspr\u00fcchen der einzelnen Arbeitsbereiche besser gerecht wird, bietet Zebra ihn als Thermodirekt-, Thermotransfer-, Healthcare- (ZD621-HC) und RFID-Modell (ZD621R) an. Alle Modell-Varianten erreichen eine maximale Druckgeschwindigkeit von 203 mm\/Sek. bei einer Aufl\u00f6sung von 203 dpi oder 152 mm\/Sek. bei 300 dpi.<\/p>\n<p>Eine einfache und bequeme Bedienung wird standardm\u00e4\u00dfig (Healthcare- und RFID-Modell) oder optional (Thermodirekt- und Thermotransfer-Modell) \u00fcber das leicht bedienbare 4,3&#8243;-Vollfarb-LCD-Touchdisplay mit intuitiver Men\u00fcf\u00fchrung sichergestellt. Drei zus\u00e4tzliche Bedientasten und f\u00fcnf integrierte LEDs zur Statusanzeige vereinfachen die Nutzung des ZD621 zus\u00e4tzlich.<\/p>\n<p>Zur weiteren Ausstattung des zukunftsf\u00e4higen Desktopdruckers geh\u00f6ren eine optionale Akkufunktion, 256 MB SDRAM und 512 MB Flash. Der bewegliche Mediensensor sorgt f\u00fcr eine hohe Flexibilit\u00e4t und erm\u00f6glicht eine nahezu freie Medienwahl. Au\u00dferdem l\u00e4sst sich der ZD621 dank seiner gro\u00dfen Schnittstellenauswahl ganz einfach integrieren und mit kabelgebundenen oder drahtlosen Netzwerken verbinden. Auch ein direkter Anschluss an einen PC mit Windows, Android oder iOS ist m\u00f6glich. Zu diesen Schnittstellen geh\u00f6ren USB 2.0, ein USB-Host, Ethernet, seriell, Bluetooth Low Energy (BLE) und NFC. Optional stehen auch Wi-Fi 802.11ac und Bluetooth 4.1 zur Verf\u00fcgung.<\/p>\n<p>Unterst\u00fctzt wird der ZD621 von den innovativen Tools der Link-OS-basierten \u00bbPrint DNA Software Suite\u00ab. Dazu geh\u00f6ren unter anderem das Sicherheitstool \u00bbPrintSecure\u00ab oder das Verwaltungstool \u00bbPrinter Profile Manager Enterprise\u00ab. \u00dcber \u00bbVirtual Devices\u00ab lassen sich Druckersprachen emulieren, die normalerweise mit anderen Druckermarken verbunden sind.<\/p>\n<h3><a href=\"https:\/\/www.highway-gmbh.de\/wp-content\/uploads\/zebra_zd621.pdf\">Datenblatt ZD621<\/a><\/h3>\n<\/div>\n<\/div>\n","protected":false},"excerpt":{"rendered":"<ul>\n<li>Desktop-Etikettendrucker f\u00fcr den zukunftsf\u00e4higen Qualit\u00e4tsdruck<\/li>\n<li>Erh\u00e4ltlich als Thermodirekt-, Thermotransfer-, Healthcare- und RFID-Modell<\/li>\n<li>Max. Druckgeschwindigkeit: 203 mm\/Sek. (203 dpi) oder 152 mm\/Sek. (300 dpi)<\/li>\n<li>Vollfarbiges 4,3&#8243;-LCD-Touchdisplay mit intuitiver Men\u00fcf\u00fchrung<\/li>\n<li>Beweglicher Mediensensor, 256 MB SDRAM und 512 MB Flash<\/li>\n<\/ul>\n","protected":false},"featured_media":938,"template":"page-sidebar-left.php","meta":[],"product_brand":[],"product_cat":[36,40,41],"product_tag":[51],"class_list":{"0":"post-936","1":"product","2":"type-product","3":"status-publish","4":"has-post-thumbnail","6":"product_cat-drucker","7":"product_cat-tt-td-etikettendrucker","8":"product_cat-zebra","9":"product_tag-thermotransferdrucker","11":"first","12":"instock","13":"virtual","14":"product-type-simple"},"translation":{"provider":"WPGlobus","version":"3.0.2","language":"en","enabled_languages":["de","en"],"languages":{"de":{"title":true,"content":true,"excerpt":true},"en":{"title":false,"content":false,"excerpt":false}}},"_links":{"self":[{"href":"https:\/\/www.highway-gmbh.de\/en\/wp-json\/wp\/v2\/product\/936","targetHints":{"allow":["GET"]}}],"collection":[{"href":"https:\/\/www.highway-gmbh.de\/en\/wp-json\/wp\/v2\/product"}],"about":[{"href":"https:\/\/www.highway-gmbh.de\/en\/wp-json\/wp\/v2\/types\/product"}],"wp:featuredmedia":[{"embeddable":true,"href":"https:\/\/www.highway-gmbh.de\/en\/wp-json\/wp\/v2\/media\/938"}],"wp:attachment":[{"href":"https:\/\/www.highway-gmbh.de\/en\/wp-json\/wp\/v2\/media?parent=936"}],"wp:term":[{"taxonomy":"product_brand","embeddable":true,"href":"https:\/\/www.highway-gmbh.de\/en\/wp-json\/wp\/v2\/product_brand?post=936"},{"taxonomy":"product_cat","embeddable":true,"href":"https:\/\/www.highway-gmbh.de\/en\/wp-json\/wp\/v2\/product_cat?post=936"},{"taxonomy":"product_tag","embeddable":true,"href":"https:\/\/www.highway-gmbh.de\/en\/wp-json\/wp\/v2\/product_tag?post=936"}],"curies":[{"name":"wp","href":"https:\/\/api.w.org\/{rel}","templated":true}]}}