{"id":933,"date":"2021-05-17T11:34:01","date_gmt":"2021-05-17T09:34:01","guid":{"rendered":"https:\/\/highwaygmbh.de\/highway\/?post_type=product&#038;p=933"},"modified":"2023-08-23T11:16:09","modified_gmt":"2023-08-23T09:16:09","slug":"zd620-hc","status":"publish","type":"product","link":"https:\/\/www.highway-gmbh.de\/en\/produkte\/drucker\/tt-td-etikettendrucker\/zebra\/zd620-hc\/","title":{"rendered":"ZD620-HC"},"content":{"rendered":"<div class=\"text\">\n<div class=\"template-text\">\n<div class=\"headline\">\n<h1 id=\"jt_sr_headline\">Zebra ZD620-HC<\/h1>\n<h2 id=\"jt_sr_subline\">High-Performance-Etikettendrucker f\u00fcr das Gesundheitswesen<\/h2>\n<\/div>\n<p>Ob in der Apotheke, im Krankenhaus oder in der Arztpraxis: Der Etikettendrucker ZD620-HC von Zebra ist optimal auf die hohen Anforderungen des Gesundheitswesens ausgelegt. Sein Geh\u00e4use widersteht selbst aggressiven Desinfektionsmethoden, sogar auf chemischer oder UV-Basis, sodass er ohne Bedenken regelm\u00e4\u00dfig gereinigt werden darf. Dar\u00fcber hinaus sind seine Kn\u00f6pfe versiegelt, um Bakterien oder Keimen keinen R\u00fcckzugsort zu bieten. Der ZD620-HC ist damit optimal geeignet, um Medikamente und Proben mit Etiketten bis 4&#8221; auszuzeichnen.<\/p>\n<p>Trotz einer Geschwindigkeit von 203 mm\/Sek. und gestochen scharfer Druckqualit\u00e4t von 300 dpi \u00fcberzeugt der ZD620-HC mit geringem Einarbeitungsbedarf und hoher Benutzerfreundlichkeit. Dazu tr\u00e4gt auch eine Vielzahl an Verbindungsoptionen bei: Bluetooth, Ethernet, RS-232, USB 2.0 und USB-Host. Zus\u00e4tzlich unterst\u00fctzt er Link-OS und l\u00e4sst sich somit auch via Cloud aus der Ferne verwalten. Zur noch einfacheren Bedienung steht zudem ein optionales 10-Knopf-Interface mit farbigem LCD-Feld zur Auswahl. Der ZD620-HC ist zudem gem\u00e4\u00df ENERGY STAR zertifiziert, was bedeutet: Seine Sparsamkeit schont die Umwelt und zugleich den Geldbeutel des Benutzers.<\/p>\n<h3><a href=\"https:\/\/www.highway-gmbh.de\/wp-content\/uploads\/zebra_zd620-hc.pdf\">Datenblatt ZD620-HC<\/a><\/h3>\n<\/div>\n<\/div>\n<p>&nbsp;<\/p>\n","protected":false},"excerpt":{"rendered":"<ul>\n<li>4&#8221;-Etikettendrucker f\u00fcr Klinik, Labor &amp; Co.<\/li>\n<li>Hygienisch dank desinfektionsmittelbest\u00e4ndigem Geh\u00e4use<\/li>\n<li>Effiziente Verwaltung \u00fcber die Cloud mit Link-OS<\/li>\n<li>300 dpi Druckqualit\u00e4t f\u00fcr optimal lesbare Etiketten<\/li>\n<li>Geringer Energie- und Druckmaterial-Verbrauch gem\u00e4\u00df ENERGY STAR<\/li>\n<\/ul>\n<h3>ABK\u00dcNDIGUNG DES\u00a0 ZEBRA ZD620-HC<\/h3>\n<p>Der Zebra ZD620-HC wird durch den <strong><a href=\"https:\/\/www.highway-gmbh.de\/produkte\/drucker\/tt-td-etikettendrucker\/zebra\/zd621-hc\/\">Nachfolger ZD621-HC<\/a> <\/strong>abgel\u00f6st.<\/p>\n","protected":false},"featured_media":935,"template":"page-sidebar-left.php","meta":[],"product_brand":[],"product_cat":[36,40,41],"product_tag":[51],"class_list":{"0":"post-933","1":"product","2":"type-product","3":"status-publish","4":"has-post-thumbnail","6":"product_cat-drucker","7":"product_cat-tt-td-etikettendrucker","8":"product_cat-zebra","9":"product_tag-thermotransferdrucker","11":"first","12":"instock","13":"virtual","14":"product-type-simple"},"translation":{"provider":"WPGlobus","version":"3.0.2","language":"en","enabled_languages":["de","en"],"languages":{"de":{"title":true,"content":true,"excerpt":true},"en":{"title":false,"content":false,"excerpt":false}}},"_links":{"self":[{"href":"https:\/\/www.highway-gmbh.de\/en\/wp-json\/wp\/v2\/product\/933","targetHints":{"allow":["GET"]}}],"collection":[{"href":"https:\/\/www.highway-gmbh.de\/en\/wp-json\/wp\/v2\/product"}],"about":[{"href":"https:\/\/www.highway-gmbh.de\/en\/wp-json\/wp\/v2\/types\/product"}],"wp:featuredmedia":[{"embeddable":true,"href":"https:\/\/www.highway-gmbh.de\/en\/wp-json\/wp\/v2\/media\/935"}],"wp:attachment":[{"href":"https:\/\/www.highway-gmbh.de\/en\/wp-json\/wp\/v2\/media?parent=933"}],"wp:term":[{"taxonomy":"product_brand","embeddable":true,"href":"https:\/\/www.highway-gmbh.de\/en\/wp-json\/wp\/v2\/product_brand?post=933"},{"taxonomy":"product_cat","embeddable":true,"href":"https:\/\/www.highway-gmbh.de\/en\/wp-json\/wp\/v2\/product_cat?post=933"},{"taxonomy":"product_tag","embeddable":true,"href":"https:\/\/www.highway-gmbh.de\/en\/wp-json\/wp\/v2\/product_tag?post=933"}],"curies":[{"name":"wp","href":"https:\/\/api.w.org\/{rel}","templated":true}]}}