{"id":930,"date":"2021-05-17T11:30:32","date_gmt":"2021-05-17T09:30:32","guid":{"rendered":"https:\/\/highwaygmbh.de\/highway\/?post_type=product&#038;p=930"},"modified":"2023-08-23T11:13:54","modified_gmt":"2023-08-23T09:13:54","slug":"zd620","status":"publish","type":"product","link":"https:\/\/www.highway-gmbh.de\/en\/produkte\/drucker\/tt-td-etikettendrucker\/zebra\/zd620\/","title":{"rendered":"ZD620"},"content":{"rendered":"<div class=\"text\">\n<div class=\"template-text\">\n<h1 id=\"jt_sr_headline\">Zebra ZD620<\/h1>\n<h2 id=\"jt_sr_subline\">Effizienter und unkomplizierter 4&#8221;-Etikettendruck<img loading=\"lazy\" decoding=\"async\" src=\"https:\/\/www.jarltech.com\/2007\/img\/1px.gif\" alt=\"\" width=\"0\" height=\"40\" \/><\/h2>\n<p>Der 4&#8221;-Etikettendrucker ZD620 von Zebra hat vor allem eine Aufgabe: einfachen, effizienten und hochgradig produktiven Etikettendruck. Deshalb wurde er so konzipiert, dass zu seinem Gebrauch so gut wie kein Training n\u00f6tig ist. Auch s\u00e4mtliche Upgrade-Optionen lassen sich vor Ort selbst installieren. Der ZD620 erreicht eine Druckgeschwindigkeit von 203 mm\/Sek, je nach Modell im Thermotransfer- oder Thermodirektverfahren. Die Druckqualit\u00e4t betr\u00e4gt 203 dpi, wahlweise sogar 300 dpi zur Erstellung besonders kleiner Etiketten. Mit seiner hohen Geschwindigkeit sorgt er \u00fcberall dort f\u00fcr den n\u00f6tigen Output, wo hoher Etikettierungsbedarf herrscht \u2013 zum Beispiel im Versand oder bei der Bauteilkennzeichnung. Ein praktischer Medient\u00e4nzerarm sorgt ungeachtet der Geschwindigkeit und Aufl\u00f6sung f\u00fcr gleichbleibenden Zug. Dieser aus dem Industriedruck \u00fcbernommene Mechanismus sorgt bei allen Etiketten f\u00fcr h\u00f6chstm\u00f6gliche Qualit\u00e4t. Der ZD620 ist somit die ideale Wahl f\u00fcr hohes Druckaufkommen mit zuverl\u00e4ssigen Ergebnissen.<\/p>\n<p>Zur Verbindung mit Netzwerk oder PC greift der Drucker auf Bluetooth 4.1 sowie WLAN IEEE 802.11a\/c zur\u00fcck. An Anschl\u00fcssen bringt er Ethernet, RS-232, USB 2.0 und USB-Host mit, und zum einfachen Fernmanagement aus der Cloud unterst\u00fctzt er Link-OS. Standardm\u00e4\u00dfig mit f\u00fcnf Status-LEDs ausgestattet, zeigt der Druckern Anwendern auf einen Blick an, ob Verbrauchsmaterialien nachzuf\u00fcllen oder Probleme zu beheben sind. Ein optionales Display mit 10 Tasten vereinfacht Konfiguration und Bedienung zus\u00e4tzlich, da es bei einer Fehlfunktion sofort zu einer Warnfarbe wechselt. Dar\u00fcber hinaus widersteht das Geh\u00e4use der speziellen Healthcare-Variante des ZD620 chemischen und UV-basierten Desinfektionstechniken \u2013 abgesehen davon, dass die versiegelten Kn\u00f6pfe Keimen ohnehin keinen Unterschlupf bieten. Damit bew\u00e4hrt sich der Drucker auch bei der Auszeichnung von Medikamenten und Proben. Eine 2-j\u00e4hrige Garantie sichert den ZD620 zus\u00e4tzlich ab.<\/p>\n<h3><a href=\"https:\/\/www.highway-gmbh.de\/wp-content\/uploads\/zebra_zd620.pdf\">Datenblatt ZD620<\/a><\/h3>\n<\/div>\n<\/div>\n","protected":false},"excerpt":{"rendered":"<ul>\n<li>Etikettendrucker mit geringem Einarbeitungsbedarf<\/li>\n<li>High-Performance-Modell f\u00fcr hohes Aufkommen<\/li>\n<li>Druckt in bis zu gestochen scharfen 300 dpi<\/li>\n<li>Zahlreiche Anschl\u00fcsse: Ethernet, Serial, USB 2.0 und USB-Host<\/li>\n<li>Desinfektionsbest\u00e4ndige Healthcare-Variante erh\u00e4ltlich<\/li>\n<\/ul>\n<h3>ABK\u00dcNDIGUNG DES\u00a0 ZEBRA ZD620<\/h3>\n<p>Der Zebra ZD620 wird durch den <strong><a href=\"https:\/\/www.highway-gmbh.de\/produkte\/drucker\/tt-td-etikettendrucker\/zebra\/zd621\/\">Nachfolger ZD621<\/a> <\/strong>abgel\u00f6st.<\/p>\n","protected":false},"featured_media":932,"template":"page-sidebar-left.php","meta":[],"product_brand":[],"product_cat":[36,40,41],"product_tag":[51],"class_list":{"0":"post-930","1":"product","2":"type-product","3":"status-publish","4":"has-post-thumbnail","6":"product_cat-drucker","7":"product_cat-tt-td-etikettendrucker","8":"product_cat-zebra","9":"product_tag-thermotransferdrucker","11":"first","12":"instock","13":"virtual","14":"product-type-simple"},"translation":{"provider":"WPGlobus","version":"3.0.2","language":"en","enabled_languages":["de","en"],"languages":{"de":{"title":true,"content":true,"excerpt":true},"en":{"title":false,"content":false,"excerpt":false}}},"_links":{"self":[{"href":"https:\/\/www.highway-gmbh.de\/en\/wp-json\/wp\/v2\/product\/930","targetHints":{"allow":["GET"]}}],"collection":[{"href":"https:\/\/www.highway-gmbh.de\/en\/wp-json\/wp\/v2\/product"}],"about":[{"href":"https:\/\/www.highway-gmbh.de\/en\/wp-json\/wp\/v2\/types\/product"}],"wp:featuredmedia":[{"embeddable":true,"href":"https:\/\/www.highway-gmbh.de\/en\/wp-json\/wp\/v2\/media\/932"}],"wp:attachment":[{"href":"https:\/\/www.highway-gmbh.de\/en\/wp-json\/wp\/v2\/media?parent=930"}],"wp:term":[{"taxonomy":"product_brand","embeddable":true,"href":"https:\/\/www.highway-gmbh.de\/en\/wp-json\/wp\/v2\/product_brand?post=930"},{"taxonomy":"product_cat","embeddable":true,"href":"https:\/\/www.highway-gmbh.de\/en\/wp-json\/wp\/v2\/product_cat?post=930"},{"taxonomy":"product_tag","embeddable":true,"href":"https:\/\/www.highway-gmbh.de\/en\/wp-json\/wp\/v2\/product_tag?post=930"}],"curies":[{"name":"wp","href":"https:\/\/api.w.org\/{rel}","templated":true}]}}