{"id":927,"date":"2021-05-17T11:25:49","date_gmt":"2021-05-17T09:25:49","guid":{"rendered":"https:\/\/highwaygmbh.de\/highway\/?post_type=product&#038;p=927"},"modified":"2023-08-23T11:05:52","modified_gmt":"2023-08-23T09:05:52","slug":"zd500-serie","status":"publish","type":"product","link":"https:\/\/www.highway-gmbh.de\/en\/produkte\/drucker\/tt-td-etikettendrucker\/zebra\/zd500-serie\/","title":{"rendered":"ZD500 Serie"},"content":{"rendered":"<div class=\"text\">\n<div class=\"template-text\">\n<h1 id=\"jt_sr_headline\">Zebra ZD500 Serie<\/h1>\n<h2 id=\"jt_sr_subline\">Der Etikettendrucker mit einfacher Fernwartung<\/h2>\n<p>Der Zebra ZD500 macht den Druck von Klebe- und Anh\u00e4ngeetiketten so einfach wie m\u00f6glich. Er ist damit besonders geeignet f\u00fcr Anwendungen, bei denen kein technischer Support vor Ort ist und der unterbrechungsfreie Betrieb h\u00f6chste Priorit\u00e4t hat. Das Bedrucken von einzelnen Produktetiketten im Einzelhandel funktioniert damit ebenso reibungslos wie die Produktion von Labels im Labor, bei der Fertigung und Teilekennzeichnung sowie die Erstellung von Tickets und Armb\u00e4ndern f\u00fcr Veranstaltungen.<\/p>\n<p>Ausgelegt f\u00fcr eine gro\u00dfe Anzahl unterschiedlicher Medien, drucken Anwender vom kleinen Produktanh\u00e4nger bis zum gro\u00dfen Paletten-Label alles schnell und zuverl\u00e4ssig. Der ZD500 unterst\u00fctzt au\u00dferdem s\u00e4mtliche Link-OS Funktionen. Damit realisieren Sie beispielsweise eine sichere Verbindung zu Serverdaten und nutzen mit entsprechenden Mobilger\u00e4ten per Knopfdruck auch NFC-Funktionen. Auch leistungsstarke Fernwartung und Fehlerbehebung unterst\u00fctzt Link-OS. Die Einbindung in bestehende Umgebungen ist einfach dank standardm\u00e4\u00dfiger RS-232-, USB- und Parallel-Schnittstelle sowie \u00fcber den Ethernet-Port. Optional erhalten Sie Varianten mit WLAN und Bluetooth. Ebenfalls optional stehen Varianten f\u00fcr einfache RFID-Kodierung zu Verf\u00fcgung.<\/p>\n<h3><a href=\"https:\/\/www.highway-gmbh.de\/wp-content\/uploads\/zebra_zd500r.pdf\">Datenblatt ZD500 Serie<\/a><\/h3>\n<\/div>\n<\/div>\n","protected":false},"excerpt":{"rendered":"<ul>\n<li>Kompakter Desktop-Etikettendrucker f\u00fcr leichte Integration<\/li>\n<li>Varianten mit UHF-RFID Kodier-F\u00e4higkeiten (Option)<\/li>\n<li>Max. Druckgeschwindigkeit: 152 mm\/Sek.<\/li>\n<li>F\u00fcr mehr Sicherheit: 2 Jahre Garantie<\/li>\n<li>Leichte Integration dank ZPL, Link-OS sowie zahlreichen Anschl\u00fcssen<\/li>\n<\/ul>\n<h3>ABK\u00dcNDIGUNG DER\u00a0 ZEBRA ZD500 Serie<\/h3>\n<p>Die Zebra ZD500 Serie wird durch den <strong><a href=\"https:\/\/www.highway-gmbh.de\/produkte\/drucker\/tt-td-etikettendrucker\/zebra\/zd621\/\">Nachfolger ZD621<\/a> <\/strong>abgel\u00f6st.<\/p>\n","protected":false},"featured_media":929,"template":"page-sidebar-left.php","meta":[],"product_brand":[],"product_cat":[36,40,41],"product_tag":[51],"class_list":{"0":"post-927","1":"product","2":"type-product","3":"status-publish","4":"has-post-thumbnail","6":"product_cat-drucker","7":"product_cat-tt-td-etikettendrucker","8":"product_cat-zebra","9":"product_tag-thermotransferdrucker","11":"first","12":"instock","13":"virtual","14":"product-type-simple"},"translation":{"provider":"WPGlobus","version":"3.0.2","language":"en","enabled_languages":["de","en"],"languages":{"de":{"title":true,"content":true,"excerpt":true},"en":{"title":false,"content":false,"excerpt":false}}},"_links":{"self":[{"href":"https:\/\/www.highway-gmbh.de\/en\/wp-json\/wp\/v2\/product\/927","targetHints":{"allow":["GET"]}}],"collection":[{"href":"https:\/\/www.highway-gmbh.de\/en\/wp-json\/wp\/v2\/product"}],"about":[{"href":"https:\/\/www.highway-gmbh.de\/en\/wp-json\/wp\/v2\/types\/product"}],"wp:featuredmedia":[{"embeddable":true,"href":"https:\/\/www.highway-gmbh.de\/en\/wp-json\/wp\/v2\/media\/929"}],"wp:attachment":[{"href":"https:\/\/www.highway-gmbh.de\/en\/wp-json\/wp\/v2\/media?parent=927"}],"wp:term":[{"taxonomy":"product_brand","embeddable":true,"href":"https:\/\/www.highway-gmbh.de\/en\/wp-json\/wp\/v2\/product_brand?post=927"},{"taxonomy":"product_cat","embeddable":true,"href":"https:\/\/www.highway-gmbh.de\/en\/wp-json\/wp\/v2\/product_cat?post=927"},{"taxonomy":"product_tag","embeddable":true,"href":"https:\/\/www.highway-gmbh.de\/en\/wp-json\/wp\/v2\/product_tag?post=927"}],"curies":[{"name":"wp","href":"https:\/\/api.w.org\/{rel}","templated":true}]}}