{"id":924,"date":"2021-05-17T11:19:32","date_gmt":"2021-05-17T09:19:32","guid":{"rendered":"https:\/\/highwaygmbh.de\/highway\/?post_type=product&#038;p=924"},"modified":"2021-05-17T16:47:54","modified_gmt":"2021-05-17T14:47:54","slug":"zd421-hc","status":"publish","type":"product","link":"https:\/\/www.highway-gmbh.de\/en\/produkte\/drucker\/tt-td-etikettendrucker\/zebra\/zd421-hc\/","title":{"rendered":"ZD421-HC"},"content":{"rendered":"<div class=\"text\">\n<div class=\"template-text\">\n<h1 id=\"jt_sr_headline\">Zebra ZD421-HC<\/h1>\n<h2 id=\"jt_sr_subline\">Innovativer Halthcare-Desktopdrucker<\/h2>\n<p>F\u00fcr den zukunftsf\u00e4higen Etikettendruck im Gesundheitswesen bietet Zebra den 4&#8243;-Desktopdrucker ZD421-HC an. Er ist kompatibel mit s\u00e4mtlichen Windows-, Android- oder iOS-Ger\u00e4ten und erreicht eine maximale Druckgeschwindigkeit von 152 mm\/Sek. bei 203 dpi oder 102 mm\/Sek. bei 300 dpi. Damit er dabei auch allen Anforderungen des Gesundheitswesens gerecht wird, ist sein kompaktes Kunststoffgeh\u00e4use Desinfektionsmittel- und UV-best\u00e4ndig und die Tastenschnittstelle versiegelt. Zudem entspricht sein Netzteil der IEC 60601-1 Verordnung zum Einsatz in Gesundheitseinrichtungen.<\/p>\n<p>Standardm\u00e4\u00dfig ist der ZD421-HC mit 256 MB SDRAM und 512 MB Flash sowie USB 2.0, einem USB-Host, NFC und Bluetooth Low Energy (BLE) ausgestattet. Optional l\u00e4sst er sich um die Schnittstellen Ethernet, seriell, Wi-Fi 802.11ac und Bluetooth 4.1 erweitern. Der bewegliche Mediensensor sorgt f\u00fcr eine hohe Kompatibilit\u00e4t sowie nahezu freie Medienwahl. Zudem wird der Drucker ganz einfach \u00fcber 3 Tasten bedient, w\u00e4hrend 5 LEDs jederzeit den aktuellen Druckerstatus anzeigen. Weitere Unterst\u00fctzung erh\u00e4lt der ZD421-HC von den umfangreichen Tools der Zebra \u00bbPrint DNA\u00ab.<\/p>\n<\/div>\n<h3><a href=\"https:\/\/www.highway-gmbh.de\/wp-content\/uploads\/zebra_zd421-hc.pdf\">Datenblatt ZD421-HC<\/a><\/h3>\n<\/div>\n","protected":false},"excerpt":{"rendered":"<ul>\n<li>Innovativer 4&#8243;-Desktop-Etikettendrucker f\u00fcr das Gesundheitswesen<\/li>\n<li>Desinfektionsmittel- und UV-best\u00e4ndiges Kunststoffgeh\u00e4use<\/li>\n<li>Netzteil entspricht der IEC 60601-1 f\u00fcr den Einsatz in Gesundheitseinrichtungen<\/li>\n<li>Max. Druckgeschwindigkeit: 152 mm\/Sek. (203 dpi) oder 102 mm\/Sek. (300 dpi)<\/li>\n<li>3 Bedientasten, 5 Status-LEDs, beweglicher Mediensensor<\/li>\n<\/ul>\n","protected":false},"featured_media":926,"template":"page-sidebar-left.php","meta":[],"product_brand":[],"product_cat":[36,40,41],"product_tag":[51],"class_list":{"0":"post-924","1":"product","2":"type-product","3":"status-publish","4":"has-post-thumbnail","6":"product_cat-drucker","7":"product_cat-tt-td-etikettendrucker","8":"product_cat-zebra","9":"product_tag-thermotransferdrucker","11":"first","12":"instock","13":"virtual","14":"product-type-simple"},"translation":{"provider":"WPGlobus","version":"3.0.2","language":"en","enabled_languages":["de","en"],"languages":{"de":{"title":true,"content":true,"excerpt":true},"en":{"title":false,"content":false,"excerpt":false}}},"_links":{"self":[{"href":"https:\/\/www.highway-gmbh.de\/en\/wp-json\/wp\/v2\/product\/924","targetHints":{"allow":["GET"]}}],"collection":[{"href":"https:\/\/www.highway-gmbh.de\/en\/wp-json\/wp\/v2\/product"}],"about":[{"href":"https:\/\/www.highway-gmbh.de\/en\/wp-json\/wp\/v2\/types\/product"}],"wp:featuredmedia":[{"embeddable":true,"href":"https:\/\/www.highway-gmbh.de\/en\/wp-json\/wp\/v2\/media\/926"}],"wp:attachment":[{"href":"https:\/\/www.highway-gmbh.de\/en\/wp-json\/wp\/v2\/media?parent=924"}],"wp:term":[{"taxonomy":"product_brand","embeddable":true,"href":"https:\/\/www.highway-gmbh.de\/en\/wp-json\/wp\/v2\/product_brand?post=924"},{"taxonomy":"product_cat","embeddable":true,"href":"https:\/\/www.highway-gmbh.de\/en\/wp-json\/wp\/v2\/product_cat?post=924"},{"taxonomy":"product_tag","embeddable":true,"href":"https:\/\/www.highway-gmbh.de\/en\/wp-json\/wp\/v2\/product_tag?post=924"}],"curies":[{"name":"wp","href":"https:\/\/api.w.org\/{rel}","templated":true}]}}