{"id":921,"date":"2021-05-17T11:14:34","date_gmt":"2021-05-17T09:14:34","guid":{"rendered":"https:\/\/highwaygmbh.de\/highway\/?post_type=product&#038;p=921"},"modified":"2023-08-23T11:00:09","modified_gmt":"2023-08-23T09:00:09","slug":"zd420-hc","status":"publish","type":"product","link":"https:\/\/www.highway-gmbh.de\/en\/produkte\/drucker\/tt-td-etikettendrucker\/zebra\/zd420-hc\/","title":{"rendered":"ZD420-HC"},"content":{"rendered":"<div class=\"text\">\n<div class=\"template-text\">\n<h1 id=\"jt_sr_headline\">Zebra ZD420-HC<\/h1>\n<h2 id=\"jt_sr_subline\">4&#8221; HC-Etikettendrucker im Desktopformat<\/h2>\n<p>Die Healthcare-Version des Thermotransfer-Etikettendruckers ZD420 ist speziell f\u00fcr Einsatzbereiche konzipiert, in denen aufgrund von Hygienestandards h\u00e4ufig desinfiziert und gereinigt wird. Das desinfektionsmittelbest\u00e4ndige Geh\u00e4use sowie das HC-zertifizierte Netzteil des ZD420-HC widerstehen problemlos der t\u00e4glichen Reinigung auch mit scharfen Mitteln. Dadurch haben Keime und Bakterien kaum eine Chance. Die praktische Kassettenmechanik des Farbbands erleichtert es ungelernten Anwendern, das Farbband innerhalb von Sekunden auszutauschen.<\/p>\n<p>Der ZD420 ist werkseitig ausgestattet mit Bluetooth low energy, USB 2.0, USB Hostanschluss (zur Ausf\u00fchrung von Anwendungen direkt vom USB-Stick) und unterst\u00fctzt zus\u00e4tzlich Link-OS f\u00fcr einfaches Remotemanagement aus der Cloud. Erweitern Sie den Etikettendrucker bei Bedarf um eine RS-232-oder Ethernet-Schnittstelle \u2013 auch einfach nachtr\u00e4glich vor Ort mit wenigen Handgriffen. \u00dcberall gilt: Sie zahlen nur, was Sie brauchen. Entscheiden Sie sich je nach Anforderung zwischen den Varianten mit 8 Punkten\/mm (203 dpi) und 12 Punkten\/mm (300 dpi). Die Druckgeschwindigkeit \u00fcberzeugt mit bis zu 152 mm bzw. 102 mm pro Sekunde bei beiden Modellen.<\/p>\n<\/div>\n<\/div>\n<h3><a href=\"https:\/\/www.highway-gmbh.de\/wp-content\/uploads\/zebra_zd420-HC.pdf\">Datenblatt ZD420-HC<\/a><\/h3>\n","protected":false},"excerpt":{"rendered":"<ul>\n<li>Healthcare Thermotransfer-Drucker f\u00fcr Etiketten bis 118 mm Breite<\/li>\n<li>Reinigungsbest\u00e4ndiges Geh\u00e4use trotzt t\u00e4glicher Desinfektion<\/li>\n<li>Sekundenschneller Farbbandwechsel dank praktischer Kassettenmechanik<\/li>\n<li>Einfacher Anschluss: USB und Bluetooth standardm\u00e4\u00dfig integriert<\/li>\n<li>Max. Druckgeschwindigkeit: bis zu 152 mm\/Sek.<\/li>\n<\/ul>\n<h3>ABK\u00dcNDIGUNG DES\u00a0 ZEBRA ZD420-HC<\/h3>\n<p>Der Zebra ZD420-HC wird durch den <strong><a href=\"https:\/\/www.highway-gmbh.de\/produkte\/drucker\/tt-td-etikettendrucker\/zebra\/zd421-hc\/\">Nachfolger ZD421-HC<\/a> <\/strong>abgel\u00f6st.<\/p>\n","protected":false},"featured_media":923,"template":"page-sidebar-left.php","meta":[],"product_brand":[],"product_cat":[36,40,41],"product_tag":[51],"class_list":{"0":"post-921","1":"product","2":"type-product","3":"status-publish","4":"has-post-thumbnail","6":"product_cat-drucker","7":"product_cat-tt-td-etikettendrucker","8":"product_cat-zebra","9":"product_tag-thermotransferdrucker","11":"first","12":"instock","13":"virtual","14":"product-type-simple"},"translation":{"provider":"WPGlobus","version":"3.0.2","language":"en","enabled_languages":["de","en"],"languages":{"de":{"title":true,"content":true,"excerpt":true},"en":{"title":false,"content":false,"excerpt":false}}},"_links":{"self":[{"href":"https:\/\/www.highway-gmbh.de\/en\/wp-json\/wp\/v2\/product\/921","targetHints":{"allow":["GET"]}}],"collection":[{"href":"https:\/\/www.highway-gmbh.de\/en\/wp-json\/wp\/v2\/product"}],"about":[{"href":"https:\/\/www.highway-gmbh.de\/en\/wp-json\/wp\/v2\/types\/product"}],"wp:featuredmedia":[{"embeddable":true,"href":"https:\/\/www.highway-gmbh.de\/en\/wp-json\/wp\/v2\/media\/923"}],"wp:attachment":[{"href":"https:\/\/www.highway-gmbh.de\/en\/wp-json\/wp\/v2\/media?parent=921"}],"wp:term":[{"taxonomy":"product_brand","embeddable":true,"href":"https:\/\/www.highway-gmbh.de\/en\/wp-json\/wp\/v2\/product_brand?post=921"},{"taxonomy":"product_cat","embeddable":true,"href":"https:\/\/www.highway-gmbh.de\/en\/wp-json\/wp\/v2\/product_cat?post=921"},{"taxonomy":"product_tag","embeddable":true,"href":"https:\/\/www.highway-gmbh.de\/en\/wp-json\/wp\/v2\/product_tag?post=921"}],"curies":[{"name":"wp","href":"https:\/\/api.w.org\/{rel}","templated":true}]}}