{"id":915,"date":"2021-05-17T11:06:10","date_gmt":"2021-05-17T09:06:10","guid":{"rendered":"https:\/\/highwaygmbh.de\/highway\/?post_type=product&#038;p=915"},"modified":"2023-08-23T10:57:20","modified_gmt":"2023-08-23T08:57:20","slug":"zd420","status":"publish","type":"product","link":"https:\/\/www.highway-gmbh.de\/en\/produkte\/drucker\/tt-td-etikettendrucker\/zebra\/zd420\/","title":{"rendered":"ZD420"},"content":{"rendered":"<div class=\"text\">\n<div class=\"template-text\">\n<h1 id=\"jt_sr_headline\">Zebra ZD420<\/h1>\n<h2 id=\"jt_sr_subline\">Zukunftssicherer 4&#8221;-Etikettendrucker<\/h2>\n<p>Einfachheit und Flexibilit\u00e4t \u2013 das macht den Etikettendrucker Zebra ZD420 in seiner Gesamtheit aus. Das flexible 4&#8221;-Desktopmodell ist zukunftssicher und bietet volle Modularit\u00e4t bei \u00fcberdurchschnittlichen Leistungsmerkmalen. Erweiterungen wie Peeler, Cutter, RS-232- und Ethernet-Schnittstelle r\u00fcsten Sie jederzeit direkt vor Ort einfach und mit nur wenigen Handgriffen nach \u2013 Sie bezahlen nur, was auch gebraucht wird.<\/p>\n<p>Der ZD420 ist werkseitig ausgestattet mit Bluetooth low energy, USB 2.0, USB Hostanschluss (zur Ausf\u00fchrung von Anwendungen direkt vom USB-Stick) und unterst\u00fctzt zus\u00e4tzlich Link-OS f\u00fcr einfaches Remotemanagement aus der Cloud. Entscheiden Sie sich je nach Anwendung und Anspruch zwischen den Varianten mit 8 Punkten\/mm (203 dpi) und 12 Punkten\/mm (300 dpi). Die Druckgeschwindigkeit \u00fcberzeugt mit 152 mm bzw. 102 mm pro Sekunde bei beiden Modellen. Das Model ZD420-HC verf\u00fcgt \u00fcber ein desinfektionsmittelbest\u00e4ndiges Kunststoffgeh\u00e4use sowie ein HC-zertifiziertes Netzteil f\u00fcr hochsensible Druckumgebungen wie Krankenh\u00e4user und Labore<\/p>\n<h3><a href=\"https:\/\/www.highway-gmbh.de\/wp-content\/uploads\/zebra_zd420.pdf\">Datenblatt ZD420<\/a><\/h3>\n<\/div>\n<\/div>\n","protected":false},"excerpt":{"rendered":"<ul>\n<li>Innovativer Desktop-Etikettendrucker (Thermotransfer oder Thermodirekt)<\/li>\n<li>Je nach Bedarf mit regul\u00e4rem Farbband oder praktischen Kassettensystem<\/li>\n<li>Modular: Jederzeit erweiterbar mit Peeler, Cutter, RS-232, Ethernet<\/li>\n<li>Spezielle Healthcare-Variante verf\u00fcgbar<\/li>\n<li>2 Jahre Garantie<\/li>\n<\/ul>\n<h3>ABK\u00dcNDIGUNG DES\u00a0 ZEBRA ZD420<\/h3>\n<p>Der Zebra ZD420 wird durch den <strong><a href=\"https:\/\/www.highway-gmbh.de\/produkte\/drucker\/tt-td-etikettendrucker\/zebra\/zd421\/\">Nachfolger ZD421<\/a> <\/strong>abgel\u00f6st.<\/p>\n","protected":false},"featured_media":917,"template":"page-sidebar-left.php","meta":[],"product_brand":[],"product_cat":[36,40,41],"product_tag":[51],"class_list":{"0":"post-915","1":"product","2":"type-product","3":"status-publish","4":"has-post-thumbnail","6":"product_cat-drucker","7":"product_cat-tt-td-etikettendrucker","8":"product_cat-zebra","9":"product_tag-thermotransferdrucker","11":"first","12":"instock","13":"virtual","14":"product-type-simple"},"translation":{"provider":"WPGlobus","version":"3.0.2","language":"en","enabled_languages":["de","en"],"languages":{"de":{"title":true,"content":true,"excerpt":true},"en":{"title":false,"content":false,"excerpt":false}}},"_links":{"self":[{"href":"https:\/\/www.highway-gmbh.de\/en\/wp-json\/wp\/v2\/product\/915","targetHints":{"allow":["GET"]}}],"collection":[{"href":"https:\/\/www.highway-gmbh.de\/en\/wp-json\/wp\/v2\/product"}],"about":[{"href":"https:\/\/www.highway-gmbh.de\/en\/wp-json\/wp\/v2\/types\/product"}],"wp:featuredmedia":[{"embeddable":true,"href":"https:\/\/www.highway-gmbh.de\/en\/wp-json\/wp\/v2\/media\/917"}],"wp:attachment":[{"href":"https:\/\/www.highway-gmbh.de\/en\/wp-json\/wp\/v2\/media?parent=915"}],"wp:term":[{"taxonomy":"product_brand","embeddable":true,"href":"https:\/\/www.highway-gmbh.de\/en\/wp-json\/wp\/v2\/product_brand?post=915"},{"taxonomy":"product_cat","embeddable":true,"href":"https:\/\/www.highway-gmbh.de\/en\/wp-json\/wp\/v2\/product_cat?post=915"},{"taxonomy":"product_tag","embeddable":true,"href":"https:\/\/www.highway-gmbh.de\/en\/wp-json\/wp\/v2\/product_tag?post=915"}],"curies":[{"name":"wp","href":"https:\/\/api.w.org\/{rel}","templated":true}]}}