{"id":909,"date":"2021-05-17T10:55:44","date_gmt":"2021-05-17T08:55:44","guid":{"rendered":"https:\/\/highwaygmbh.de\/highway\/?post_type=product&#038;p=909"},"modified":"2021-05-17T21:33:51","modified_gmt":"2021-05-17T19:33:51","slug":"zd230","status":"publish","type":"product","link":"https:\/\/www.highway-gmbh.de\/en\/produkte\/drucker\/tt-td-etikettendrucker\/zebra\/zd230\/","title":{"rendered":"ZD230"},"content":{"rendered":"<div class=\"text\">\n<h1 class=\"template-text\">Zebra ZD230<\/h1>\n<h3 class=\"template-text\">Vielseitig einsetzbarer Einstiegsdrucker<\/h3>\n<p>Der Zebra ZD230 ist ein \u00e4u\u00dferst zuverl\u00e4ssiger 4&#8243;-Desktop-Drucker mit weitreichenden Funktionen, um einen langen Lebenszyklus zu gew\u00e4hrleisten. Neben seinem kompakten Design verf\u00fcgt er \u00fcber eine doppelwandige Konstruktion, die ihn robust und l\u00e4nger haltbar macht \u2013 perfekt f\u00fcr den Einsatz in Transport und Logistik, in der Leichtindustrie, im Einzelhandel und im Gesundheitswesen.<\/p>\n<p>Erh\u00e4ltlich ist der ZD230 als Thermodirekt- oder Thermotransferdrucker. In beiden Varianten erstellt er 1D- und 2D-Barcodes, wie PDF417, DataMatrix, QR Codes und Aztec, schnell und zuverl\u00e4ssig. Dabei druckt er bis zu 152 mm\/Sek. schnell mit einer Druckaufl\u00f6sung von 203 dpi \u2013 f\u00fcr den Druck von Etiketten und Belegen bis hin zu Tickets, Tags und Ausweisen. Zudem fasst er auch 300 Meter lange Farbbandrollen, um besonders zwischen dem Wechsel der Medien Zeit zu sparen.<\/p>\n<p>Dank dem gro\u00dfen Speicher von 256 MB Flash und 128 MB SDRAM speichert der ZD230 deutlich mehr Schriftarten und Grafiken. Eine einfache Installation und die sofortige Einsatzbereitschaft erfolgen \u00fcber das Multi-Interface des Desktop-Druckers: USB, Ethernet und Bluetooth. Zudem bietet der Desktop-Drucker zus\u00e4tzlich auch Wi-Fi f\u00fcr eine drahtlose Verbindung \u00fcber das Netzwerk.<\/p>\n<p>Der ZD230 wird ganz einfach und unkompliziert \u00fcber eine LED-Anzeige und eine einzige Taste f\u00fcr Vorschub und Pause bedient. Auch der Druckstatus l\u00e4sst sich allein dar\u00fcber auf einen Blick einsehen. Optional ist der Drucker mit integriertem Peeler oder Cutter erh\u00e4ltlich \u2013 das spart Zeit beim Etikettieren.<\/p>\n<p>Unterst\u00fctzt wird der ZD230 von ausgew\u00e4hlten Softwareanwendungen der Zebra Print-DNA sowie von Zebras Link-OS, um ein kosteng\u00fcnstiges und zuverl\u00e4ssiges Druckerlebnis zu erm\u00f6glichen. OneCare SV sorgt unter anderem daf\u00fcr, dass sich die Standardgarantie des Druckers auf 24 Monate erh\u00f6ht. Zusammen machen sie den ZD230 zu einer zukunftssicheren Investition.<\/p>\n<h3><a href=\"https:\/\/www.highway-gmbh.de\/wp-content\/uploads\/zebra_zd230.pdf\">Datenblatt ZD230<\/a><\/h3>\n<p>&nbsp;<\/p>\n<\/div>\n","protected":false},"excerpt":{"rendered":"<ul>\n<li>Desktop-Drucker f\u00fcr Transport, Logistik, Einzelhandel und Gesundheitswesen<\/li>\n<li>L\u00e4ngere Haltbarkeit dank doppelwandiger Konstruktion<\/li>\n<li>Erstellt 1D- und 2D-Barcodes bis zu 152 mm\/Sek. schnell bei 203 dpi Aufl\u00f6sung<\/li>\n<li>256 MB Flash und 128 MB SDRAM; optional Peeler und Cutter<\/li>\n<li>Unterst\u00fctzt Zebras Link-OS, Print-DNA und OneCare SV<\/li>\n<\/ul>\n","protected":false},"featured_media":911,"template":"page-sidebar-left.php","meta":[],"product_brand":[],"product_cat":[36,40,41],"product_tag":[51],"class_list":{"0":"post-909","1":"product","2":"type-product","3":"status-publish","4":"has-post-thumbnail","6":"product_cat-drucker","7":"product_cat-tt-td-etikettendrucker","8":"product_cat-zebra","9":"product_tag-thermotransferdrucker","11":"first","12":"instock","13":"virtual","14":"product-type-simple"},"translation":{"provider":"WPGlobus","version":"3.0.2","language":"en","enabled_languages":["de","en"],"languages":{"de":{"title":true,"content":true,"excerpt":true},"en":{"title":false,"content":false,"excerpt":false}}},"_links":{"self":[{"href":"https:\/\/www.highway-gmbh.de\/en\/wp-json\/wp\/v2\/product\/909","targetHints":{"allow":["GET"]}}],"collection":[{"href":"https:\/\/www.highway-gmbh.de\/en\/wp-json\/wp\/v2\/product"}],"about":[{"href":"https:\/\/www.highway-gmbh.de\/en\/wp-json\/wp\/v2\/types\/product"}],"wp:featuredmedia":[{"embeddable":true,"href":"https:\/\/www.highway-gmbh.de\/en\/wp-json\/wp\/v2\/media\/911"}],"wp:attachment":[{"href":"https:\/\/www.highway-gmbh.de\/en\/wp-json\/wp\/v2\/media?parent=909"}],"wp:term":[{"taxonomy":"product_brand","embeddable":true,"href":"https:\/\/www.highway-gmbh.de\/en\/wp-json\/wp\/v2\/product_brand?post=909"},{"taxonomy":"product_cat","embeddable":true,"href":"https:\/\/www.highway-gmbh.de\/en\/wp-json\/wp\/v2\/product_cat?post=909"},{"taxonomy":"product_tag","embeddable":true,"href":"https:\/\/www.highway-gmbh.de\/en\/wp-json\/wp\/v2\/product_tag?post=909"}],"curies":[{"name":"wp","href":"https:\/\/api.w.org\/{rel}","templated":true}]}}