{"id":902,"date":"2021-05-17T10:14:32","date_gmt":"2021-05-17T08:14:32","guid":{"rendered":"https:\/\/highwaygmbh.de\/highway\/?post_type=product&#038;p=902"},"modified":"2021-05-17T10:49:46","modified_gmt":"2021-05-17T08:49:46","slug":"zd220","status":"publish","type":"product","link":"https:\/\/www.highway-gmbh.de\/en\/produkte\/drucker\/tt-td-etikettendrucker\/zebra\/zd220\/","title":{"rendered":"ZD220"},"content":{"rendered":"<div class=\"text\">\n<div class=\"template-text\">\n<h1>Zebra ZD220<\/h1>\n<h3>Einstiegsdrucker f\u00fcr den vielf\u00e4ltigen Druck<\/h3>\n<p><img loading=\"lazy\" decoding=\"async\" src=\"https:\/\/www.jarltech.com\/2007\/img\/1px.gif\" alt=\"\" width=\"0\" height=\"40\" \/>Der kompakte Desktop-Drucker ZD220 von Zebra ist sehr zuverl\u00e4ssig und verf\u00fcgt \u00fcber ausreichende Funktionen, um allen Anforderungen eines Einstiegsdruckers gewachsen zu sein. Seine doppelwandige Konstruktion sorgt zus\u00e4tzlich f\u00fcr eine noch h\u00f6here Stabilit\u00e4t und ein robustes Design. Als Nachfolger des erfolgreichen GC420 ist zus\u00e4tzlich viel Erfahrung in seine Entwicklung mit eingeflossen. Das macht den ZD220 zu einer Investition, die sich auszahlt \u2013 perfekt f\u00fcr den Einsatz in Transport und Logistik, im Einzelhandel und im Gesundheitswesen.<\/p>\n<p>Der ZD220 ist sowohl als Thermodirekt- als auch als Thermotransferdrucker erh\u00e4ltlich. In beiden Varianten erstellt er 1D- und 2D-Barcodes stets schnell und zuverl\u00e4ssig. Damit ist er optimal geeignet f\u00fcr den vielf\u00e4ltigen Druck von Etiketten und Belegen bis hin zu Tickets, Tags und Ausweisen. Er druckt bis zu 102 mm\/Sek. schnell mit einer Druckaufl\u00f6sung von 203 dpi.<\/p>\n<p>Der gro\u00dfe Speicher des ZD220 von 256 MB Flash und 128 MB SDRAM erm\u00f6glicht das Speichern von deutlich mehr Schriftarten, Grafiken und vordefinierte Etiketten. Dank USB l\u00e4sst sich der ZD220 einfach installieren und ist sofort einsatzbereit. Die Bedienung des ZD220 ist ebenfalls sehr einfach: Er wird \u00fcber eine LED-Anzeige und eine einzige Taste f\u00fcr Vorschub und Pause bedient. Auch der Druckstatus l\u00e4sst sich allein dar\u00fcber auf einen Blick einsehen. Optional ist der ZD220 mit integriertem Peeler erh\u00e4ltlich \u2013 das spart Zeit beim Etikettieren.<\/p>\n<p>Unterst\u00fctzt wird der ZD220 von ausgew\u00e4hlten Softwareanwendungen von der Zebra Print-DNA basierend auf Zebras Link-OS Basic sowie optionalen Zebra Servicevertr\u00e4gen wie unter anderem OneCare SV. Gemeinsam sorgen die Anwendungen f\u00fcr ein kosteng\u00fcnstiges und zuverl\u00e4ssiges Druckerlebnis. Die zweij\u00e4hrige Garantie von Zebra sichert den Drucker zus\u00e4tzlich ab.<\/p>\n<\/div>\n<h3><a href=\"https:\/\/www.highway-gmbh.de\/wp-content\/uploads\/zebra_zd220.pdf\">Datenblatt ZD220<\/a><\/h3>\n<\/div>\n<p>&nbsp;<\/p>\n","protected":false},"excerpt":{"rendered":"<ul>\n<li>Desktop-Thermotransfer- oder Thermodirekt-Drucker f\u00fcr Transport, Logistik, Einzelhandel und Gesundheitswesen<\/li>\n<li>Hohe Stabilit\u00e4t durch doppelwandige Konstruktion<\/li>\n<li>256 MB Flash und 128 MB SDRAM; optional Peeler<\/li>\n<li>Druckgeschwindigkeit: 102 mm\/Sek. bei 203 dpi Aufl\u00f6sung<\/li>\n<li>Unterst\u00fctzt Zebras Link-OS, Print-DNA und OneCare SV<\/li>\n<\/ul>\n","protected":false},"featured_media":904,"template":"page-sidebar-left.php","meta":[],"product_brand":[],"product_cat":[36,40,41],"product_tag":[51],"class_list":{"0":"post-902","1":"product","2":"type-product","3":"status-publish","4":"has-post-thumbnail","6":"product_cat-drucker","7":"product_cat-tt-td-etikettendrucker","8":"product_cat-zebra","9":"product_tag-thermotransferdrucker","11":"first","12":"instock","13":"virtual","14":"product-type-simple"},"translation":{"provider":"WPGlobus","version":"3.0.2","language":"en","enabled_languages":["de","en"],"languages":{"de":{"title":true,"content":true,"excerpt":true},"en":{"title":false,"content":false,"excerpt":false}}},"_links":{"self":[{"href":"https:\/\/www.highway-gmbh.de\/en\/wp-json\/wp\/v2\/product\/902","targetHints":{"allow":["GET"]}}],"collection":[{"href":"https:\/\/www.highway-gmbh.de\/en\/wp-json\/wp\/v2\/product"}],"about":[{"href":"https:\/\/www.highway-gmbh.de\/en\/wp-json\/wp\/v2\/types\/product"}],"wp:featuredmedia":[{"embeddable":true,"href":"https:\/\/www.highway-gmbh.de\/en\/wp-json\/wp\/v2\/media\/904"}],"wp:attachment":[{"href":"https:\/\/www.highway-gmbh.de\/en\/wp-json\/wp\/v2\/media?parent=902"}],"wp:term":[{"taxonomy":"product_brand","embeddable":true,"href":"https:\/\/www.highway-gmbh.de\/en\/wp-json\/wp\/v2\/product_brand?post=902"},{"taxonomy":"product_cat","embeddable":true,"href":"https:\/\/www.highway-gmbh.de\/en\/wp-json\/wp\/v2\/product_cat?post=902"},{"taxonomy":"product_tag","embeddable":true,"href":"https:\/\/www.highway-gmbh.de\/en\/wp-json\/wp\/v2\/product_tag?post=902"}],"curies":[{"name":"wp","href":"https:\/\/api.w.org\/{rel}","templated":true}]}}