{"id":873,"date":"2021-05-06T13:42:55","date_gmt":"2021-05-06T11:42:55","guid":{"rendered":"https:\/\/highwaygmbh.de\/highway\/?post_type=product&#038;p=873"},"modified":"2021-05-06T13:55:29","modified_gmt":"2021-05-06T11:55:29","slug":"rea-scancheck-3","status":"publish","type":"product","link":"https:\/\/www.highway-gmbh.de\/en\/produkte\/code-pruefgeraete\/rea-verifier\/barcode-pruefgeraete\/rea-scancheck-3\/","title":{"rendered":"REA ScanCheck 3"},"content":{"rendered":"<h2 class=\"headline\">REA ScanCheck 3<\/h2>\n<h3 class=\"subline\">Barcode Pr\u00fcfger\u00e4te<\/h3>\n<div class=\"product-text\">\n<p>Das REA ScanCheck 3 ist ein universelles Akku betriebenes leistungsf\u00e4higes Strichcode Pr\u00fcfger\u00e4t, welches nach den aktuellen Normen arbeitet. Die Pr\u00fcfungen dokumentieren die Einhaltung der Qualit\u00e4tsziele in der Herstellung und Kontrolle von Strichcodes auf Datentr\u00e4gern und Produkten aller Art.<\/p>\n<p>Das Messprinzip basiert auf einem f\u00fcr die Pr\u00fcfungen optimierten Laser-Scanner. Damit wird eine ber\u00fchrungslose und von Handhabungseinfl\u00fcssen weitgehend unabh\u00e4ngige Messung m\u00f6glich. F\u00fcr den mobilen Einsatz vor Ort arbeitet das Ger\u00e4t autark und vom Netz unabh\u00e4ngig mit wieder aufladbaren handels\u00fcblichen Akkus. Das Betriebssystem und die Anwendungssoftware unterst\u00fctzen Mehrsprachigkeit.<\/p>\n<p>F\u00fcr die schnelle Erstellung und Auswertung der Pr\u00fcfungen und deren \u00fcbersichtliche Darstellung ist das Ger\u00e4t mit einem leistungsf\u00e4higen 32-bit-Prozessor, einem brillanten Farb-Grafik-Display und Tongeber ausgestattet. Die Daten der Messungen k\u00f6nnen intern im Flash Speicher gespeichert und\/oder \u00fcber eine USB-Schnittstelle mit dem mobilen Protokolldrucker sofort ausgedruckt werden. Die Daten k\u00f6nnen auch \u00fcber Netzwerk-Kommunikation an einen Standard-PC \u00fcbertragen und dort mit der &#8211; optional erh\u00e4ltlichen &#8211; Auswertesoftware REA TransWin 32 weiterverarbeitet werden<\/p>\n<\/div>\n<div id=\"c7161\" class=\"\">\n<div class=\"ce-textpic ce-right ce-intext\">\n<div id=\"c7296\" class=\"\">\n<div class=\"ce-textpic ce-right ce-intext\">\n<header>\n<h2 class=\" \">Produktdetails<\/h2>\n<\/header>\n<div class=\"ce-bodytext\">\n<ul>\n<li>Ber\u00fchrungslose Pr\u00fcfung mit einem daf\u00fcr optimierten Laser, der einer Scannerkasse \u00e4hnelt<\/li>\n<li>Einfache Positionierung durch gut sichtbaren Laserstrahl<\/li>\n<li>Tastatur mit 22 Eingabetasten f\u00fcr Konfiguration und Kommentareingabe vor Ort<\/li>\n<li>Geeignet zum Messen von gro\u00dfen und kleinen Strichcodes<\/li>\n<li>Speicher f\u00fcr bis zu 1000 Messungen<\/li>\n<li>USB Anschluss f\u00fcr portablen Drucker<\/li>\n<li>Zuverl\u00e4ssige PC Kommunikation per Netzwerk m\u00f6glich<\/li>\n<li>DHCP f\u00e4hig<\/li>\n<\/ul>\n<\/div>\n<\/div>\n<\/div>\n<\/div>\n<\/div>\n<h2 id=\"mceu_43\" class=\"wp-link-preview\"><a href=\"https:\/\/www.highway-gmbh.de\/wp-content\/uploads\/rea-verifier-scancheck-3-de.pdf\" target=\"_blank\" rel=\"noopener\">Datenblatt REA ScanCheck 3<\/a><\/h2>\n","protected":false},"excerpt":{"rendered":"<p>REA ScanCheck 3 Barcode Pr\u00fcfger\u00e4te Das REA ScanCheck 3 ist ein universelles Akku betriebenes leistungsf\u00e4higes Strichcode Pr\u00fcfger\u00e4t, welches nach den aktuellen Normen arbeitet. Die Pr\u00fcfungen dokumentieren die Einhaltung der Qualit\u00e4tsziele in der Herstellung und Kontrolle von Strichcodes auf Datentr\u00e4gern und Produkten aller Art. Das Messprinzip basiert auf einem f\u00fcr die Pr\u00fcfungen optimierten Laser-Scanner. Damit wird [&hellip;]<\/p>\n","protected":false},"featured_media":874,"template":"page-sidebar-left.php","meta":[],"product_brand":[],"product_cat":[70,38,45],"product_tag":[],"class_list":{"0":"post-873","1":"product","2":"type-product","3":"status-publish","4":"has-post-thumbnail","6":"product_cat-barcode-pruefgeraete","7":"product_cat-code-pruefgeraete","8":"product_cat-rea-verifier","10":"first","11":"instock","12":"virtual","13":"product-type-simple"},"translation":{"provider":"WPGlobus","version":"3.0.2","language":"en","enabled_languages":["de","en"],"languages":{"de":{"title":true,"content":true,"excerpt":false},"en":{"title":false,"content":false,"excerpt":false}}},"_links":{"self":[{"href":"https:\/\/www.highway-gmbh.de\/en\/wp-json\/wp\/v2\/product\/873","targetHints":{"allow":["GET"]}}],"collection":[{"href":"https:\/\/www.highway-gmbh.de\/en\/wp-json\/wp\/v2\/product"}],"about":[{"href":"https:\/\/www.highway-gmbh.de\/en\/wp-json\/wp\/v2\/types\/product"}],"wp:featuredmedia":[{"embeddable":true,"href":"https:\/\/www.highway-gmbh.de\/en\/wp-json\/wp\/v2\/media\/874"}],"wp:attachment":[{"href":"https:\/\/www.highway-gmbh.de\/en\/wp-json\/wp\/v2\/media?parent=873"}],"wp:term":[{"taxonomy":"product_brand","embeddable":true,"href":"https:\/\/www.highway-gmbh.de\/en\/wp-json\/wp\/v2\/product_brand?post=873"},{"taxonomy":"product_cat","embeddable":true,"href":"https:\/\/www.highway-gmbh.de\/en\/wp-json\/wp\/v2\/product_cat?post=873"},{"taxonomy":"product_tag","embeddable":true,"href":"https:\/\/www.highway-gmbh.de\/en\/wp-json\/wp\/v2\/product_tag?post=873"}],"curies":[{"name":"wp","href":"https:\/\/api.w.org\/{rel}","templated":true}]}}