{"id":868,"date":"2021-05-06T13:26:19","date_gmt":"2021-05-06T11:26:19","guid":{"rendered":"https:\/\/highwaygmbh.de\/highway\/?post_type=product&#038;p=868"},"modified":"2021-05-06T13:40:50","modified_gmt":"2021-05-06T11:40:50","slug":"rea-pc-scan-ld4","status":"publish","type":"product","link":"https:\/\/www.highway-gmbh.de\/en\/produkte\/code-pruefgeraete\/rea-verifier\/barcode-pruefgeraete\/rea-pc-scan-ld4\/","title":{"rendered":"REA PC-Scan LD4"},"content":{"rendered":"<h2 class=\"headline\">REA PC-Scan LD4<\/h2>\n<h3 class=\"subline\">Barcode Pr\u00fcfger\u00e4te<\/h3>\n<div class=\"product-text\">\n<p>Das REA PC-Scan LD4 ist ein Strichcode Pr\u00fcfger\u00e4t, das in Konformit\u00e4t mit internationalen Normen entwickelt wurde und zu 100 % in Deutschland produziert wird. Es wird speziell f\u00fcr die Vermessung von Strichcodes mit h\u00f6chster Pr\u00e4zision eingesetzt.<\/p>\n<p>Mit dem REA VERIFIER PC-Scan LD4 finden Sie zielgerichtet heraus, warum die Leseraten niedrig sind. Die ausf\u00fchrlichen Messergebnisse erlauben eine nachhaltige Optimierung der Codequalit\u00e4t.<\/p>\n<\/div>\n<div id=\"c7161\" class=\"\">\n<div class=\"ce-textpic ce-right ce-intext\">\n<header>\n<h2 class=\" \">Produktdetails<\/h2>\n<\/header>\n<div class=\"ce-bodytext\">\n<ul>\n<li>Vollautomatische Kontrastkalibrierung vor jeder Messung<\/li>\n<li>Eingebauter metrischer Standard f\u00fcr genaue Breiten- und L\u00e4ngenmessungen<\/li>\n<li>Konstanter Beleuchtungswinkel von 45\u00b0 \u00fcber die gesamte Messbreite von 133 mm bzw. 220 mm<\/li>\n<li>Laserbeleuchtung mit einer Wellenl\u00e4nge von 670 nm<\/li>\n<li>Konstanter Sensorwinkel von 90\u00b0 \u00fcber die gesamte Messbreite<\/li>\n<li>Konstanter Messabstand \u00fcber die gesamte Messbreite<\/li>\n<li>Kontaktlose Messung<\/li>\n<li>Blende 10 bis 20 mil in Kombination mit bis 220 mm Messbreite (Beispielkonfiguration)<\/li>\n<li>Optionale Hohlk\u00f6rpermessvorrichtung f\u00fcr die Messung von Strichcodes auf Hohlk\u00f6rpern<\/li>\n<li>Zwei Ger\u00e4te-Varianten: verf\u00fcgbar mit 133 mm Messbreite und 220 mm Messbreite<\/li>\n<\/ul>\n<\/div>\n<\/div>\n<\/div>\n<h2><a href=\"https:\/\/www.highway-gmbh.de\/wp-content\/uploads\/rea-verifier-pc-scan-ld4-de.pdf\">Datenblatt\u00a0REA PC-Scan LD4<\/a><\/h2>\n","protected":false},"excerpt":{"rendered":"<p>REA PC-Scan LD4 Barcode Pr\u00fcfger\u00e4te Das REA PC-Scan LD4 ist ein Strichcode Pr\u00fcfger\u00e4t, das in Konformit\u00e4t mit internationalen Normen entwickelt wurde und zu 100 % in Deutschland produziert wird. Es wird speziell f\u00fcr die Vermessung von Strichcodes mit h\u00f6chster Pr\u00e4zision eingesetzt. Mit dem REA VERIFIER PC-Scan LD4 finden Sie zielgerichtet heraus, warum die Leseraten niedrig [&hellip;]<\/p>\n","protected":false},"featured_media":869,"template":"page-sidebar-left.php","meta":[],"product_brand":[],"product_cat":[70,38,45],"product_tag":[],"class_list":{"0":"post-868","1":"product","2":"type-product","3":"status-publish","4":"has-post-thumbnail","6":"product_cat-barcode-pruefgeraete","7":"product_cat-code-pruefgeraete","8":"product_cat-rea-verifier","10":"first","11":"instock","12":"virtual","13":"product-type-simple"},"translation":{"provider":"WPGlobus","version":"3.0.2","language":"en","enabled_languages":["de","en"],"languages":{"de":{"title":true,"content":true,"excerpt":false},"en":{"title":false,"content":false,"excerpt":false}}},"_links":{"self":[{"href":"https:\/\/www.highway-gmbh.de\/en\/wp-json\/wp\/v2\/product\/868","targetHints":{"allow":["GET"]}}],"collection":[{"href":"https:\/\/www.highway-gmbh.de\/en\/wp-json\/wp\/v2\/product"}],"about":[{"href":"https:\/\/www.highway-gmbh.de\/en\/wp-json\/wp\/v2\/types\/product"}],"wp:featuredmedia":[{"embeddable":true,"href":"https:\/\/www.highway-gmbh.de\/en\/wp-json\/wp\/v2\/media\/869"}],"wp:attachment":[{"href":"https:\/\/www.highway-gmbh.de\/en\/wp-json\/wp\/v2\/media?parent=868"}],"wp:term":[{"taxonomy":"product_brand","embeddable":true,"href":"https:\/\/www.highway-gmbh.de\/en\/wp-json\/wp\/v2\/product_brand?post=868"},{"taxonomy":"product_cat","embeddable":true,"href":"https:\/\/www.highway-gmbh.de\/en\/wp-json\/wp\/v2\/product_cat?post=868"},{"taxonomy":"product_tag","embeddable":true,"href":"https:\/\/www.highway-gmbh.de\/en\/wp-json\/wp\/v2\/product_tag?post=868"}],"curies":[{"name":"wp","href":"https:\/\/api.w.org\/{rel}","templated":true}]}}