{"id":816,"date":"2021-05-04T14:27:20","date_gmt":"2021-05-04T12:27:20","guid":{"rendered":"https:\/\/highwaygmbh.de\/highway\/?post_type=product&#038;p=816"},"modified":"2021-05-04T14:39:02","modified_gmt":"2021-05-04T12:39:02","slug":"speed-i-jet-798","status":"publish","type":"product","link":"https:\/\/www.highway-gmbh.de\/en\/produkte\/kennzeichnungsgeraete\/reiner\/speed-i-jet-798\/","title":{"rendered":"speed-i-Jet 798"},"content":{"rendered":"<h2>DER KLEINE SCHNELLE<\/h2>\n<div class=\"detaileinleitungstext\">\n<p>Die komplette Unabh\u00e4ngigkeit:\u00a0Der speed-i-Jet 798 ist die <strong>handliche\u00a0Kennzeichnungsl\u00f6sung<\/strong>, um\u00a0individuelle Texte, fortlaufende Nummern, Datum und Uhrzeit\u00a0<strong>mobil zu drucken<\/strong>.\u00a0Das Druckbild kann vor dem Einsatz\u00a0einfach am PC erstellt und\u00a0per <strong>USB<\/strong> \u00fcbertragen werden.<\/p>\n<p>Es lassen sich <strong>absorbierende,\u00a0sogar unebene Oberfl\u00e4chen\u00a0direkt und individuell kennzeichnen<\/strong>.\u00a0Das <strong>handliche Taschenformat<\/strong>\u00a0passt in jede Einsatzkleidung<br \/>\nund Hemdentasche.<\/p>\n<p>Clever: Trotz unterschiedliche\u00a0schnellen Handbewegungen\u00a0werden die <strong>Druckbilder<\/strong> stehts in<strong>\u00a0optimaler Qualit\u00e4t<\/strong> dargestellt.<\/p>\n<p>Der speed-i-Jet 798\u00a0ist <strong>einfach zu\u00a0bedienen<\/strong>: \u00dcber\u00a0die zu bedruckende Oberfl\u00e4che <strong>ziehen\u00a0und den roten Knopf\u00a0dr\u00fccken<\/strong>. Fertig!<\/p>\n<\/div>\n<h2><a href=\"https:\/\/www.highway-gmbh.de\/wp-content\/uploads\/Produktdatenblattspeed-i-Jet798de.pdf\">Produktdatenblatt+speed-i-Jet+798+de<\/a><\/h2>\n<div class=\"detaileinleitungstext\">\n<h2><strong><a href=\"https:\/\/www.reiner.de\/calendar\/reiner-booking-de.html?pid=392491\">-&gt;Vereinbaren Sie einen Vorf\u00fchrtermin<\/a><\/strong><\/h2>\n<p><span class=\"fliesstext\">So geht\u2019s:<br \/>\n1. Geben Sie Ihren Standort (Land und Postleitzahl) ein<br \/>\n2. Es \u00f6ffnet sich ein neues Browserfenster mit dem REINER Terminkalender<br \/>\n3. W\u00e4hlen Sie einen verf\u00fcgbaren Tag sowie die gew\u00fcnschte Uhrzeit<br \/>\n4. Tragen Sie Ihre Kontaktdaten ein<br \/>\n5. Kurz darauf erhalten Sie eine Best\u00e4tigung f\u00fcr Ihre kostenlose, pers\u00f6nliche Vorf\u00fchrung!<\/span><\/p>\n<\/div>\n","protected":false},"excerpt":{"rendered":"<p>Beschreibung<\/p>\n<ul class=\"technicaldatadetailliste1\">\n<li>Handliches Taschenformat<\/li>\n<li>100% mobil<\/li>\n<li>Bedienerfreundlich<\/li>\n<li>Einfaches Handling<\/li>\n<li>Links- und Rechtsh\u00e4nder geeignet<\/li>\n<li>Druckt max. 40 Zeichen, einzeilig<\/li>\n<\/ul>\n","protected":false},"featured_media":817,"template":"page-sidebar-left.php","meta":[],"product_brand":[],"product_cat":[68,69],"product_tag":[],"class_list":{"0":"post-816","1":"product","2":"type-product","3":"status-publish","4":"has-post-thumbnail","6":"product_cat-kennzeichnungsgeraete","7":"product_cat-reiner","9":"first","10":"instock","11":"shipping-taxable","12":"product-type-simple"},"translation":{"provider":"WPGlobus","version":"3.0.2","language":"en","enabled_languages":["de","en"],"languages":{"de":{"title":true,"content":true,"excerpt":true},"en":{"title":false,"content":false,"excerpt":false}}},"_links":{"self":[{"href":"https:\/\/www.highway-gmbh.de\/en\/wp-json\/wp\/v2\/product\/816","targetHints":{"allow":["GET"]}}],"collection":[{"href":"https:\/\/www.highway-gmbh.de\/en\/wp-json\/wp\/v2\/product"}],"about":[{"href":"https:\/\/www.highway-gmbh.de\/en\/wp-json\/wp\/v2\/types\/product"}],"wp:featuredmedia":[{"embeddable":true,"href":"https:\/\/www.highway-gmbh.de\/en\/wp-json\/wp\/v2\/media\/817"}],"wp:attachment":[{"href":"https:\/\/www.highway-gmbh.de\/en\/wp-json\/wp\/v2\/media?parent=816"}],"wp:term":[{"taxonomy":"product_brand","embeddable":true,"href":"https:\/\/www.highway-gmbh.de\/en\/wp-json\/wp\/v2\/product_brand?post=816"},{"taxonomy":"product_cat","embeddable":true,"href":"https:\/\/www.highway-gmbh.de\/en\/wp-json\/wp\/v2\/product_cat?post=816"},{"taxonomy":"product_tag","embeddable":true,"href":"https:\/\/www.highway-gmbh.de\/en\/wp-json\/wp\/v2\/product_tag?post=816"}],"curies":[{"name":"wp","href":"https:\/\/api.w.org\/{rel}","templated":true}]}}