{"id":806,"date":"2021-05-04T14:19:46","date_gmt":"2021-05-04T12:19:46","guid":{"rendered":"https:\/\/highwaygmbh.de\/highway\/?post_type=product&#038;p=806"},"modified":"2021-05-04T14:25:44","modified_gmt":"2021-05-04T12:25:44","slug":"reiner-940","status":"publish","type":"product","link":"https:\/\/www.highway-gmbh.de\/en\/produkte\/kennzeichnungsgeraete\/reiner\/reiner-940\/","title":{"rendered":"REINER\u00ae 940"},"content":{"rendered":"<h2>AUCH WENN ES RUND GEHT<\/h2>\n<div class=\"detaileinleitungstext\">\n<p><strong>Schnell<\/strong> und <strong>nur 530 g Gewicht<\/strong>:\u00a0Der REINER\u00ae 940 ist ein mobiler\u00a0Inkjet-Drucker, der Produkte und\u00a0Verpackungen <strong>leicht und im\u00a0Handumdrehen kennzeichnet<\/strong>.<\/p>\n<p>Ganz <strong>ohne Kabel<\/strong> oder festen\u00a0Standort erm\u00f6glicht der Akku\u00a0bis zu <strong>1.000 Abdrucke pro Ladung<\/strong>.\u00a0In dem Ger\u00e4t k\u00f6nnen bis\u00a0zu <strong>vier Druckbiler gespeichert<\/strong> werden, die \u00fcber ein Stellrad\u00a0unkompliziert gewechselt\u00a0werden k\u00f6nnen.<\/p>\n<p>Das <strong>Kennzeichnen\u00a0erfolgt durch Abrollen<\/strong> des\u00a0REINER\u00ae 940, alternativ ist es\u00a0<strong>sogar ber\u00fchrungslos m\u00f6glich<\/strong>.<\/p>\n<p>Clever: Da durch unterschiedlich\u00a0schnelle Handbewegungen nie\u00a0exakt gleichm\u00e4\u00dfig gearbeitet\u00a0wird, regeln eingebaute Sensoren\u00a0die Tintenzufuhr beim Drucken.\u00a0So entsteht eine <strong>perfekte,\u00a0maschinenlesbare Beschriftung<\/strong>.<\/p>\n<p>Integriertes Capping &#8211; eine <strong>Abdichtung\u00a0des Druckkopfes<\/strong> &#8211; <strong>verhindert\u00a0das Austrocknen<\/strong> der\u00a0Tinte bei Druckpausen.<\/p>\n<\/div>\n<h2><a href=\"https:\/\/www.highway-gmbh.de\/wp-content\/uploads\/ProduktdatenblattREINER940de.pdf\">Produktdatenblatt+REINER+940+de<\/a><\/h2>\n<div class=\"detaileinleitungstext\">\n<h2><strong><a href=\"https:\/\/www.reiner.de\/calendar\/reiner-booking-de.html?pid=392491\">-&gt;Vereinbaren Sie einen Vorf\u00fchrtermin<\/a><\/strong><\/h2>\n<p><span class=\"fliesstext\">So geht\u2019s:<br \/>\n1. Geben Sie Ihren Standort (Land und Postleitzahl) ein<br \/>\n2. Es \u00f6ffnet sich ein neues Browserfenster mit dem REINER Terminkalender<br \/>\n3. W\u00e4hlen Sie einen verf\u00fcgbaren Tag sowie die gew\u00fcnschte Uhrzeit<br \/>\n4. Tragen Sie Ihre Kontaktdaten ein<br \/>\n5. Kurz darauf erhalten Sie eine Best\u00e4tigung f\u00fcr Ihre kostenlose, pers\u00f6nliche Vorf\u00fchrung!<\/span><\/p>\n<\/div>\n","protected":false},"excerpt":{"rendered":"<p>Beschreibung<\/p>\n<ul class=\"technicaldatadetailliste1\">\n<li>Ideal f\u00fcr gro\u00dfe und gebogene Fl\u00e4chen<\/li>\n<li>Lange Abdruckfl\u00e4che<\/li>\n<li>Mobiles oder auch station\u00e4res Kennzeichnen<\/li>\n<li>Abdruck durch ziehende Bewegung<\/li>\n<li>Links- und Rechtsh\u00e4nder geeignet<\/li>\n<li>Max. Abdruckma\u00df: 140 x 12,7 mm (B x H)<\/li>\n<\/ul>\n","protected":false},"featured_media":807,"template":"page-sidebar-left.php","meta":[],"product_brand":[],"product_cat":[68,69],"product_tag":[],"class_list":{"0":"post-806","1":"product","2":"type-product","3":"status-publish","4":"has-post-thumbnail","6":"product_cat-kennzeichnungsgeraete","7":"product_cat-reiner","9":"first","10":"instock","11":"shipping-taxable","12":"product-type-simple"},"translation":{"provider":"WPGlobus","version":"3.0.2","language":"en","enabled_languages":["de","en"],"languages":{"de":{"title":true,"content":true,"excerpt":true},"en":{"title":false,"content":false,"excerpt":false}}},"_links":{"self":[{"href":"https:\/\/www.highway-gmbh.de\/en\/wp-json\/wp\/v2\/product\/806","targetHints":{"allow":["GET"]}}],"collection":[{"href":"https:\/\/www.highway-gmbh.de\/en\/wp-json\/wp\/v2\/product"}],"about":[{"href":"https:\/\/www.highway-gmbh.de\/en\/wp-json\/wp\/v2\/types\/product"}],"wp:featuredmedia":[{"embeddable":true,"href":"https:\/\/www.highway-gmbh.de\/en\/wp-json\/wp\/v2\/media\/807"}],"wp:attachment":[{"href":"https:\/\/www.highway-gmbh.de\/en\/wp-json\/wp\/v2\/media?parent=806"}],"wp:term":[{"taxonomy":"product_brand","embeddable":true,"href":"https:\/\/www.highway-gmbh.de\/en\/wp-json\/wp\/v2\/product_brand?post=806"},{"taxonomy":"product_cat","embeddable":true,"href":"https:\/\/www.highway-gmbh.de\/en\/wp-json\/wp\/v2\/product_cat?post=806"},{"taxonomy":"product_tag","embeddable":true,"href":"https:\/\/www.highway-gmbh.de\/en\/wp-json\/wp\/v2\/product_tag?post=806"}],"curies":[{"name":"wp","href":"https:\/\/api.w.org\/{rel}","templated":true}]}}