{"id":798,"date":"2021-05-04T14:10:26","date_gmt":"2021-05-04T12:10:26","guid":{"rendered":"https:\/\/highwaygmbh.de\/highway\/?post_type=product&#038;p=798"},"modified":"2021-05-06T10:22:38","modified_gmt":"2021-05-06T08:22:38","slug":"jetstamp-990","status":"publish","type":"product","link":"https:\/\/www.highway-gmbh.de\/en\/produkte\/kennzeichnungsgeraete\/reiner\/jetstamp-990\/","title":{"rendered":"jetStamp\u00ae 990"},"content":{"rendered":"<h2>DER KLEINE SCHNELLE<\/h2>\n<div class=\"detaileinleitungstext\">\n<p><strong>Rasend schnell<\/strong> und aufgrund\u00a0seiner kompakten Ma\u00dfe <strong>besonders\u00a0handlich<\/strong> \u2013 das ist der\u00a0REINER <i class=\"jtstmp\">jetStamp\u00ae<\/i> 990.<\/p>\n<p>Mit dem kleinsten Ger\u00e4t der\u00a0<i class=\"jtstmp\">jetStamp\u00ae<\/i> -Familie k\u00f6nnen Kennzeichnungen schnell und einfach\u00a0auf allen <strong>ebenen und unebenen\u00a0Fl\u00e4chen<\/strong> realisiert werden.<\/p>\n<p>Wie seine gro\u00dfen Geschwister\u00a0zeichnet sich der Inkjet-Drucker\u00a0durch <strong>optimale Integrationsm\u00f6glichkeiten<\/strong>\u00a0aus: Der Einsatz\u00a0kann <strong>mobil<\/strong> am jeweiligen Arbeitsplatz\u00a0oder <strong>station\u00e4r integriert\u00a0am Flie\u00dfband<\/strong> erfolgen.<\/p>\n<p>Das <strong>integrierte LCD-Display<\/strong> zeigt\u00a0das eingestellte Druckbild\u00a0jederzeit gut lesbar an,\u00a0um Fehler bei der Kennzeichnung\u00a0zu vermeiden.<\/p>\n<p>Absolute Flexibilit\u00e4t bietet der\u00a0robuste <i class=\"jtstmp\">jetStamp\u00ae<\/i> 990 durch\u00a0seine <strong>Speicheroptionen<\/strong>.\u00a0So sind bis zu <strong>25 individuelle\u00a0Texte<\/strong> oder Sonderfunktionen<br \/>\nhinterlegbar.\u00a0Davon sind f\u00fcnf voreingestellte Beispielbilder im Ger\u00e4t gespeichert.<\/p>\n<\/div>\n<p>&nbsp;<\/p>\n<h2><a href=\"https:\/\/www.highway-gmbh.de\/wp-content\/uploads\/ProduktdatenblattjetStamp990de.pdf\">Produktdatenblatt+jetStamp+990+de<\/a><\/h2>\n<div class=\"detaileinleitungstext\">\n<h2><strong><a href=\"https:\/\/www.reiner.de\/calendar\/reiner-booking-de.html?pid=392491\">-&gt;Vereinbaren Sie einen Vorf\u00fchrtermin<\/a><\/strong><\/h2>\n<p><span class=\"fliesstext\">So geht\u2019s:<br \/>\n1. Geben Sie Ihren Standort (Land und Postleitzahl) ein<br \/>\n2. Es \u00f6ffnet sich ein neues Browserfenster mit dem REINER Terminkalender<br \/>\n3. W\u00e4hlen Sie einen verf\u00fcgbaren Tag sowie die gew\u00fcnschte Uhrzeit<br \/>\n4. Tragen Sie Ihre Kontaktdaten ein<br \/>\n5. Kurz darauf erhalten Sie eine Best\u00e4tigung f\u00fcr Ihre kostenlose, pers\u00f6nliche Vorf\u00fchrung!<\/span><\/p>\n<\/div>\n","protected":false},"excerpt":{"rendered":"<p>Beschreibung<\/p>\n<ul class=\"technicaldatadetailliste1\">\n<li>Ideal f\u00fcr kleine Fl\u00e4chen<\/li>\n<li>Druckt auch auf gew\u00f6lbten Fl\u00e4chen<\/li>\n<li>Bedienerfreundlich<\/li>\n<li>Einsteigermodell<\/li>\n<li>Schneller Abdruck<\/li>\n<\/ul>\n","protected":false},"featured_media":801,"template":"page-sidebar-left.php","meta":[],"product_brand":[],"product_cat":[68,69],"product_tag":[],"class_list":{"0":"post-798","1":"product","2":"type-product","3":"status-publish","4":"has-post-thumbnail","6":"product_cat-kennzeichnungsgeraete","7":"product_cat-reiner","9":"first","10":"instock","11":"shipping-taxable","12":"product-type-simple"},"translation":{"provider":"WPGlobus","version":"3.0.2","language":"en","enabled_languages":["de","en"],"languages":{"de":{"title":true,"content":true,"excerpt":true},"en":{"title":false,"content":false,"excerpt":false}}},"_links":{"self":[{"href":"https:\/\/www.highway-gmbh.de\/en\/wp-json\/wp\/v2\/product\/798","targetHints":{"allow":["GET"]}}],"collection":[{"href":"https:\/\/www.highway-gmbh.de\/en\/wp-json\/wp\/v2\/product"}],"about":[{"href":"https:\/\/www.highway-gmbh.de\/en\/wp-json\/wp\/v2\/types\/product"}],"wp:featuredmedia":[{"embeddable":true,"href":"https:\/\/www.highway-gmbh.de\/en\/wp-json\/wp\/v2\/media\/801"}],"wp:attachment":[{"href":"https:\/\/www.highway-gmbh.de\/en\/wp-json\/wp\/v2\/media?parent=798"}],"wp:term":[{"taxonomy":"product_brand","embeddable":true,"href":"https:\/\/www.highway-gmbh.de\/en\/wp-json\/wp\/v2\/product_brand?post=798"},{"taxonomy":"product_cat","embeddable":true,"href":"https:\/\/www.highway-gmbh.de\/en\/wp-json\/wp\/v2\/product_cat?post=798"},{"taxonomy":"product_tag","embeddable":true,"href":"https:\/\/www.highway-gmbh.de\/en\/wp-json\/wp\/v2\/product_tag?post=798"}],"curies":[{"name":"wp","href":"https:\/\/api.w.org\/{rel}","templated":true}]}}