{"id":789,"date":"2021-05-04T13:56:37","date_gmt":"2021-05-04T11:56:37","guid":{"rendered":"https:\/\/highwaygmbh.de\/highway\/?post_type=product&#038;p=789"},"modified":"2021-05-04T14:10:01","modified_gmt":"2021-05-04T12:10:01","slug":"jetstamp-graphic-970","status":"publish","type":"product","link":"https:\/\/www.highway-gmbh.de\/en\/produkte\/kennzeichnungsgeraete\/reiner\/jetstamp-graphic-970\/","title":{"rendered":"jetStamp\u00ae graphic 970"},"content":{"rendered":"<h2>DER HANDLICHE PROFI<\/h2>\n<div class=\"detaileinleitungstext\">\n<p><strong>Handlich<\/strong> und <strong>leicht programmierbar<\/strong> \u2013 der mobile Inkjet-Drucker <i class=\"jtstmp\">jetStamp\u00ae graphic<\/i> 970 ist ein Inkjet-Drucker, der Dokumente oder Produkte einfach und schnell in <strong>h\u00f6chster Abdruckqualit\u00e4t<\/strong> kennzeichnet.<\/p>\n<p>Die speziell entwickelte MP-Tinte erlaubt das Bedrucken unterschiedlicher Materialien. So entsteht eine <strong>perfekte, maschinenlesbare Beschriftung<\/strong>.<\/p>\n<p>Im Falle l\u00e4ngerer Pausen verhindert eine <strong>Abdichtung in der Station<\/strong> das Austrocknen der Tinte. Durch seine <strong>Mobilit\u00e4t<\/strong> l\u00e4sst sich der <i class=\"jtstmp\">jetStamp\u00ae graphic<\/i> 970 genau dort <strong>in der Prozesskette integrieren<\/strong>,\u00a0wo er ben\u00f6tigt wird.<\/p>\n<p>Die ben\u00f6tigten <strong>Abdruckbilder<\/strong> lassen sich <strong>einfach und schnell<\/strong> am PC erstellen und per USB oder Bluetooth \u00fcbertragen.<\/p>\n<p>Eine <strong>Speicheroption von bis zu vier Druckbildern<\/strong>, die \u00fcber ein Stellrad unkompliziert gewechselt werden k\u00f6nnen, sorgt f\u00fcr <strong>optimierte Arbeitsschritte<\/strong> und <strong>Einsparen von Arbeitszeit<\/strong>.<\/p>\n<\/div>\n<p>&nbsp;<\/p>\n<div class=\"detaileinleitungstext\">\n<h2><a href=\"https:\/\/www.highway-gmbh.de\/wp-content\/uploads\/ProduktdatenblattjetStampgraphic970de.pdf\">Produktdatenblatt+jetStamp+graphic+970+de<\/a><\/h2>\n<h2><strong><a href=\"https:\/\/www.reiner.de\/calendar\/reiner-booking-de.html?pid=392491\">-&gt;Vereinbaren Sie einen Vorf\u00fchrtermin<\/a><\/strong><\/h2>\n<p><span class=\"fliesstext\">So geht\u2019s:<br \/>\n1. Geben Sie Ihren Standort (Land und Postleitzahl) ein<br \/>\n2. Es \u00f6ffnet sich ein neues Browserfenster mit dem REINER Terminkalender<br \/>\n3. W\u00e4hlen Sie einen verf\u00fcgbaren Tag sowie die gew\u00fcnschte Uhrzeit<br \/>\n4. Tragen Sie Ihre Kontaktdaten ein<br \/>\n5. Kurz darauf erhalten Sie eine Best\u00e4tigung f\u00fcr Ihre kostenlose, pers\u00f6nliche Vorf\u00fchrung!<\/span><\/p>\n<\/div>\n","protected":false},"excerpt":{"rendered":"<p>Beschreibung<\/p>\n<ul class=\"technicaldatadetailliste1\">\n<li>F\u00fcr mittlere bis kleine Abdruckfl\u00e4chen<\/li>\n<li>Vielf\u00e4ltige Abdruckm\u00f6glichkeiten<\/li>\n<li>Leichtes Ger\u00e4t<\/li>\n<li>Ger\u00e4t ist sicher aufger\u00e4umt und durch Station gut platziert<\/li>\n<li>Schneller Druckbildwechsel<\/li>\n<li>Max. Abdruckma\u00df: 65 x 12,7 mm (B x H)<\/li>\n<\/ul>\n","protected":false},"featured_media":790,"template":"page-sidebar-left.php","meta":[],"product_brand":[],"product_cat":[68,69],"product_tag":[],"class_list":{"0":"post-789","1":"product","2":"type-product","3":"status-publish","4":"has-post-thumbnail","6":"product_cat-kennzeichnungsgeraete","7":"product_cat-reiner","9":"first","10":"instock","11":"shipping-taxable","12":"product-type-simple"},"translation":{"provider":"WPGlobus","version":"3.0.2","language":"en","enabled_languages":["de","en"],"languages":{"de":{"title":true,"content":true,"excerpt":true},"en":{"title":false,"content":false,"excerpt":false}}},"_links":{"self":[{"href":"https:\/\/www.highway-gmbh.de\/en\/wp-json\/wp\/v2\/product\/789","targetHints":{"allow":["GET"]}}],"collection":[{"href":"https:\/\/www.highway-gmbh.de\/en\/wp-json\/wp\/v2\/product"}],"about":[{"href":"https:\/\/www.highway-gmbh.de\/en\/wp-json\/wp\/v2\/types\/product"}],"wp:featuredmedia":[{"embeddable":true,"href":"https:\/\/www.highway-gmbh.de\/en\/wp-json\/wp\/v2\/media\/790"}],"wp:attachment":[{"href":"https:\/\/www.highway-gmbh.de\/en\/wp-json\/wp\/v2\/media?parent=789"}],"wp:term":[{"taxonomy":"product_brand","embeddable":true,"href":"https:\/\/www.highway-gmbh.de\/en\/wp-json\/wp\/v2\/product_brand?post=789"},{"taxonomy":"product_cat","embeddable":true,"href":"https:\/\/www.highway-gmbh.de\/en\/wp-json\/wp\/v2\/product_cat?post=789"},{"taxonomy":"product_tag","embeddable":true,"href":"https:\/\/www.highway-gmbh.de\/en\/wp-json\/wp\/v2\/product_tag?post=789"}],"curies":[{"name":"wp","href":"https:\/\/api.w.org\/{rel}","templated":true}]}}