{"id":727,"date":"2021-04-27T15:20:04","date_gmt":"2021-04-27T13:20:04","guid":{"rendered":"https:\/\/highwaygmbh.de\/highway\/?post_type=product&#038;p=727"},"modified":"2021-04-27T15:47:43","modified_gmt":"2021-04-27T13:47:43","slug":"jetstamp-1025","status":"publish","type":"product","link":"https:\/\/www.highway-gmbh.de\/en\/produkte\/kennzeichnungsgeraete\/reiner\/jetstamp-1025\/","title":{"rendered":"jetStamp\u00ae 1025"},"content":{"rendered":"<h2>DIE ALL-IN-ONE L\u00d6SUNG<\/h2>\n<div class=\"detaileinleitungstext\">\n<p>Der Gro\u00dfe: Das mobile Kennzeichnungsger\u00e4t\u00a0<i class=\"jtstmp\">jetStamp\u00ae<\/i> 1025\u00a0ist die ideale L\u00f6sung f\u00fcr den\u00a0<strong>Druck auf gro\u00dfen Fl\u00e4chen<\/strong>, wie\u00a0zum Beispiel Paletten, Kartons\u00a0oder Verpackungen.<\/p>\n<p><strong>Ganz ohne Kabel<\/strong> oder festen\u00a0Standort kann der <i class=\"jtstmp\">jetStamp\u00ae<\/i> 1025 direkt dort eingesetzt werden, wo er ben\u00f6tigt wird.\u00a0Ein <strong>integriertes Capping<\/strong> \u2013 eine\u00a0Abdichtung des Druckkopfes \u2013\u00a0sorgt daf\u00fcr, dass die Tinte auch\u00a0<strong>bei l\u00e4ngeren Pausen nicht eintrocknet<\/strong>.<\/p>\n<p>Im Einsatz bietet der <i class=\"jtstmp\">jetStamp\u00ae<\/i>\u00a01025 zahlreiche Arbeitserleichterungen.\u00a0Das <strong>integrierte Display<\/strong>\u00a0zeigt das eingestellte Druckbild\u00a0jederzeit gut lesbar an.<br \/>\nPer <strong>Bluetooth<\/strong> oder <strong>USB<\/strong> k\u00f6nnen\u00a0die Druckbilder an das mobile\u00a0Kennzeichnungsger\u00e4t \u00fcbertragen\u00a0werden.<\/p>\n<p>Das Ger\u00e4t l\u00e4sst sich dank <strong>integrierter\u00a0Mehrfachausl\u00f6sung<\/strong> \u2013\u00a0sowohl seitlich als auch in der\u00a0Mitte des Griffes \u2013 <strong>ergonomisch\u00a0<\/strong>und <strong>bequem handhaben<\/strong>.<\/p>\n<h2><a href=\"https:\/\/www.highway-gmbh.de\/wp-content\/uploads\/ProduktdatenblattjetStamp1025de.pdf\">Produktdatenblatt+jetStamp+1025+de<\/a><\/h2>\n<h2><strong><a href=\"https:\/\/www.reiner.de\/calendar\/reiner-booking-de.html?pid=392491\">-&gt;Vereinbaren Sie einen Vorf\u00fchrtermin<\/a><\/strong><\/h2>\n<p><span class=\"fliesstext\">So geht\u2019s:<br \/>\n1. Geben Sie Ihren Standort (Land und Postleitzahl) ein<br \/>\n2. Es \u00f6ffnet sich ein neues Browserfenster mit dem REINER Terminkalender<br \/>\n3. W\u00e4hlen Sie einen verf\u00fcgbaren Tag sowie die gew\u00fcnschte Uhrzeit<br \/>\n4. Tragen Sie Ihre Kontaktdaten ein<br \/>\n5. Kurz darauf erhalten Sie eine Best\u00e4tigung f\u00fcr Ihre kostenlose, pers\u00f6nliche Vorf\u00fchrung!<\/span><\/p>\n<\/div>\n","protected":false},"excerpt":{"rendered":"<p>Beschreibung<\/p>\n<ul>\n<li>100% mobil<\/li>\n<li>Gro\u00dfe Abdruckfl\u00e4che<\/li>\n<li>Ideal f\u00fcr kleine und gro\u00dfe Objekte<\/li>\n<li>Displaygef\u00fchrte Bedienung<\/li>\n<li>Gro\u00dfer Abdruckspeicher<\/li>\n<li>Max. Abdruckma\u00df: 85 x 25 mm (B x H)<\/li>\n<\/ul>\n","protected":false},"featured_media":733,"template":"page-sidebar-left.php","meta":[],"product_brand":[],"product_cat":[68,69],"product_tag":[],"class_list":{"0":"post-727","1":"product","2":"type-product","3":"status-publish","4":"has-post-thumbnail","6":"product_cat-kennzeichnungsgeraete","7":"product_cat-reiner","9":"first","10":"instock","11":"shipping-taxable","12":"product-type-simple"},"translation":{"provider":"WPGlobus","version":"3.0.2","language":"en","enabled_languages":["de","en"],"languages":{"de":{"title":true,"content":true,"excerpt":true},"en":{"title":false,"content":false,"excerpt":false}}},"_links":{"self":[{"href":"https:\/\/www.highway-gmbh.de\/en\/wp-json\/wp\/v2\/product\/727","targetHints":{"allow":["GET"]}}],"collection":[{"href":"https:\/\/www.highway-gmbh.de\/en\/wp-json\/wp\/v2\/product"}],"about":[{"href":"https:\/\/www.highway-gmbh.de\/en\/wp-json\/wp\/v2\/types\/product"}],"wp:featuredmedia":[{"embeddable":true,"href":"https:\/\/www.highway-gmbh.de\/en\/wp-json\/wp\/v2\/media\/733"}],"wp:attachment":[{"href":"https:\/\/www.highway-gmbh.de\/en\/wp-json\/wp\/v2\/media?parent=727"}],"wp:term":[{"taxonomy":"product_brand","embeddable":true,"href":"https:\/\/www.highway-gmbh.de\/en\/wp-json\/wp\/v2\/product_brand?post=727"},{"taxonomy":"product_cat","embeddable":true,"href":"https:\/\/www.highway-gmbh.de\/en\/wp-json\/wp\/v2\/product_cat?post=727"},{"taxonomy":"product_tag","embeddable":true,"href":"https:\/\/www.highway-gmbh.de\/en\/wp-json\/wp\/v2\/product_tag?post=727"}],"curies":[{"name":"wp","href":"https:\/\/api.w.org\/{rel}","templated":true}]}}