{"id":706,"date":"2021-04-15T13:37:20","date_gmt":"2021-04-15T11:37:20","guid":{"rendered":"https:\/\/highwaygmbh.de\/highway\/?post_type=product&#038;p=706"},"modified":"2021-05-17T10:47:59","modified_gmt":"2021-05-17T08:47:59","slug":"zebra-ds3678","status":"publish","type":"product","link":"https:\/\/www.highway-gmbh.de\/en\/produkte\/handscanner\/zebra-handscanner\/zebra-ds3678\/","title":{"rendered":"Zebra DS3678"},"content":{"rendered":"<p>Der unverw\u00fcstliche Bluetooth-Area-Imager Zebra DS3678 bietet \u00fcberdurchschnittliche Leistung bei extremer Widerstandsf\u00e4higkeit. Dank innovativem Geh\u00e4usedesign und Area-Imaging-Technologie sind keinerlei bewegliche Teile verbaut. Dadurch ist der ausbalancierte Handscanner nahezu komplett staub- und wasserdicht (IP67) und bietet eine Sturzresistenz von bis zu 2,4 m. Damit eignet sich der DS3678 perfekt f\u00fcr jegliche Anwendungen bei widrigen Bedingungen im Innen- und Au\u00dfenbereich, sogar bei extremen Temperaturen von -30 bis +50 \u00b0C. Weiterhin verf\u00fcgt die Scannerserie als einzige im Markt \u00fcber eine IP65-zertifizierte Bluetooth Lade-\/\u00dcbertragungsstation, die maximale Energieeffizienz und dank patentierter Technologie unterbrechungsfreien Datenaustausch ohne Interferenzen mit internen Funknetzwerken bietet.<\/p>\n<p>Ob Standard-, ER-, HD-, HP- oder DPM-Barcode \u2013 der DS3678 bietet f\u00fcr jede Anwendung eine dedizierte Variante und erfasst nahezu alle 1D- und 2D-Barcodes mit einer Reichweite von bis zu 21 m schnell und zuverl\u00e4ssig. Die Lesebest\u00e4tigung erfolgt durch praktisches Dreifachfeedback: zwei helle LEDs im Sichtbereich, ein deutlicher Ton und kurze Vibration. Das sorgt f\u00fcr Klarheit nach jedem Scan und steigert die Effizienz der Benutzer erheblich.<\/p>\n<p>&nbsp;<\/p>\n","protected":false},"excerpt":{"rendered":"<ul>\n<li>Mobiler Bluetooth-Industriescanner f\u00fcr jegliche 2D-Anwendungen<\/li>\n<li>Trotzt widrigen Bedingungen und Temperaturen von -30 bis +50 \u00b0C<\/li>\n<li>Dedizierte Versionen zur Erfassung von Standard-,ER-, HD-, HP- oder DPM-Barcodes<\/li>\n<li>Extrem widerstandsf\u00e4hig: wasser- und staubdicht gem\u00e4\u00df IP67, sturzresistent bis 2,4 m<\/li>\n<li>Robuste Lade-\/\u00dcbertragungsstation nach Industriestandard mit IP65-Zertifizierung<\/li>\n<\/ul>\n<p><a href=\"https:\/\/www.highway-gmbh.de\/wp-content\/uploads\/zebra_ds3678.pdf\">Datenblatt<\/a><\/p>\n","protected":false},"featured_media":707,"template":"page-sidebar-left.php","meta":[],"product_brand":[],"product_cat":[18,43],"product_tag":[66,65],"class_list":{"0":"post-706","1":"product","2":"type-product","3":"status-publish","4":"has-post-thumbnail","6":"product_cat-handscanner","7":"product_cat-zebra-handscanner","8":"product_tag-dpm","9":"product_tag-ds3678","11":"first","12":"instock","13":"virtual","14":"product-type-simple"},"translation":{"provider":"WPGlobus","version":"3.0.2","language":"en","enabled_languages":["de","en"],"languages":{"de":{"title":true,"content":true,"excerpt":true},"en":{"title":false,"content":false,"excerpt":false}}},"_links":{"self":[{"href":"https:\/\/www.highway-gmbh.de\/en\/wp-json\/wp\/v2\/product\/706","targetHints":{"allow":["GET"]}}],"collection":[{"href":"https:\/\/www.highway-gmbh.de\/en\/wp-json\/wp\/v2\/product"}],"about":[{"href":"https:\/\/www.highway-gmbh.de\/en\/wp-json\/wp\/v2\/types\/product"}],"wp:featuredmedia":[{"embeddable":true,"href":"https:\/\/www.highway-gmbh.de\/en\/wp-json\/wp\/v2\/media\/707"}],"wp:attachment":[{"href":"https:\/\/www.highway-gmbh.de\/en\/wp-json\/wp\/v2\/media?parent=706"}],"wp:term":[{"taxonomy":"product_brand","embeddable":true,"href":"https:\/\/www.highway-gmbh.de\/en\/wp-json\/wp\/v2\/product_brand?post=706"},{"taxonomy":"product_cat","embeddable":true,"href":"https:\/\/www.highway-gmbh.de\/en\/wp-json\/wp\/v2\/product_cat?post=706"},{"taxonomy":"product_tag","embeddable":true,"href":"https:\/\/www.highway-gmbh.de\/en\/wp-json\/wp\/v2\/product_tag?post=706"}],"curies":[{"name":"wp","href":"https:\/\/api.w.org\/{rel}","templated":true}]}}