{"id":527,"date":"2021-02-22T18:43:06","date_gmt":"2021-02-22T17:43:06","guid":{"rendered":"https:\/\/highwaygmbh.de\/highway\/?post_type=product&#038;p=527"},"modified":"2021-05-04T15:37:50","modified_gmt":"2021-05-04T13:37:50","slug":"rea-vericube","status":"publish","type":"product","link":"https:\/\/www.highway-gmbh.de\/en\/produkte\/code-pruefgeraete\/rea-verifier\/matrix-code-pruefgeraete\/rea-vericube\/","title":{"rendered":"REA VeriCube"},"content":{"rendered":"<h2 class=\"headline\">REA VeriCube<\/h2>\n<h3 class=\"subline\">Matrix Code Pr\u00fcfger\u00e4te<\/h3>\n<div class=\"product-text\">\n<p>Das REA VeriCube ist ein hochmodernes Matrix- und Strichcode Pr\u00fcfger\u00e4t, das branchen\u00fcbergreifend eingesetzt werden kann. Ob liegend, stehend oder von oben nach unten. Nahezu jedes Pr\u00fcfmuster kann hier ber\u00fchrungslos in optimaler Position gemessen werden.<\/p>\n<p>Die Messung von optischen Codes unter Einhaltung definierter Winkel, Abst\u00e4nde und Beleuchtungen erm\u00f6glicht genaue und reproduzierbare Messergebnisse und Qualit\u00e4tsbewertungen.<\/p>\n<p>Das Messsystem basiert auf einem hochpr\u00e4zisen Optikmodul mit einem CMOS-Kamerachip. Das System ist so konstruiert, dass Fremdlichteinfl\u00fcsse bei der Messung weitgehend ausgeschlossen sind.<\/p>\n<p>Mit dem REA VeriCube finden Sie schnell heraus, wie Sie die die Leseraten der gepr\u00fcften Codes verbessern k\u00f6nnen. Optimieren Sie die Druckqualit\u00e4t der Codes mit Hilfe der ausf\u00fchrlichen Messergebnisse.<\/p>\n<div id=\"c7414\" class=\"\">\n<div class=\"ce-textpic ce-center ce-above\">\n<header>\n<h2 class=\" \">Produktdetails<\/h2>\n<\/header>\n<div class=\"ce-bodytext\">\n<ul>\n<li>universelles, station\u00e4res 2D Pr\u00fcfger\u00e4t<\/li>\n<li>Hochwertiges Aluminumgeh\u00e4use, pulverbeschichtet, lackiert mit Glasscheibe<\/li>\n<li>Einfach austauschbare und kratzresistente Echtglasscheibe<\/li>\n<li>Unterschiedliche Beleuchtungsoptionen (UV, Rotlicht, Wei\u00dflicht und IR-Licht)<\/li>\n<li>REA VeriCube Standard: Abdeckplatte mit Gewindebohrungen zur Befestigung<\/li>\n<li>REA VeriCube Pharma: Abdeckplatte ohne Gewindebohrungen<\/li>\n<li>REA VeriCube Inline: SPS Variante f\u00fcr die Integration in Maschinen und Anlagen<\/li>\n<li>REA VeriCube DPM: Direct Part Marking Variante mit DOME Beleuchtung f\u00fcr die Codepr\u00fcfung auf stark gl\u00e4nzenden Oberfl\u00e4chen<\/li>\n<li>REA VeriCube DF: Variante mit diffuser Beleuchtung f\u00fcr gl\u00e4nzende Oberfl\u00e4chen und komplexen 3D Geometrien<\/li>\n<li>REA VeriCube ILS: maschinenintegrierte Variante f\u00fcr automatisierte Stichprobenerkennung<\/li>\n<\/ul>\n<\/div>\n<\/div>\n<\/div>\n<div id=\"c7414\" class=\"\">\n<div class=\"ce-textpic ce-center ce-above\">\n<div class=\"ce-bodytext\">\n<h2><a href=\"https:\/\/www.highway-gmbh.de\/wp-content\/uploads\/rea-verifier-vericube-de.pdf\">Datenblatt REA VeriCube<\/a><\/h2>\n<\/div>\n<\/div>\n<\/div>\n<\/div>\n","protected":false},"excerpt":{"rendered":"<p>REA VeriCube Matrix Code Pr\u00fcfger\u00e4te Das REA VeriCube ist ein hochmodernes Matrix- und Strichcode Pr\u00fcfger\u00e4t, das branchen\u00fcbergreifend eingesetzt werden kann. Ob liegend, stehend oder von oben nach unten. Nahezu jedes Pr\u00fcfmuster kann hier ber\u00fchrungslos in optimaler Position gemessen werden. Die Messung von optischen Codes unter Einhaltung definierter Winkel, Abst\u00e4nde und Beleuchtungen erm\u00f6glicht genaue und reproduzierbare [&hellip;]<\/p>\n","protected":false},"featured_media":830,"template":"page-sidebar-left.php","meta":[],"product_brand":[],"product_cat":[38,71,45],"product_tag":[],"class_list":{"0":"post-527","1":"product","2":"type-product","3":"status-publish","4":"has-post-thumbnail","6":"product_cat-code-pruefgeraete","7":"product_cat-matrix-code-pruefgeraete","8":"product_cat-rea-verifier","10":"first","11":"instock","12":"virtual","13":"product-type-simple"},"translation":{"provider":"WPGlobus","version":"3.0.2","language":"en","enabled_languages":["de","en"],"languages":{"de":{"title":true,"content":true,"excerpt":false},"en":{"title":false,"content":false,"excerpt":false}}},"_links":{"self":[{"href":"https:\/\/www.highway-gmbh.de\/en\/wp-json\/wp\/v2\/product\/527","targetHints":{"allow":["GET"]}}],"collection":[{"href":"https:\/\/www.highway-gmbh.de\/en\/wp-json\/wp\/v2\/product"}],"about":[{"href":"https:\/\/www.highway-gmbh.de\/en\/wp-json\/wp\/v2\/types\/product"}],"wp:featuredmedia":[{"embeddable":true,"href":"https:\/\/www.highway-gmbh.de\/en\/wp-json\/wp\/v2\/media\/830"}],"wp:attachment":[{"href":"https:\/\/www.highway-gmbh.de\/en\/wp-json\/wp\/v2\/media?parent=527"}],"wp:term":[{"taxonomy":"product_brand","embeddable":true,"href":"https:\/\/www.highway-gmbh.de\/en\/wp-json\/wp\/v2\/product_brand?post=527"},{"taxonomy":"product_cat","embeddable":true,"href":"https:\/\/www.highway-gmbh.de\/en\/wp-json\/wp\/v2\/product_cat?post=527"},{"taxonomy":"product_tag","embeddable":true,"href":"https:\/\/www.highway-gmbh.de\/en\/wp-json\/wp\/v2\/product_tag?post=527"}],"curies":[{"name":"wp","href":"https:\/\/api.w.org\/{rel}","templated":true}]}}