{"id":514,"date":"2021-02-22T18:20:54","date_gmt":"2021-02-22T17:20:54","guid":{"rendered":"https:\/\/highwaygmbh.de\/highway\/?post_type=product&#038;p=514"},"modified":"2024-08-21T14:39:40","modified_gmt":"2024-08-21T12:39:40","slug":"datalogic-falcon-x4","status":"publish","type":"product","link":"https:\/\/www.highway-gmbh.de\/en\/produkte\/mdes\/datalogic-mdes\/datalogic-falcon-x4\/","title":{"rendered":"Falcon X4"},"content":{"rendered":"<h3 id=\"jt_sr_subline\">Robustes Mobilterminal f\u00fcr Einzelhandel, Logistik und mehr<\/h3>\n<p>Der Falcon X4 von Datalogic ist der ideale Mobilcomputer f\u00fcr Warenlager, Versandabteilungen, Fertigung und Einzelhandel. Je nach Bedarf ist der Falcon X4 mit einem 1D- oder 2D-Imager ausgestattet. Er verf\u00fcgt \u00fcber die Datalogic \u00bbGreen Spot\u00ab-Technologie, die den Erfolg des Scanvorgangs best\u00e4tigt. 1D-Barcodes liest der Falcon X4 mit einer Scanlinie aus gr\u00fcnem Licht, 2D-Barcodes mit wei\u00dfer Hintergrundbeleuchtung. Erh\u00e4ltlich ist er mit r\u00fcckseitig beleuchtetem numerischen, alphanumerischen oder funktional-numerischen Tastenfeld.<\/p>\n<p>Als Betriebssystem sind f\u00fcr den Falcon X4 das vorinstallierte Windows Embedded Compact 7 oder Android erh\u00e4ltlich. Die Daten\u00fcbertragung verl\u00e4uft beim Falcon X4 per WLAN 802.11a\/b\/g\/n mit CCX v4 und MIMO (Multiple Input, Multiple Output). Bluetooth ist optional erh\u00e4ltlich. Das Geh\u00e4use ist IP65-zertifiziert und sturzsicher aus bis zu 1,8 m H\u00f6he. F\u00fcr eine hervorragende Performance sorgen ein OMAP Dual-core Prozessor von Texas Instruments mit 1 GB RAM und 8 GB Flash-Speicher. Der 5.200 mAh-Akku des Falcon X4 ist f\u00fcr l\u00e4ngere Schichten ausgelegt und l\u00e4sst sich im laufenden Betrieb austauschen.<\/p>\n<h3><a href=\"https:\/\/www.highway-gmbh.de\/wp-content\/uploads\/DS-FALCONX4-DE-HR.pdf\">Datenblatt FALCON X4<\/a><\/h3>\n","protected":false},"excerpt":{"rendered":"<ul>\n<li>Mobilcomputer zur Barcodeerfassung in 1D oder 2D<\/li>\n<li>Mehr als robust genug f\u00fcr Warenlager: IP65 und 1,8 m Fallschutz<\/li>\n<li>Als Handheld-Version oder mit Pistolengriff erh\u00e4ltlich<\/li>\n<li>3,5&#8221;-Multitouch-Display und Tastenfeld mit 3 verschiedenen Layouts<\/li>\n<li>Freie Betriebssystem-Wahl: Windows Embedded Compact 7 oder Android<\/li>\n<\/ul>\n<h3>Abk\u00fcndigung des\u00a0 Falcon X4<\/h3>\n<p>Der Datalogic Falcon X4 wird durch den <strong><a href=\"https:\/\/www.highway-gmbh.de\/produkte\/mdes\/datalogic-mdes\/datalogic-skorpio-x5\/\">Nachfolger Skorpio X5<\/a>\u00a0<\/strong>abgel\u00f6st.<\/p>\n","protected":false},"featured_media":1358,"template":"page-sidebar-left.php","meta":[],"product_brand":[],"product_cat":[44,37],"product_tag":[53,54],"class_list":{"0":"post-514","1":"product","2":"type-product","3":"status-publish","4":"has-post-thumbnail","6":"product_cat-datalogic-mdes","7":"product_cat-mdes","8":"product_tag-datalogic","9":"product_tag-falcon","11":"first","12":"instock","13":"virtual","14":"product-type-simple"},"translation":{"provider":"WPGlobus","version":"3.0.2","language":"en","enabled_languages":["de","en"],"languages":{"de":{"title":true,"content":true,"excerpt":true},"en":{"title":false,"content":false,"excerpt":false}}},"_links":{"self":[{"href":"https:\/\/www.highway-gmbh.de\/en\/wp-json\/wp\/v2\/product\/514","targetHints":{"allow":["GET"]}}],"collection":[{"href":"https:\/\/www.highway-gmbh.de\/en\/wp-json\/wp\/v2\/product"}],"about":[{"href":"https:\/\/www.highway-gmbh.de\/en\/wp-json\/wp\/v2\/types\/product"}],"wp:featuredmedia":[{"embeddable":true,"href":"https:\/\/www.highway-gmbh.de\/en\/wp-json\/wp\/v2\/media\/1358"}],"wp:attachment":[{"href":"https:\/\/www.highway-gmbh.de\/en\/wp-json\/wp\/v2\/media?parent=514"}],"wp:term":[{"taxonomy":"product_brand","embeddable":true,"href":"https:\/\/www.highway-gmbh.de\/en\/wp-json\/wp\/v2\/product_brand?post=514"},{"taxonomy":"product_cat","embeddable":true,"href":"https:\/\/www.highway-gmbh.de\/en\/wp-json\/wp\/v2\/product_cat?post=514"},{"taxonomy":"product_tag","embeddable":true,"href":"https:\/\/www.highway-gmbh.de\/en\/wp-json\/wp\/v2\/product_tag?post=514"}],"curies":[{"name":"wp","href":"https:\/\/api.w.org\/{rel}","templated":true}]}}