{"id":2458,"date":"2024-03-26T11:00:48","date_gmt":"2024-03-26T10:00:48","guid":{"rendered":"https:\/\/www.highway-gmbh.de\/?post_type=product&#038;p=2458"},"modified":"2024-03-27T10:14:41","modified_gmt":"2024-03-27T09:14:41","slug":"idata-t2hc","status":"publish","type":"product","link":"https:\/\/www.highway-gmbh.de\/en\/produkte\/mdes\/idata-mdes\/idata-t2hc\/","title":{"rendered":"iDATA T2HC"},"content":{"rendered":"<div class=\"headline\">\n<div class=\"headline\">\n<div>\n<div id=\"comp-lkuuoc6x1\" class=\"KcpHeO tz5f0K comp-lkuuoc6x1 wixui-rich-text\" data-testid=\"richTextElement\">\n<div id=\"comp-llz9zbk31\" class=\"KcpHeO tz5f0K comp-llz9zbk31 wixui-rich-text\" data-testid=\"richTextElement\">\n<h1>iDATA T2HC<\/h1>\n<h2><span class=\"wixui-rich-text__text\">ANDROID 11 basiertes &#8211; High End HealthCare Handheld Scanner<\/span><\/h2>\n<p>iDATA ist einer der renommiertesten Hersteller von robusten &amp; zuverl\u00e4ssigen Computern in China. Mit dem\u00a0<span class=\"wixui-rich-text__text\">T2<\/span><span class=\"wixui-rich-text__text\">HC<\/span>\u00a0hat iDATA eine neue<span class=\"wixui-rich-text__text\">\u00a0HealthCare\u00a0<\/span>Ger\u00e4tegeneration auf den Markt gebracht, die technisch wie auch preislich zur Spitzenklasse geh\u00f6rt. Das neue <span class=\"wixui-rich-text__text\">T2<\/span><span class=\"wixui-rich-text__text\">HC<\/span> wird mit Android 11 ausgeliefert und ist SOTI zertifiziert. iDATA steht f\u00fcr hohe QUALIT\u00c4T und up-to-date TECHNOLOGIE !<\/p>\n<p>Die Nutzung der 4G-Netzwerke erm\u00f6glicht dem medizinischen Personal den schnellen und sicheren Zugriff auf Patientendaten in Echtzeit. Der Octa-core 2.0GHz Prozessor und der auswechselbare 4200mAh\/4500mAh starke Lithium-Ionen Akku\u00a0 sorgen f\u00fcr eine zuverl\u00e4ssige Einsatzbereitschaft w\u00e4hrend des Arbeitstages. Der 6 Zoll gro\u00dfe Ultra-HD Bildschirm kann auch mit feuchten H\u00e4nden oder Gummihandschuhen bedient werden. Das robuste Geh\u00e4use ist sturzsicher bis zu 1,5 Metern H\u00f6he und die IP67 Zertifizierung garantiert die Wasserdichte und die Widerstandsf\u00e4higkeit gegen\u00a0 Desinfektionsmittel und Korrosionsbest\u00e4ndigkeit gegen\u00fcber anderen medizinischen Fl\u00fcssigkeiten. Der integrierte Barcodescanner ist f\u00fcr den Einsatz im Medizinbereich optimiert. Mit verschiedenen Halterungen und anderem Zubeh\u00f6r kann das T2HC einem reibungslosen Einsatz in allen Bereichen des Gesundheitswesens gerecht werden.<\/p>\n<h3><a href=\"https:\/\/www.highway-gmbh.de\/wp-content\/uploads\/iDATA_T2HC_datasheet_en.pdf\">Datenblatt iDATA T2HC<\/a><\/h3>\n<\/div>\n<\/div>\n<\/div>\n<\/div>\n<\/div>\n","protected":false},"excerpt":{"rendered":"<ul>\n<li class=\"wixui-rich-text__text\"><span class=\"wixui-rich-text__text\">6.21&#8243; Display (1520*720 Ultra-HD)<\/span><\/li>\n<li class=\"wixui-rich-text__text\"><span class=\"wixui-rich-text__text\">Android 11\u00a0 &#8211; GMS zertifiziert<\/span><\/li>\n<li class=\"wixui-rich-text__text\"><span class=\"wixui-rich-text__text\">Octa-core 2.0 GHz Prozessor<\/span><\/li>\n<li class=\"wixui-rich-text__text\"><span class=\"wixui-rich-text__text\">16MP R\u00fcckseite und 5MP vorderseitige Kamera<\/span><\/li>\n<li class=\"wixui-rich-text__text\"><span class=\"wixui-rich-text__text\">verbauter <\/span><span class=\"wixui-rich-text__text\">Honeywell N6703 1D\/2D Barcode Scanner<\/span><\/li>\n<li>vielf\u00e4ltige Schnittstellen zur Einbindung in die bestehenden Anwendungen:\n<ul>\n<li class=\"wixui-rich-text__text\"><span class=\"wixui-rich-text__text\">\u200b4G<\/span><\/li>\n<li class=\"wixui-rich-text__text\"><span class=\"wixui-rich-text__text\">WIFI 802.11 a\/b\/g\/n\/ac\/d\/e\/h\/i\/j\/k\/r\/v\/w<br \/>\n<\/span><\/li>\n<li class=\"wixui-rich-text__text\"><span class=\"wixui-rich-text__text\">Bluetooth V5.<\/span>0<\/li>\n<li class=\"wixui-rich-text__text\"><span class=\"wixui-rich-text__text\">NFC (Optional)<\/span><\/li>\n<\/ul>\n<\/li>\n<li class=\"wixui-rich-text__text\"><span class=\"wixui-rich-text__text\">wechselbarer 4200mAh Li-Ion Batterie<\/span><\/li>\n<\/ul>\n","protected":false},"featured_media":2426,"template":"page-sidebar-left.php","meta":[],"product_brand":[],"product_cat":[132,37],"product_tag":[85],"class_list":{"0":"post-2458","1":"product","2":"type-product","3":"status-publish","4":"has-post-thumbnail","6":"product_cat-idata-mdes","7":"product_cat-mdes","8":"product_tag-android","10":"first","11":"instock","12":"virtual","13":"product-type-simple"},"translation":{"provider":"WPGlobus","version":"3.0.2","language":"en","enabled_languages":["de","en"],"languages":{"de":{"title":true,"content":true,"excerpt":true},"en":{"title":false,"content":false,"excerpt":false}}},"_links":{"self":[{"href":"https:\/\/www.highway-gmbh.de\/en\/wp-json\/wp\/v2\/product\/2458","targetHints":{"allow":["GET"]}}],"collection":[{"href":"https:\/\/www.highway-gmbh.de\/en\/wp-json\/wp\/v2\/product"}],"about":[{"href":"https:\/\/www.highway-gmbh.de\/en\/wp-json\/wp\/v2\/types\/product"}],"wp:featuredmedia":[{"embeddable":true,"href":"https:\/\/www.highway-gmbh.de\/en\/wp-json\/wp\/v2\/media\/2426"}],"wp:attachment":[{"href":"https:\/\/www.highway-gmbh.de\/en\/wp-json\/wp\/v2\/media?parent=2458"}],"wp:term":[{"taxonomy":"product_brand","embeddable":true,"href":"https:\/\/www.highway-gmbh.de\/en\/wp-json\/wp\/v2\/product_brand?post=2458"},{"taxonomy":"product_cat","embeddable":true,"href":"https:\/\/www.highway-gmbh.de\/en\/wp-json\/wp\/v2\/product_cat?post=2458"},{"taxonomy":"product_tag","embeddable":true,"href":"https:\/\/www.highway-gmbh.de\/en\/wp-json\/wp\/v2\/product_tag?post=2458"}],"curies":[{"name":"wp","href":"https:\/\/api.w.org\/{rel}","templated":true}]}}