{"id":2457,"date":"2024-03-26T11:01:31","date_gmt":"2024-03-26T10:01:31","guid":{"rendered":"https:\/\/www.highway-gmbh.de\/?post_type=product&#038;p=2457"},"modified":"2024-03-27T10:14:56","modified_gmt":"2024-03-27T09:14:56","slug":"idata-t2g","status":"publish","type":"product","link":"https:\/\/www.highway-gmbh.de\/en\/produkte\/mdes\/idata-mdes\/idata-t2g\/","title":{"rendered":"iDATA T2G"},"content":{"rendered":"<div class=\"headline\">\n<div class=\"headline\">\n<div>\n<div id=\"comp-lkuuoc6x1\" class=\"KcpHeO tz5f0K comp-lkuuoc6x1 wixui-rich-text\" data-testid=\"richTextElement\">\n<div id=\"comp-llz9zbk31\" class=\"KcpHeO tz5f0K comp-llz9zbk31 wixui-rich-text\" data-testid=\"richTextElement\">\n<h1 class=\"font_2 wixui-rich-text__text\"><span class=\"wixui-rich-text__text\">iDATA T2G <\/span><\/h1>\n<h2 class=\"font_2 wixui-rich-text__text\">Bereit f\u00fcr jede Herausforderung<\/h2>\n<\/div>\n<p>iDATA ist einer der renommiertesten Hersteller von robusten &amp; zuverl\u00e4ssigen Computern in China. Mit dem\u00a0<span class=\"wixui-rich-text__text\">T2<\/span><span class=\"wixui-rich-text__text\">G<\/span>\u00a0hat iDATA eine neue Ger\u00e4tegeneration\u00a0<span class=\"wixui-rich-text__text\">mit fest montiertem Handgriff\u00a0<\/span>auf den Markt gebracht, die technisch wie auch preislich zur Spitzenklasse geh\u00f6rt. Der neue T2G wird mit Android 12 ausgeliefert und ist SOTI zertifiziert. iDATA steht f\u00fcr hohe QUALIT\u00c4T und up-to-date TECHNOLOGIE !<\/p>\n<p>Das iDATA T2G ist ein leistungsstarkes mobiles Datenerfassungsger\u00e4t, das mit seinem 6,21&#8243; gro\u00dfen Ultra-HD Display und der schnellen 5G\/LTE Verbindung f\u00fcr den effizienten Einsatz in unterschiedlichen Umgebungen entwickelt wurde. Das gro\u00dfe Ultra-HD Display erh\u00f6ht die Lesbarkeit, auch bei schwierigen Lichtverh\u00e4ltnissen, und erleichtert die Bedienung des T2G, sowohl mit Handschuhen als auch mit feuchten H\u00e4nden. Der verbaute 2.0GHz Octa-Core Hochleistungsprozessor und die 5G\/LTE F\u00e4higkeit des T2G garantieren eine schnelle Daten\u00fcbertragung und minimieren Verz\u00f6gerungen bei der Bereitstellung von Daten, selbst wenn keine Wi-Fi Verbindung zur Verf\u00fcgung steht. Weitere Schnittstellen, wie z.B. WI-FI 802.11 a\/b\/g\/n\/ac (2,4G und 5 Dual-Band Wi-Fi), Bluetooth 5.1 oder GPS stehen f\u00fcr die reibungslose Einbindung in die bestehenden Systeme zur Verf\u00fcgung. Der verbaute Honeywell N6703 Scanner l\u00e4sst das T2G alle 1D\/2D-Codes m\u00fchelos in der Standard Reichweite lesen.<\/p>\n<div data-testid=\"richTextElement\">Ausgestattet mit einem auswechselbaren 6700mAh Lithium-Ionen Akku im Griff und einem festverbauten 4500mAh Akku im Ger\u00e4t ist der T2G bereit f\u00fcr lange arbeitsintensive Eins\u00e4tze.<\/div>\n<div>\n<div class=\"KcpHeO tz5f0K comp-lkuuoc6x1 wixui-rich-text\" data-testid=\"richTextElement\">Die IP67 Zertifizierung und die Sturzsicherheit aus bis zu 1,5m H\u00f6he sch\u00fctzen das T2G bei Einsatz in einer raueren Umgebung.<\/div>\n<\/div>\n<div id=\"bgMedia_comp-lkuuoc7f3\" class=\"VgO9Yg\">\n<h3><a href=\"https:\/\/www.highway-gmbh.de\/wp-content\/uploads\/iData_T2G_datasheet.en_.pdf\">Datenblatt iDATA T2G<\/a><\/h3>\n<\/div>\n<\/div>\n<\/div>\n<div id=\"bgMedia_comp-lkuuoc7f3\" class=\"VgO9Yg\"><\/div>\n<\/div>\n<\/div>\n","protected":false},"excerpt":{"rendered":"<ul>\n<li class=\"wixui-rich-text__text\"><span class=\"wixui-rich-text__text\">6.21&#8243; Display (1520*720 Ultra-HD)<\/span><\/li>\n<li class=\"wixui-rich-text__text\"><span class=\"wixui-rich-text__text\">fest montierter Scanner Handgriff<\/span><\/li>\n<li class=\"wixui-rich-text__text\"><span class=\"wixui-rich-text__text\">Android 12\u00a0\u00a0<\/span><\/li>\n<li class=\"wixui-rich-text__text\"><span class=\"wixui-rich-text__text\">Octa-core 2.0 GHz Prozessor<\/span><\/li>\n<li class=\"wixui-rich-text__text\"><span class=\"wixui-rich-text__text\">verbauter Honeywell N6703 1D\/2D Barcode Scanner<\/span><\/li>\n<li>vielf\u00e4ltige Schnittstellen zur Einbindung in die bestehenden Anwendungen:\n<ul>\n<li class=\"wixui-rich-text__text\"><span class=\"wixui-rich-text__text\">\u200b5G\/LTE<\/span><\/li>\n<li class=\"wixui-rich-text__text\"><span class=\"wixui-rich-text__text\">WIFI 802.11 a\/b\/g\/n\/ac\u00a0<\/span><\/li>\n<li class=\"wixui-rich-text__text\"><span class=\"wixui-rich-text__text\">Bluetooth 5.<\/span>1<\/li>\n<\/ul>\n<\/li>\n<li class=\"wixui-rich-text__text\"><span class=\"wixui-rich-text__text\">wechselbarer 6700mAh Li-Ion Batterie im Griff, eingebauter 4500mAH Li-Ion Batterie<\/span><\/li>\n<\/ul>\n","protected":false},"featured_media":2433,"template":"page-sidebar-left.php","meta":[],"product_brand":[],"product_cat":[132,37],"product_tag":[85],"class_list":{"0":"post-2457","1":"product","2":"type-product","3":"status-publish","4":"has-post-thumbnail","6":"product_cat-idata-mdes","7":"product_cat-mdes","8":"product_tag-android","10":"first","11":"instock","12":"virtual","13":"product-type-simple"},"translation":{"provider":"WPGlobus","version":"3.0.2","language":"en","enabled_languages":["de","en"],"languages":{"de":{"title":true,"content":true,"excerpt":true},"en":{"title":false,"content":false,"excerpt":false}}},"_links":{"self":[{"href":"https:\/\/www.highway-gmbh.de\/en\/wp-json\/wp\/v2\/product\/2457","targetHints":{"allow":["GET"]}}],"collection":[{"href":"https:\/\/www.highway-gmbh.de\/en\/wp-json\/wp\/v2\/product"}],"about":[{"href":"https:\/\/www.highway-gmbh.de\/en\/wp-json\/wp\/v2\/types\/product"}],"wp:featuredmedia":[{"embeddable":true,"href":"https:\/\/www.highway-gmbh.de\/en\/wp-json\/wp\/v2\/media\/2433"}],"wp:attachment":[{"href":"https:\/\/www.highway-gmbh.de\/en\/wp-json\/wp\/v2\/media?parent=2457"}],"wp:term":[{"taxonomy":"product_brand","embeddable":true,"href":"https:\/\/www.highway-gmbh.de\/en\/wp-json\/wp\/v2\/product_brand?post=2457"},{"taxonomy":"product_cat","embeddable":true,"href":"https:\/\/www.highway-gmbh.de\/en\/wp-json\/wp\/v2\/product_cat?post=2457"},{"taxonomy":"product_tag","embeddable":true,"href":"https:\/\/www.highway-gmbh.de\/en\/wp-json\/wp\/v2\/product_tag?post=2457"}],"curies":[{"name":"wp","href":"https:\/\/api.w.org\/{rel}","templated":true}]}}