{"id":2456,"date":"2024-03-26T11:02:11","date_gmt":"2024-03-26T10:02:11","guid":{"rendered":"https:\/\/www.highway-gmbh.de\/?post_type=product&#038;p=2456"},"modified":"2024-03-27T10:15:41","modified_gmt":"2024-03-27T09:15:41","slug":"idata-t2","status":"publish","type":"product","link":"https:\/\/www.highway-gmbh.de\/en\/produkte\/mdes\/idata-mdes\/idata-t2\/","title":{"rendered":"iDATA T2"},"content":{"rendered":"<div class=\"headline\">\n<div class=\"headline\">\n<div>\n<div id=\"comp-lkuuoc6x1\" class=\"KcpHeO tz5f0K comp-lkuuoc6x1 wixui-rich-text\" data-testid=\"richTextElement\">\n<h1 class=\"font_2 wixui-rich-text__text\"><span class=\"wixui-rich-text__text\">iDATA T2 <\/span><\/h1>\n<h1 class=\"font_2 wixui-rich-text__text\">Entwickelt f\u00fcr die Arbeit im Freien<\/h1>\n<\/div>\n<\/div>\n<div id=\"bgMedia_comp-lkuuoc7f3\" class=\"VgO9Yg\">\n<p>iDATA ist einer der renommiertesten Hersteller von robusten &amp; zuverl\u00e4ssigen Computern in China. Mit dem T2\u00a0hat iDATA eine neue Ger\u00e4tegeneration auf den Markt gebracht, die technisch wie auch preislich zur Spitzenklasse geh\u00f6rt. Der neue T2 wird mit Android 12 ausgeliefert und ist SOTI zertifiziert. iDATA steht f\u00fcr hohe QUALIT\u00c4T und up-to-date TECHNOLOGIE !<\/p>\n<p>Das iDATA T2 ist ein leistungsstarkes mobiles Datenerfassungsger\u00e4t, das mit seinem 6,21&#8243; gro\u00dfen Ultra-HD Display und der schnellen 4G\/LTE Verbindung f\u00fcr den effizienten Einsatz im Freien entwickelt wurde. Das gro\u00dfe Ultra-HD Display erh\u00f6ht die Lesbarkeit, auch bei schwierigen Lichtverh\u00e4ltnissen, und erleichtert die Bedienung des T2, sowohl mit Handschuhen als auch mit feuchten H\u00e4nden. Durch die 4G\/LTE F\u00e4higkeit des T2 wird eine schnelle Daten\u00fcbertragung garantiert und Verz\u00f6gerungen bei der Bereitstellung von Daten minimiert, selbst wenn keine Wi-Fi Verbindung zur Verf\u00fcgung steht. Weitere Schnittstellen, wie z.B. WI-FI 802.11 a\/b\/g\/n\/r\/ac (2,4G und 5 Dual-Band Wi-Fi), Bluetooth V5.0 oder GPS stehen f\u00fcr die reibungslose Einbindung in die bestehenden Systeme zur Verf\u00fcgung.<\/p>\n<p>Das mit einem 2.0GHz Octa-Core Hochleistungsprozessor und Android 12 ausgelieferte T2 kann f\u00fcr eine l\u00e4ngere Lebensspanne bis Android 15 aktualisiert werden. Die IP67 Zertifizierung und die Sturzsicherheit aus bis zu 1,5m H\u00f6he sch\u00fctzen das T2 bei Einsatz in einer raueren Umgebung.<\/p>\n<p>Der verbaute Honeywell N6703 Scanner l\u00e4sst das T2 alle 1D\/2D-Codes m\u00fchelos in der Standard Reichweite lesen. Bei den auswechselbaren Lithium-Ionen Akkus kann zwischen der Variante mit 4500mAH und 4200mAh f\u00fcr die Anwendung mit NFC\u00a0 gew\u00e4hlt werden.<\/p>\n<h3>\u00a0<a href=\"https:\/\/www.highway-gmbh.de\/wp-content\/uploads\/iData_T2_datasheet.en_.pdf\">Datenblatt iDATA T2<\/a><\/h3>\n<\/div>\n<\/div>\n<\/div>\n","protected":false},"excerpt":{"rendered":"<ul>\n<li class=\"wixui-rich-text__text\"><span class=\"wixui-rich-text__text\">6.21&#8243; Display (1520*720 Ultra-HD)<\/span><\/li>\n<li class=\"wixui-rich-text__text\"><span class=\"wixui-rich-text__text\">Android 12\u00a0 (Upgrade bis Android 15 m\u00f6glich)<\/span><\/li>\n<li class=\"wixui-rich-text__text\">verbauter Honeywell N6703 1D\/2D Barcode Scanner<\/li>\n<li class=\"wixui-rich-text__text\"><span class=\"wixui-rich-text__text\">verschiedene Schnittstellen: <\/span>\n<ul class=\"font_8 wixui-rich-text__text\">\n<li class=\"wixui-rich-text__text\"><span class=\"wixui-rich-text__text\">4G\/LTE<\/span><\/li>\n<li class=\"wixui-rich-text__text\"><span class=\"wixui-rich-text__text\">WIFI 802.11 a\/b\/g\/n\/ac\u00a0<\/span><\/li>\n<li class=\"wixui-rich-text__text\"><span class=\"wixui-rich-text__text\">Bluetooth V5.<\/span>0<\/li>\n<li class=\"wixui-rich-text__text\"><span class=\"wixui-rich-text__text\">NFC (Optional)<\/span><\/li>\n<\/ul>\n<\/li>\n<li class=\"wixui-rich-text__text\"><span class=\"wixui-rich-text__text\">wechselbarer 4500mAh Li-Ion Batterie (mit NFC 4200mAh)<\/span><\/li>\n<\/ul>\n","protected":false},"featured_media":2451,"template":"page-sidebar-left.php","meta":[],"product_brand":[],"product_cat":[132,37],"product_tag":[85],"class_list":{"0":"post-2456","1":"product","2":"type-product","3":"status-publish","4":"has-post-thumbnail","6":"product_cat-idata-mdes","7":"product_cat-mdes","8":"product_tag-android","10":"first","11":"instock","12":"virtual","13":"product-type-simple"},"translation":{"provider":"WPGlobus","version":"3.0.2","language":"en","enabled_languages":["de","en"],"languages":{"de":{"title":true,"content":true,"excerpt":true},"en":{"title":false,"content":false,"excerpt":false}}},"_links":{"self":[{"href":"https:\/\/www.highway-gmbh.de\/en\/wp-json\/wp\/v2\/product\/2456","targetHints":{"allow":["GET"]}}],"collection":[{"href":"https:\/\/www.highway-gmbh.de\/en\/wp-json\/wp\/v2\/product"}],"about":[{"href":"https:\/\/www.highway-gmbh.de\/en\/wp-json\/wp\/v2\/types\/product"}],"wp:featuredmedia":[{"embeddable":true,"href":"https:\/\/www.highway-gmbh.de\/en\/wp-json\/wp\/v2\/media\/2451"}],"wp:attachment":[{"href":"https:\/\/www.highway-gmbh.de\/en\/wp-json\/wp\/v2\/media?parent=2456"}],"wp:term":[{"taxonomy":"product_brand","embeddable":true,"href":"https:\/\/www.highway-gmbh.de\/en\/wp-json\/wp\/v2\/product_brand?post=2456"},{"taxonomy":"product_cat","embeddable":true,"href":"https:\/\/www.highway-gmbh.de\/en\/wp-json\/wp\/v2\/product_cat?post=2456"},{"taxonomy":"product_tag","embeddable":true,"href":"https:\/\/www.highway-gmbh.de\/en\/wp-json\/wp\/v2\/product_tag?post=2456"}],"curies":[{"name":"wp","href":"https:\/\/api.w.org\/{rel}","templated":true}]}}