{"id":2455,"date":"2024-03-26T10:58:10","date_gmt":"2024-03-26T09:58:10","guid":{"rendered":"https:\/\/www.highway-gmbh.de\/?post_type=product&#038;p=2455"},"modified":"2024-03-27T10:16:26","modified_gmt":"2024-03-27T09:16:26","slug":"idata-k8","status":"publish","type":"product","link":"https:\/\/www.highway-gmbh.de\/en\/produkte\/mdes\/idata-mdes\/idata-k8\/","title":{"rendered":"iDATA K8"},"content":{"rendered":"<div class=\"headline\">\n<div class=\"headline\">\n<h1>iDATA K8<\/h1>\n<h2>Ein extrem robuster Android Mobilcomputer f\u00fcr vielf\u00e4ltige Anwendungen<\/h2>\n<p>Der iDATA K8 ist ein extrem robuster Mobilcomputer mit vielf\u00e4ltigen Einsatzm\u00f6glichkeiten dank seiner w\u00e4hlbaren Ausstattung. Der mit einem 2.0GHz Octa-Core Hochleistungsprozessor und Android 12 ausgestattet Mobilcomputer kann mit zwei verschiedenen Tastaturlayouts sowie verschiedener Barcode Scanner, wie z.B. dem ZEBRA SE4850 Long Range Scanner f\u00fcr Reichweiten mit bis zu 21m oder dem Honeywell N6703 f\u00fcr die Standard Reichweite passend f\u00fcr das jeweilige Einsatzszenario ausgestattet werden. Dar\u00fcber hinaus verf\u00fcgt der K8 \u00fcber einen austauschbaren 6700 mAH starken Lithium Ionen Akku, der mit Hilfe eines optionalen Ausl\u00f6segriffs schnell und unkompliziert im laufenden Betrieb ausgetauscht werden kann.<\/p>\n<p>Der industrietaugliche kapazitive 4&#8243;-Touchscreen nimmt Befehle in allen Umgebungen an, egal ob die Bedienung mit nassen H\u00e4nden, Handschuhen, Multi-Touch oder Gesten erfolgt. Das robuste Geh\u00e4use des K8 ist IP68 zertifiziert und \u00fcbersteht mit Schutzh\u00fclle St\u00fcrze aus bis zu 1,8m H\u00f6he.<\/p>\n<p>Der iDATA K8 unterst\u00fctzt eine Vielzahl von Schnittstellen, wie z.B. 4G\/LTE, Bluetooth V5.0\/BLE, GPS oder 2,4G und 5 Dual-Band WI-FI, f\u00fcr die reibungslose Einbindung in die bestehenden Anwendungen um die Prozesse in Lagerhaltung, Fertigung, Industrie und Handel sowohl im Innen- als auch im Au\u00dfendienst zu vereinfachen und unterst\u00fctzen.<\/p>\n<h3><a href=\"https:\/\/www.highway-gmbh.de\/wp-content\/uploads\/iData_K8_datasheet.en_.pdf\">Datenblatt iDATA K8<\/a><\/h3>\n<\/div>\n<\/div>\n","protected":false},"excerpt":{"rendered":"<ul>\n<li class=\"wixui-rich-text__text\"><span class=\"wixui-rich-text__text\">Android-Mobilcomputer mit 4.0&#8243; Display (800&#215;480) IPS HD Retina Bildschirm<\/span><\/li>\n<li class=\"wixui-rich-text__text\"><span class=\"wixui-rich-text__text\">verschiedene Scan Engines verf\u00fcgbar:<\/span>\n<ul class=\"wixui-rich-text__text\">\n<li class=\"wixui-rich-text__text\"><span class=\"wixui-rich-text__text\">ZEBRA SE4850 1D\/2D Barcode Scanner<br \/>\n<\/span><span class=\"wixui-rich-text__text\">(LongRange 21m)<\/span><\/li>\n<li class=\"wixui-rich-text__text\"><span class=\"wixui-rich-text__text\">Honeywell N6703 1D\/2D Barcode Scanner<br \/>\n(StandardRange)<\/span><\/li>\n<\/ul>\n<\/li>\n<li class=\"wixui-rich-text__text\">IP68 zertifiziert, sturzsicher bis zu 1,50m (ohne Schutzh\u00fclle)<\/li>\n<li class=\"wixui-rich-text__text\"><span class=\"wixui-rich-text__text\">wechselbarer 6700 mAh Akku, Hot-Swap f\u00e4hig\u00a0<\/span><\/li>\n<li>vielf\u00e4ltige Schnittstellen zur Einbindung in die bestehenden Anwendungen:\n<ul class=\"font_8 wixui-rich-text__text\">\n<li class=\"wixui-rich-text__text\"><span class=\"wixui-rich-text__text\">4G\/LTE<\/span><\/li>\n<li class=\"wixui-rich-text__text\"><span class=\"wixui-rich-text__text\">802.11a\/b\/g\/n\/r\/ac (2.4G + 5G dual-band Wi-Fi), support Wi-Fi 5G PA amplifier<\/span><\/li>\n<li class=\"wixui-rich-text__text\"><span class=\"wixui-rich-text__text\">Bluetooth V5.0\/BLE<\/span><\/li>\n<li class=\"wixui-rich-text__text\"><span class=\"wixui-rich-text__text\">NFC<\/span><\/li>\n<li>GPS<\/li>\n<\/ul>\n<\/li>\n<\/ul>\n","protected":false},"featured_media":2430,"template":"page-sidebar-left.php","meta":[],"product_brand":[],"product_cat":[132,37],"product_tag":[85],"class_list":{"0":"post-2455","1":"product","2":"type-product","3":"status-publish","4":"has-post-thumbnail","6":"product_cat-idata-mdes","7":"product_cat-mdes","8":"product_tag-android","10":"first","11":"instock","12":"virtual","13":"product-type-simple"},"translation":{"provider":"WPGlobus","version":"3.0.2","language":"en","enabled_languages":["de","en"],"languages":{"de":{"title":true,"content":true,"excerpt":true},"en":{"title":false,"content":false,"excerpt":false}}},"_links":{"self":[{"href":"https:\/\/www.highway-gmbh.de\/en\/wp-json\/wp\/v2\/product\/2455","targetHints":{"allow":["GET"]}}],"collection":[{"href":"https:\/\/www.highway-gmbh.de\/en\/wp-json\/wp\/v2\/product"}],"about":[{"href":"https:\/\/www.highway-gmbh.de\/en\/wp-json\/wp\/v2\/types\/product"}],"wp:featuredmedia":[{"embeddable":true,"href":"https:\/\/www.highway-gmbh.de\/en\/wp-json\/wp\/v2\/media\/2430"}],"wp:attachment":[{"href":"https:\/\/www.highway-gmbh.de\/en\/wp-json\/wp\/v2\/media?parent=2455"}],"wp:term":[{"taxonomy":"product_brand","embeddable":true,"href":"https:\/\/www.highway-gmbh.de\/en\/wp-json\/wp\/v2\/product_brand?post=2455"},{"taxonomy":"product_cat","embeddable":true,"href":"https:\/\/www.highway-gmbh.de\/en\/wp-json\/wp\/v2\/product_cat?post=2455"},{"taxonomy":"product_tag","embeddable":true,"href":"https:\/\/www.highway-gmbh.de\/en\/wp-json\/wp\/v2\/product_tag?post=2455"}],"curies":[{"name":"wp","href":"https:\/\/api.w.org\/{rel}","templated":true}]}}