{"id":2144,"date":"2023-06-09T11:54:49","date_gmt":"2023-06-09T09:54:49","guid":{"rendered":"https:\/\/www.highway-gmbh.de\/?post_type=product&#038;p=2144"},"modified":"2023-06-09T14:25:39","modified_gmt":"2023-06-09T12:25:39","slug":"datalogic-memor-11","status":"publish","type":"product","link":"https:\/\/www.highway-gmbh.de\/en\/produkte\/mdes\/datalogic-mdes\/datalogic-memor-11\/","title":{"rendered":"Datalogic Memor 11"},"content":{"rendered":"<h1>Datalogic Memor 11<\/h1>\n<h2>Multi-Touch-Mobilcomputer mit \u00fcberlegenen Funktionen<\/h2>\n<div class=\"clearfix text-formatted field field--name-field-description field--type-text-long field--label-hidden field__item\">Der Datalogic Memor 11 Mobilcomputer hat ein 5&#8243;-HD-Multitouchdisplay und ist der ideale Begleiter f\u00fcr alle mobilen Mitarbeiter in Einzelhandel, Lager, Fertigung sowie in der Transport- und Logistikbranche. Er hat ein aktuelles Android Betriebssystem, das bis Android 13+ upgradef\u00e4hig und damit eine zukunftssichere Investition ist. Erh\u00e4ltlich ist er als Modell mit Wi-Fi oder mit Wi-Fi und Mobilfunk.<\/div>\n<div class=\"clearfix text-formatted field field--name-field-product-text field--type-text-long field--label-hidden field__item\">\n<p>Datalogic hat die Verarbeitungsfunktionen des Mobilcomputers im Vergleich zum Vorg\u00e4ngermodell optimiert. Der Memor 11 ist zertifiziert als Android Enterprise Recommended-Ger\u00e4t mit den verst\u00e4rkten Sicherheits- und Datenschutzeinstellungen von Android 11 sowie den Vorteilen der Google Mobile Services. Er \u00fcberzeugt mit einem \u00fcberragenden 2D-Imager, der selbst in dunkler Umgebung schnell und zielsicher 2D-Barcodes erfasst. Dazu ist er mit der Datalogic Green-Spot-Technologie ausgestattet f\u00fcr visuelles Feedback bei guter Lesbarkeit. Ein \u00fcberlegenes Feature ist sein austauschbarer SafeSwap-Akku mit kontaktloser Ladefunktion: Ihre Kunden l\u00f6sen einfach die beiden Clips oben links und rechts am Akku, im Anschluss signalisiert ein LED-Licht die Bereitschaft f\u00fcr den Akkuwechsel im laufenden Betrieb, ohne dass hierf\u00fcr eine App verwendet werden muss.<\/p>\n<p>Sehr robust ist der Memor 11 auch: Er \u00fcbersteht St\u00fcrze aus 1,5 Metern H\u00f6he mit Schutzh\u00fclle, sowie St\u00fcrze aus 1,2 Metern H\u00f6he ohne Schutzh\u00fclle. Der Mobilcomputer ist IP65-zertifiziert und nach MIL-STD-810G getestet. Dazu ist er zuverl\u00e4ssig einsatzbereit in Temperaturbereichen von -20 bis +50 \u00b0C und hat ein chemikalienbest\u00e4ndiges Geh\u00e4use, das f\u00fcr die t\u00e4gliche Reinigung mit aggressiven Desinfektionsl\u00f6sungen geeignet ist.<\/p>\n<p>Der Memor 11 ist abw\u00e4rtskompatibel mit allem vorhandenen Memor 10-Zubeh\u00f6r. Erh\u00e4ltlich sind EASEOFCARE Service-Pl\u00e4ne und die Software Datalogic Shield zur Verl\u00e4ngerung des Lebenszyklus und f\u00fcr den jahrelangen Schutz des Ger\u00e4ts.<\/p>\n<\/div>\n<div><\/div>\n<h3><a href=\"https:\/\/www.highway-gmbh.de\/wp-content\/uploads\/datalogic_en_memor_11.pdf\">Datenblatt Datalogic Memor 11<\/a><\/h3>\n","protected":false},"excerpt":{"rendered":"<ul>\n<li class=\"field__item\">Android Mobilcomputer mit 5&#8243;-HD-Multitouchdisplay (Upgrades bis Android 13+)<\/li>\n<li class=\"field__item\">Ultraflacher 2D-Imager f\u00fcrs Scannen in dunkler Umgebung<\/li>\n<li class=\"field__item\">IP65-zertifiziert, Wi-Fi, Bluetooth 5.0, optional: 4G+ LTE<\/li>\n<li class=\"field__item\">Austauschbarer SafeSwap-Akku mit kontaktloser Ladefunktion<\/li>\n<li class=\"field__item\">Software \u00bbDatalogic Shield\u00ab f\u00fcr System-Upgrades und Firmware-Updates erh\u00e4ltlich<\/li>\n<\/ul>\n","protected":false},"featured_media":2147,"template":"","meta":[],"product_brand":[],"product_cat":[44,37],"product_tag":[85],"class_list":{"0":"post-2144","1":"product","2":"type-product","3":"status-publish","4":"has-post-thumbnail","6":"product_cat-datalogic-mdes","7":"product_cat-mdes","8":"product_tag-android","10":"first","11":"instock","12":"shipping-taxable","13":"product-type-simple"},"translation":{"provider":"WPGlobus","version":"3.0.2","language":"en","enabled_languages":["de","en"],"languages":{"de":{"title":true,"content":true,"excerpt":true},"en":{"title":false,"content":false,"excerpt":false}}},"_links":{"self":[{"href":"https:\/\/www.highway-gmbh.de\/en\/wp-json\/wp\/v2\/product\/2144","targetHints":{"allow":["GET"]}}],"collection":[{"href":"https:\/\/www.highway-gmbh.de\/en\/wp-json\/wp\/v2\/product"}],"about":[{"href":"https:\/\/www.highway-gmbh.de\/en\/wp-json\/wp\/v2\/types\/product"}],"wp:featuredmedia":[{"embeddable":true,"href":"https:\/\/www.highway-gmbh.de\/en\/wp-json\/wp\/v2\/media\/2147"}],"wp:attachment":[{"href":"https:\/\/www.highway-gmbh.de\/en\/wp-json\/wp\/v2\/media?parent=2144"}],"wp:term":[{"taxonomy":"product_brand","embeddable":true,"href":"https:\/\/www.highway-gmbh.de\/en\/wp-json\/wp\/v2\/product_brand?post=2144"},{"taxonomy":"product_cat","embeddable":true,"href":"https:\/\/www.highway-gmbh.de\/en\/wp-json\/wp\/v2\/product_cat?post=2144"},{"taxonomy":"product_tag","embeddable":true,"href":"https:\/\/www.highway-gmbh.de\/en\/wp-json\/wp\/v2\/product_tag?post=2144"}],"curies":[{"name":"wp","href":"https:\/\/api.w.org\/{rel}","templated":true}]}}