{"id":2138,"date":"2023-06-09T11:33:40","date_gmt":"2023-06-09T09:33:40","guid":{"rendered":"https:\/\/www.highway-gmbh.de\/?post_type=product&#038;p=2138"},"modified":"2023-06-09T11:36:00","modified_gmt":"2023-06-09T09:36:00","slug":"honeywell-ct47","status":"publish","type":"product","link":"https:\/\/www.highway-gmbh.de\/en\/produkte\/mdes\/honeywell-mdes\/honeywell-ct47\/","title":{"rendered":"Honeywell CT47"},"content":{"rendered":"<h1>Honeywell CT47<\/h1>\n<h2>Universell einsetzbares Handheld-Ger\u00e4t<\/h2>\n<div class=\"clearfix text-formatted field field--name-field-description field--type-text-long field--label-hidden field__item\">\n<p>Der Honeywell CT47 ist ein mobiles, universell einsetzbares Handheld-Ger\u00e4t f\u00fcr Arbeiten im Lager, in der Logistik und im Au\u00dfendienst. Sein robustes Geh\u00e4use ist auf Langlebigkeit und Funktionalit\u00e4t ausgelegt, staub- und wasserdicht nach IP65\/IP68 und h\u00e4lt St\u00fcrzen aus bis zu 3 Metern H\u00f6he stand. Das 5,5&#8243;-FHD-Display verf\u00fcgt \u00fcber Multi-Touch-Technologie und ist dank Gorilla Glass 5 kratz- und sto\u00dffest. Kombiniert wird die hohe Robustheit mit der Honeywell Mobility Edge mit garantiertem Support bis Android 16 und leistungsstarker Software wie der Operational Intelligence, Smart Talk, SmartPay und mehr.<\/p>\n<\/div>\n<div class=\"clearfix text-formatted field field--name-field-product-text field--type-text-long field--label-hidden field__item\">Im Inneren des CT47 sorgt ein 2,7 GHz Qualcomm QCS6490\/QCM6490 Octa-Core-Prozessor mit 6 oder 8 GB DDR4x RAM und 128 GB UFS f\u00fcr zuverl\u00e4ssige Leistung. Der 4.750-mAh-Akku (Standard) oder der 4.400-mAh-Akku (Wireless) sorgen f\u00fcr ausreichend Power. F\u00fcr eine schnelle und pr\u00e4zise Datenerfassung von 8 cm bis zu 24 m hat Honeywell den CT47 mit der innovativen FlexRange XLR Scan-Engine ausgestattet. Zudem verf\u00fcgt er \u00fcber 5G- und Wi-Fi 6E-Technologien, um auch in CBRS- und privaten Netzwerken jederzeit verbunden zu bleiben.<\/div>\n<div><\/div>\n<h3 class=\"clearfix text-formatted field field--name-field-product-text field--type-text-long field--label-hidden field__item\"><a href=\"https:\/\/www.highway-gmbh.de\/wp-content\/uploads\/honeywell_en_ct47.pdf\">Datenblatt Honeywell CT47<\/a><\/h3>\n","protected":false},"excerpt":{"rendered":"<ul>\n<li class=\"field__item\">Mobiles Handheld-Ger\u00e4t mit 5G und Wi-Fi 6E<\/li>\n<li class=\"field__item\">5,5&#8243;-FHD-Display mit Multi-Touch und Gorilla Glass 5<\/li>\n<li class=\"field__item\">IP65\/IP68-zertifiziert, sturzsicher aus bis zu 3 m<\/li>\n<li class=\"field__item\">Qualcomm QCS6490\/QCM6490 Octa-Core-Prozessor,<br \/>\nFlexRange XLR Scan-Engine<\/li>\n<li class=\"field__item\">Kompatibel mit Operational Intelligence, Smart Talk, SmartPay und mehr<\/li>\n<\/ul>\n","protected":false},"featured_media":2143,"template":"","meta":[],"product_brand":[],"product_cat":[89,37],"product_tag":[85],"class_list":{"0":"post-2138","1":"product","2":"type-product","3":"status-publish","4":"has-post-thumbnail","6":"product_cat-honeywell-mdes","7":"product_cat-mdes","8":"product_tag-android","10":"first","11":"instock","12":"virtual","13":"product-type-simple"},"translation":{"provider":"WPGlobus","version":"3.0.2","language":"en","enabled_languages":["de","en"],"languages":{"de":{"title":true,"content":true,"excerpt":true},"en":{"title":false,"content":false,"excerpt":false}}},"_links":{"self":[{"href":"https:\/\/www.highway-gmbh.de\/en\/wp-json\/wp\/v2\/product\/2138","targetHints":{"allow":["GET"]}}],"collection":[{"href":"https:\/\/www.highway-gmbh.de\/en\/wp-json\/wp\/v2\/product"}],"about":[{"href":"https:\/\/www.highway-gmbh.de\/en\/wp-json\/wp\/v2\/types\/product"}],"wp:featuredmedia":[{"embeddable":true,"href":"https:\/\/www.highway-gmbh.de\/en\/wp-json\/wp\/v2\/media\/2143"}],"wp:attachment":[{"href":"https:\/\/www.highway-gmbh.de\/en\/wp-json\/wp\/v2\/media?parent=2138"}],"wp:term":[{"taxonomy":"product_brand","embeddable":true,"href":"https:\/\/www.highway-gmbh.de\/en\/wp-json\/wp\/v2\/product_brand?post=2138"},{"taxonomy":"product_cat","embeddable":true,"href":"https:\/\/www.highway-gmbh.de\/en\/wp-json\/wp\/v2\/product_cat?post=2138"},{"taxonomy":"product_tag","embeddable":true,"href":"https:\/\/www.highway-gmbh.de\/en\/wp-json\/wp\/v2\/product_tag?post=2138"}],"curies":[{"name":"wp","href":"https:\/\/api.w.org\/{rel}","templated":true}]}}