{"id":2131,"date":"2023-05-30T10:52:14","date_gmt":"2023-05-30T08:52:14","guid":{"rendered":"https:\/\/www.highway-gmbh.de\/?post_type=product&#038;p=2131"},"modified":"2023-05-30T11:29:35","modified_gmt":"2023-05-30T09:29:35","slug":"zebra-et80-et85","status":"publish","type":"product","link":"https:\/\/www.highway-gmbh.de\/en\/produkte\/industrie-tablet-pcs\/zebra-industrie-tablet-pcs\/zebra-et80-et85\/","title":{"rendered":"Zebra ET80\/ET85"},"content":{"rendered":"<h1>Zebra ET80\/ET85<\/h1>\n<h2>Das robuste 2-in-1-Tablet<\/h2>\n<p>Die 2-in-1-Tablets Zebra ET80\/ET85 wurden speziell f\u00fcr Arbeiten im \u00f6ffentlichen Dienst entwickelt und kommen vor allem in Fertigung, staatlichen und lokalen Beh\u00f6rden oder Versorgungsunternehmen zum Einsatz. Dort sorgen sie mit ihren abnehmbaren Tastaturen und dem 12&#8243;-QHD-Display mit 800 Nits, 10-Punkt-Touch und kratzfestem Corning Gorilla Glass f\u00fcr eine einfache und schnelle Bedienung auch bei Sonneneinstrahlung und \u00fcberzeugen in jeder Situation und in jedem Umfeld mit einer erstklassigen Performance.<\/p>\n<p>Die beiden Tablets sind weitaus flexibler als ein Laptop: Sie sind mehr als 35 % d\u00fcnner und 20 % leichter als die wichtigsten 2-in-1-Konkurrenten mit der gleichen Bildschirmgr\u00f6\u00dfe. Durch einfaches Anbringen und Abnehmen der robusten Tastatur verwandeln sich die ET80\/ET85 Tablets in Sekundenschnelle in einen Laptop oder eine vollst\u00e4ndige station\u00e4re oder mobile Workstation. Sie entsprechen den e-Mark-Anforderungen und sind daher f\u00fcr den Einsatz in Fahrzeugen geeignet.<\/p>\n<p>Zur weiteren Ausstattung des ET80\/ET85 geh\u00f6ren leistungsstarke Intel Core i5 oder i7 Prozessoren der 11. Generation sowie ein Speicher von 8 oder 16 GB RAM und 128, 256 oder 512 GB SSD. Der austauschbare 5.180 mAh Lithium-Ionen-Akku mit PowerPrecision+-Technologie sorgt f\u00fcr lange Einsatzzeiten. Optional ist ein 3.400 mAh Hot-Swap-Akku mit bis zu 11 Stunden Laufzeit erh\u00e4ltlich. Zudem bieten die Tablets eine 5 MP Windows Hello Frontkamera und eine r\u00fcckseitige 13 MP Autofokus-Farbkamera mit benutzergesteuertem LED-Blitzlicht. Je nach Bedarf stehen auch ein integrierter 2D-Scanner mit SE4107 Scan-Engine und ein Windows Hello Fingerabdruckleser zur Verf\u00fcgung. Der Scanner, der auch schlecht gedruckte, besch\u00e4digte und verkratzte Barcodes liest, befindet sich in der rechten unteren Ecke der ET80\/ET85 Tablets. F\u00fcr Mitarbeiter im \u00f6ffentlichen Dienst bietet das den Vorteil, dass sie Dokumente leichter scannen, auch wenn das Tablet im Fahrzeug angedockt ist.<\/p>\n<p>Reibungslose Daten\u00fcbertragungen und eine hohe Konnektivit\u00e4t verdanken die Tablets ihrer gro\u00dfen Schnittstellenauswahl. Diese besteht aus USB-A 3.2, USB-C, Wi-Fi 6, Bluetooth 5.2, NFC und optional Ethernet. Das ET85 bietet zus\u00e4tzlich 5G und GPS sowie eine Nano und eSIM. Die Tablets sind mit zwei Lautsprechern und vier Mikrofonen mit Ger\u00e4uschunterdr\u00fcckung ausgestattet. Ob bei einem Push-to-Talk- oder Videoanruf, beim Notizen diktieren oder bei einem Sprachbefehl \u2013 jedes Wort wird verstanden. Zebra hat bei der Konzeption des ET80\/ET85 2-in-1-Tablets auf ein l\u00fcfterloses Design mit hoher Widerstandsf\u00e4higkeit gesetzt. Gem\u00e4\u00df IP65 sind sie vollst\u00e4ndig vor dem Eindringen von Staub und Strahlwasser gesch\u00fctzt und nach MIL-STD-810H und MIL-STD 461G sturzsicher aus bis zu 1,2 Metern oder mit optionaler Schutzh\u00fclle aus 1,5 Metern H\u00f6he. Dank der Class 1 Division 2-Zertifizierung lassen sich die Tablets ET80 und ET85 auch sicher nutzen, wenn sich in der N\u00e4he brennbare Gefahrstoffe befinden.<\/p>\n<p>F\u00fcr noch h\u00f6here Leistungen und mehr Effizienz greifen die Tablets ET80\/ET85 auf die Tools der Zebra Mobility DNA und Scanning DataCapture DNA zu. Dazu geh\u00f6ren Workforce Connect mit verschiedenen Push-to-Talk- und Textnachrichten-Funktionen sowie 123Scan f\u00fcr die automatisierte Erkennung und vereinfachte Konfiguration des integrierten Scanners.<\/p>\n<h3><a href=\"https:\/\/www.highway-gmbh.de\/wp-content\/uploads\/et80-et85-specification-sheet-de-de.pdf\">Datenblatt Zebra ET80\/ET85<\/a><\/h3>\n","protected":false},"excerpt":{"rendered":"<ul>\n<li class=\"field__item\">Robustes 2-in-1-Tablet mit abnehmbarer Tastatur<\/li>\n<li class=\"field__item\">12&#8243;-QHD-Touchdisplay mit 800 Nits und Corning Gorilla Glass<\/li>\n<li class=\"field__item\">Intel Core i5\/i7 Prozessoren der 11. Generation, 5.180 mAh Lithium-Polymer-Akku<\/li>\n<li class=\"field__item\">IP65 und e-Mark zertifiziert, sturzsicher aus bis zu 1,5 m (mit Schutzh\u00fclle)<\/li>\n<li class=\"field__item\">USB-C, Wi-Fi 6, Bluetooth 5.2, NFC und optional Ethernet; ET85: 5G und GPS<\/li>\n<\/ul>\n","protected":false},"featured_media":1802,"template":"page-sidebar-left.php","meta":[],"product_brand":[],"product_cat":[39,75],"product_tag":[],"class_list":{"0":"post-2131","1":"product","2":"type-product","3":"status-publish","4":"has-post-thumbnail","6":"product_cat-industrie-tablet-pcs","7":"product_cat-zebra-industrie-tablet-pcs","9":"first","10":"instock","11":"virtual","12":"product-type-simple"},"translation":{"provider":"WPGlobus","version":"3.0.2","language":"en","enabled_languages":["de","en"],"languages":{"de":{"title":true,"content":true,"excerpt":true},"en":{"title":false,"content":false,"excerpt":false}}},"_links":{"self":[{"href":"https:\/\/www.highway-gmbh.de\/en\/wp-json\/wp\/v2\/product\/2131","targetHints":{"allow":["GET"]}}],"collection":[{"href":"https:\/\/www.highway-gmbh.de\/en\/wp-json\/wp\/v2\/product"}],"about":[{"href":"https:\/\/www.highway-gmbh.de\/en\/wp-json\/wp\/v2\/types\/product"}],"wp:featuredmedia":[{"embeddable":true,"href":"https:\/\/www.highway-gmbh.de\/en\/wp-json\/wp\/v2\/media\/1802"}],"wp:attachment":[{"href":"https:\/\/www.highway-gmbh.de\/en\/wp-json\/wp\/v2\/media?parent=2131"}],"wp:term":[{"taxonomy":"product_brand","embeddable":true,"href":"https:\/\/www.highway-gmbh.de\/en\/wp-json\/wp\/v2\/product_brand?post=2131"},{"taxonomy":"product_cat","embeddable":true,"href":"https:\/\/www.highway-gmbh.de\/en\/wp-json\/wp\/v2\/product_cat?post=2131"},{"taxonomy":"product_tag","embeddable":true,"href":"https:\/\/www.highway-gmbh.de\/en\/wp-json\/wp\/v2\/product_tag?post=2131"}],"curies":[{"name":"wp","href":"https:\/\/api.w.org\/{rel}","templated":true}]}}