{"id":2119,"date":"2023-04-17T14:03:29","date_gmt":"2023-04-17T12:03:29","guid":{"rendered":"https:\/\/www.highway-gmbh.de\/?post_type=product&#038;p=2119"},"modified":"2023-04-17T14:10:25","modified_gmt":"2023-04-17T12:10:25","slug":"pokini-tab-fs5","status":"publish","type":"product","link":"https:\/\/www.highway-gmbh.de\/en\/produkte\/industrie-tablet-pcs\/pokini\/pokini-tab-fs5\/","title":{"rendered":"Pokini Tab FS5"},"content":{"rendered":"<h1>Pokini Tab FS5<\/h1>\n<h2>Handlich. Leicht. Klein.<\/h2>\n<p>Das Pokini Tab FS5 bietet mit seinem 5\u201c Display und der robusten Bauart eine absolut zuverl\u00e4ssige mobile L\u00f6sung f\u00fcr den Einsatz im Bereich Handel, Dienstleistung, Logistik, Lager, Produktion oder Transport.<\/p>\n<p>Durch die Hartgummiummantelung widerstehen die Ger\u00e4te jegliche St\u00fcrze aus bis zu 1,2 Metern Fallh\u00f6he. Durch die Schutzart IP65 ist das Ger\u00e4t gegen Eindringen von Staub und Wasser gut gesch\u00fctzt und sorgt somit f\u00fcr einen sicheren Betrieb selbst bei S\u00e4gesp\u00e4nen oder starkem Regen aus allen Winkeln. Es arbeitet einwandfrei bei Temperaturen zwischen -10 und +55 \u00b0C. Ob K\u00e4lte, Schnee oder Sonnenschein, das Pokini Tab FS5 bietet ideale Voraussetzungen, um im harten Arbeitsalltag langfristig seinen Nutzen zu beweisen.<\/p>\n<p>Um Ihren Arbeitsalltag noch weiter zu vereinfachen bieten wir Ihnen Zubeh\u00f6r, wie z.B. eine Ladestation, KFZ-\/Halterung, Backup Battery, einen Backstrap, Stift sowie einen praktischen Pistolengriff, der Ihnen eine bequeme Handhabung des Tablets in Verbindung mit dem Barcode-Scanner erm\u00f6glicht.<\/p>\n<h3><a href=\"https:\/\/www.highway-gmbh.de\/wp-content\/uploads\/Pokini-Tab-FS5_Datenblatt_DE-1.pdf\">Datenblatt Pokini Tab FS5<\/a><\/h3>\n","protected":false},"excerpt":{"rendered":"<ul>\n<li>klein, handlich, leicht und robust<\/li>\n<li>mit Android 9.0 Betriebssystem<\/li>\n<li>robustes Display mit Multi-Touch<\/li>\n<li>inkl. 1D\/2D Barcode-Reader<\/li>\n<li>inkl. Telefonfunktion, 4G LTE, GPS und NFC<\/li>\n<li>optional mit mechanischem Scan Trigger<\/li>\n<li>Google GMS mit Play Store und Google Maps<\/li>\n<\/ul>\n","protected":false},"featured_media":1905,"template":"page-sidebar-left.php","meta":[],"product_brand":[],"product_cat":[39,73],"product_tag":[74],"class_list":{"0":"post-2119","1":"product","2":"type-product","3":"status-publish","4":"has-post-thumbnail","6":"product_cat-industrie-tablet-pcs","7":"product_cat-pokini","8":"product_tag-pokini-tablet","10":"first","11":"instock","12":"virtual","13":"product-type-simple"},"translation":{"provider":"WPGlobus","version":"3.0.2","language":"en","enabled_languages":["de","en"],"languages":{"de":{"title":true,"content":true,"excerpt":true},"en":{"title":false,"content":false,"excerpt":false}}},"_links":{"self":[{"href":"https:\/\/www.highway-gmbh.de\/en\/wp-json\/wp\/v2\/product\/2119","targetHints":{"allow":["GET"]}}],"collection":[{"href":"https:\/\/www.highway-gmbh.de\/en\/wp-json\/wp\/v2\/product"}],"about":[{"href":"https:\/\/www.highway-gmbh.de\/en\/wp-json\/wp\/v2\/types\/product"}],"wp:featuredmedia":[{"embeddable":true,"href":"https:\/\/www.highway-gmbh.de\/en\/wp-json\/wp\/v2\/media\/1905"}],"wp:attachment":[{"href":"https:\/\/www.highway-gmbh.de\/en\/wp-json\/wp\/v2\/media?parent=2119"}],"wp:term":[{"taxonomy":"product_brand","embeddable":true,"href":"https:\/\/www.highway-gmbh.de\/en\/wp-json\/wp\/v2\/product_brand?post=2119"},{"taxonomy":"product_cat","embeddable":true,"href":"https:\/\/www.highway-gmbh.de\/en\/wp-json\/wp\/v2\/product_cat?post=2119"},{"taxonomy":"product_tag","embeddable":true,"href":"https:\/\/www.highway-gmbh.de\/en\/wp-json\/wp\/v2\/product_tag?post=2119"}],"curies":[{"name":"wp","href":"https:\/\/api.w.org\/{rel}","templated":true}]}}