{"id":2109,"date":"2023-04-03T12:58:27","date_gmt":"2023-04-03T10:58:27","guid":{"rendered":"https:\/\/www.highway-gmbh.de\/?post_type=product&#038;p=2109"},"modified":"2023-04-03T14:16:20","modified_gmt":"2023-04-03T12:16:20","slug":"getac-zx10","status":"publish","type":"product","link":"https:\/\/www.highway-gmbh.de\/en\/produkte\/industrie-tablet-pcs\/getac\/getac-zx10\/","title":{"rendered":"Getac ZX10"},"content":{"rendered":"<h1>Getac ZX10<\/h1>\n<h2>Das vollst\u00e4ndig robuste Tablet f\u00fcr die Industrie<\/h2>\n<p>Das vollst\u00e4ndig robuste Android-Tablet Getac ZX10 wurde speziell f\u00fcr die hohen Anspr\u00fcche von Versorgungsunternehmen, Transport und Logistik, Lager, Fertigung und der \u00f6ffentlichen Sicherheit entwickelt. Sein kapazitives 10,1&#8243;-LumiBond-Display mit Multi-Touch und Getac Sunlight Readable Technology l\u00e4sst sich selbst nass und mit Handschuhen nutzen. F\u00fcr ein nahtloses Benutzererlebnis und effiziente Arbeitsabl\u00e4ufe sorgt die Kombination aus Qualcomm Snapdragon 660 Mobile Plattform, Adreno 512 GPU, 6 GB LPDDR4-RAM und 128 GB Speicherplatz. Zwei im laufenden Betrieb austauschbare 4.990-mAh-Akkus (optional 9.980 mAh) stellen einen durchg\u00e4ngigen Betrieb sicher.<\/p>\n<p>\u00dcber die 8-MP-Frontkamera und die 16-MP-R\u00fcckkamera lassen sich hochwertige Foto- und Videoaufnahmen anfertigen. Wi-Fi 5, Bluetooth 5.0, dediziertes GPS und ein optionales 4G LTE-Modul gew\u00e4hrleistet eine schnelle Daten\u00fcbertragung und pr\u00e4zise Standortbestimmung, w\u00e4hrend zwei LTE-SIM-Kartensteckpl\u00e4tze den schnellen Wechsel zwischen zwei 4G-Netzbetreibern erm\u00f6glichen. Dar\u00fcber hinaus ist das ZX10 von Grund auf robust gebaut: Die MIL-STD-810H- und IP66-Zertifizierung macht es resistent gegen St\u00fcrze aus bis zu zwei Metern H\u00f6he, St\u00f6\u00dfe, Regen, Vibrationen, Staub und das Versch\u00fctten von Fl\u00fcssigkeiten.<\/p>\n<h3><a href=\"https:\/\/www.highway-gmbh.de\/wp-content\/uploads\/Getac_ZX10_Product_DE-1.pdf\">Datenblatt Getac ZX10<\/a><\/h3>\n","protected":false},"excerpt":{"rendered":"<ul>\n<li>Android-Tablet mit MIL-STD-810H- und IP66-Zertifizierung<\/li>\n<li>Ideal f\u00fcr Lager, Fertigung, Transport &amp; Logistik, Versorgungsunternehmen und \u00f6ffentliche Sicherheit<\/li>\n<li>10,1&#8243;-LumiBond-Display mit Multi-Touch und Getac Sunlight Readable Technology<\/li>\n<li>Zwei austauschbare 4.990-mAh-Akkus oder zwei erweiterte 9.980-mAh-Akkus (optional)<\/li>\n<li>Qualcomm Snapdragon 660 Octa-Core-Prozessor, optionaler 1D\/2D-Barcodescanner<\/li>\n<\/ul>\n","protected":false},"featured_media":1786,"template":"page-sidebar-left.php","meta":[],"product_brand":[],"product_cat":[46,39],"product_tag":[85],"class_list":{"0":"post-2109","1":"product","2":"type-product","3":"status-publish","4":"has-post-thumbnail","6":"product_cat-getac","7":"product_cat-industrie-tablet-pcs","8":"product_tag-android","10":"first","11":"instock","12":"virtual","13":"product-type-simple"},"translation":{"provider":"WPGlobus","version":"3.0.2","language":"en","enabled_languages":["de","en"],"languages":{"de":{"title":true,"content":true,"excerpt":true},"en":{"title":false,"content":false,"excerpt":false}}},"_links":{"self":[{"href":"https:\/\/www.highway-gmbh.de\/en\/wp-json\/wp\/v2\/product\/2109","targetHints":{"allow":["GET"]}}],"collection":[{"href":"https:\/\/www.highway-gmbh.de\/en\/wp-json\/wp\/v2\/product"}],"about":[{"href":"https:\/\/www.highway-gmbh.de\/en\/wp-json\/wp\/v2\/types\/product"}],"wp:featuredmedia":[{"embeddable":true,"href":"https:\/\/www.highway-gmbh.de\/en\/wp-json\/wp\/v2\/media\/1786"}],"wp:attachment":[{"href":"https:\/\/www.highway-gmbh.de\/en\/wp-json\/wp\/v2\/media?parent=2109"}],"wp:term":[{"taxonomy":"product_brand","embeddable":true,"href":"https:\/\/www.highway-gmbh.de\/en\/wp-json\/wp\/v2\/product_brand?post=2109"},{"taxonomy":"product_cat","embeddable":true,"href":"https:\/\/www.highway-gmbh.de\/en\/wp-json\/wp\/v2\/product_cat?post=2109"},{"taxonomy":"product_tag","embeddable":true,"href":"https:\/\/www.highway-gmbh.de\/en\/wp-json\/wp\/v2\/product_tag?post=2109"}],"curies":[{"name":"wp","href":"https:\/\/api.w.org\/{rel}","templated":true}]}}