{"id":2107,"date":"2023-04-03T11:06:27","date_gmt":"2023-04-03T09:06:27","guid":{"rendered":"https:\/\/www.highway-gmbh.de\/?post_type=product&#038;p=2107"},"modified":"2023-04-03T11:10:55","modified_gmt":"2023-04-03T09:10:55","slug":"honeywell-ct-30xp","status":"publish","type":"product","link":"https:\/\/www.highway-gmbh.de\/en\/produkte\/mdes\/honeywell-mdes\/honeywell-ct-30xp\/","title":{"rendered":"Honeywell CT30 XP"},"content":{"rendered":"<div class=\"text\">\n<h1>Honeywell CT30 XP<\/h1>\n<h2>Robuster Allzweck-Mobilcomputer mit Android<\/h2>\n<p>Der Android-Mobilcomputer Honeywell CT30 XP vereint das elegante Design und die Benutzerfreundlichkeit eines High-End-Mobiltelefons mit leistungsf\u00e4higer Honeywell Software. Dazu geh\u00f6ren unter anderem die Operational Intelligence und Smart Pay f\u00fcr kontaktlose Bezahlm\u00f6glichkeiten. Diese Kombination macht ihn zum perfekten Business-Partner f\u00fcr nahezu alle im Einzelhandel oder dem Gesundheitswesen (als optionales Healthcare-Model).<\/p>\n<p>Dar\u00fcber hinaus basiert der CT30 XP auf der Mobility Edge-Plattform und hat ein 5,5&#8243;-FHD-Multi-Touch-Display mit Handschuh-, Stift- und Regen-Modi sowie kratzfestem Gorilla Glass 5. Gem\u00e4\u00df MIL-STD-810H und IP67 ist der Mobilcomputer sturz- und staubsicher und h\u00e4lt sogar das kurzzeitige Untertauchen in Wasser aus. Zur leistungsstarken Ausstattung geh\u00f6ren ein 2 GHz Qualcomm QCS4290 oder QCM4290 Octa-Core-Prozessor, eine Universal Flash Storage (UFS)-Technologie f\u00fcr einen geringeren Stromverbrauch und ein austauschbarer 3.400-mAh-Akku. Die integrierte FlexRange Scan-Engine erm\u00f6glicht schnelle Scans selbst aus gr\u00f6\u00dferen Entfernungen, w\u00e4hrend Wi-Fi 6 und Bluetooth-Version 5.1 f\u00fcr eine sichere Daten\u00fcbertragung sorgen. Optional l\u00e4sst sich der CT30 XP \u00fcber umfangreiches Zubeh\u00f6r wie ein Universal Dock-Ladeger\u00e4te erweitern.<\/p>\n<h3><a href=\"https:\/\/www.highway-gmbh.de\/wp-content\/uploads\/honeywell_ct30xp.pdf\">Datenblatt Honeywell CT30 XP<\/a><\/h3>\n<\/div>\n","protected":false},"excerpt":{"rendered":"<ul>\n<li>Universell einsetzbarer Android-Mobilcomputer im eleganten Design<\/li>\n<li>5,5&#8243;-FHD-Multi-Touch-Display mit Handschuh-, Stift- und Regen-Modi<\/li>\n<li>MIL-STD-810H- und IP67-zertifiziert, Gorilla Glass 5<\/li>\n<li>FlexRange Scan-Engine f\u00fcr Scans \u00fcber gr\u00f6\u00dfere Entfernungen<\/li>\n<li>Wi-Fi 6, 2&#215;2 MU-MIMO, Bluetooth 5.1 (BLE), NFC, Push-to-talk<\/li>\n<\/ul>\n","protected":false},"featured_media":1772,"template":"page-sidebar-left.php","meta":[],"product_brand":[],"product_cat":[89,37],"product_tag":[85],"class_list":{"0":"post-2107","1":"product","2":"type-product","3":"status-publish","4":"has-post-thumbnail","6":"product_cat-honeywell-mdes","7":"product_cat-mdes","8":"product_tag-android","10":"first","11":"instock","12":"virtual","13":"product-type-simple"},"translation":{"provider":"WPGlobus","version":"3.0.2","language":"en","enabled_languages":["de","en"],"languages":{"de":{"title":true,"content":true,"excerpt":true},"en":{"title":false,"content":false,"excerpt":false}}},"_links":{"self":[{"href":"https:\/\/www.highway-gmbh.de\/en\/wp-json\/wp\/v2\/product\/2107","targetHints":{"allow":["GET"]}}],"collection":[{"href":"https:\/\/www.highway-gmbh.de\/en\/wp-json\/wp\/v2\/product"}],"about":[{"href":"https:\/\/www.highway-gmbh.de\/en\/wp-json\/wp\/v2\/types\/product"}],"wp:featuredmedia":[{"embeddable":true,"href":"https:\/\/www.highway-gmbh.de\/en\/wp-json\/wp\/v2\/media\/1772"}],"wp:attachment":[{"href":"https:\/\/www.highway-gmbh.de\/en\/wp-json\/wp\/v2\/media?parent=2107"}],"wp:term":[{"taxonomy":"product_brand","embeddable":true,"href":"https:\/\/www.highway-gmbh.de\/en\/wp-json\/wp\/v2\/product_brand?post=2107"},{"taxonomy":"product_cat","embeddable":true,"href":"https:\/\/www.highway-gmbh.de\/en\/wp-json\/wp\/v2\/product_cat?post=2107"},{"taxonomy":"product_tag","embeddable":true,"href":"https:\/\/www.highway-gmbh.de\/en\/wp-json\/wp\/v2\/product_tag?post=2107"}],"curies":[{"name":"wp","href":"https:\/\/api.w.org\/{rel}","templated":true}]}}