{"id":2098,"date":"2023-04-03T10:16:17","date_gmt":"2023-04-03T08:16:17","guid":{"rendered":"https:\/\/www.highway-gmbh.de\/?post_type=product&#038;p=2098"},"modified":"2023-04-03T10:26:00","modified_gmt":"2023-04-03T08:26:00","slug":"zebra-mc3300ax","status":"publish","type":"product","link":"https:\/\/www.highway-gmbh.de\/en\/produkte\/mdes\/zebra-mdes\/zebra-mc3300ax\/","title":{"rendered":"Zebra MC3300ax"},"content":{"rendered":"<h1 id=\"jt_sr_headline\">Zebra MC3300ax<\/h1>\n<h2 id=\"jt_sr_subline\">Tasten-Mobilcomputer f\u00fcr mehr Effizienz<\/h2>\n<p>Der MC3300ax Tasten-Mobilcomputer baut auf dem \u00e4u\u00dferst erfolgreichen und vielseitigen MC3300x auf und bietet neue Funktionen, die die Produktivit\u00e4t und Effizienz im Lager, im hinteren Teil des Gesch\u00e4fts und in der Fertigung auf ein neues Niveau heben. Die Wi-Fi 6-Konnektivit\u00e4t der n\u00e4chsten Generation garantiert eine un\u00fcbertroffene drahtlose Leistung mit geringerer Latenzzeit in Umgebungen mit hoher Dichte, die neueste WPA3 Sicherheit und -Verschl\u00fcsselung sowie Zukunftssicherheit. Der optionale BLE-f\u00e4hige Akku und der Device Tracker von Zebra sorgen f\u00fcr eine zus\u00e4tzliche Transparenz \u00fcber Ihre Ger\u00e4te. Der kostenlose Enterprise Browser bietet einen funktionsreichen, sicheren Webbrowser, mit dem sich leicht intuitive Anwendungen erstellen lassen, die die Produktivit\u00e4t und Effizienz steigern.<\/p>\n<p>Der MC3300ax bietet die gleiche bew\u00e4hrte, zweckm\u00e4\u00dfige Ergonomie und die erweiterten, robusten Spezifikationen des MC3300x. Eine Auswahl an Scan-Engines erf\u00fcllt praktisch alle Anforderungen an die Datenerfassung, einschlie\u00dflich Scannen mit erweiterter Reichweite, um Barcodes in den h\u00f6chsten Lagerregalen aus bis zu 21,4 m Entfernung zu erfassen. Der MC3300ax basiert auf der neuesten, leistungsst\u00e4rksten und sichersten Android-Architektur von Zebra und verf\u00fcgt \u00fcber einen klassenbesten Akku, der mit einer einzigen Ladung drei Schichten durchh\u00e4lt. Die Unterst\u00fctzung von Mobility DNA macht alles einfacher &#8211; von der Benutzeroberfl\u00e4che bis hin zur Ger\u00e4teverwaltung, Integration und App-Entwicklung. Machen Sie Ihre Mobilit\u00e4tsl\u00f6sung zukunftssicher mit dem MC3300ax, der n\u00e4chsten Generation der MC3300-Serie.<\/p>\n<h3><a href=\"https:\/\/www.highway-gmbh.de\/wp-content\/uploads\/mc3300ax-spec-sheet-de-de.pdf\">Datenblatt Zebra MC3300ax<\/a><\/h3>\n","protected":false},"excerpt":{"rendered":"<ul>\n<li>Android Tastenmobilcomputer mit 4&#8243;-WVGA-Display<\/li>\n<li>Wi-Fi 6 f\u00fcr eine schnelle Datentransfers, mit diversen Scan-Modulen erh\u00e4ltlich<\/li>\n<li>7000 mAh Power Precision-Akku; Optional: BLE-f\u00e4higer Akku<\/li>\n<li>IP64- und MIL-STD-810G-zertifiziert<\/li>\n<li>Sicherheitsvalidiert nach FIPS 140-2<\/li>\n<\/ul>\n","protected":false},"featured_media":2100,"template":"page-sidebar-left.php","meta":[],"product_brand":[],"product_cat":[37,99],"product_tag":[85],"class_list":{"0":"post-2098","1":"product","2":"type-product","3":"status-publish","4":"has-post-thumbnail","6":"product_cat-mdes","7":"product_cat-zebra-mdes","8":"product_tag-android","10":"first","11":"instock","12":"virtual","13":"product-type-simple"},"translation":{"provider":"WPGlobus","version":"3.0.2","language":"en","enabled_languages":["de","en"],"languages":{"de":{"title":true,"content":true,"excerpt":true},"en":{"title":false,"content":false,"excerpt":false}}},"_links":{"self":[{"href":"https:\/\/www.highway-gmbh.de\/en\/wp-json\/wp\/v2\/product\/2098","targetHints":{"allow":["GET"]}}],"collection":[{"href":"https:\/\/www.highway-gmbh.de\/en\/wp-json\/wp\/v2\/product"}],"about":[{"href":"https:\/\/www.highway-gmbh.de\/en\/wp-json\/wp\/v2\/types\/product"}],"wp:featuredmedia":[{"embeddable":true,"href":"https:\/\/www.highway-gmbh.de\/en\/wp-json\/wp\/v2\/media\/2100"}],"wp:attachment":[{"href":"https:\/\/www.highway-gmbh.de\/en\/wp-json\/wp\/v2\/media?parent=2098"}],"wp:term":[{"taxonomy":"product_brand","embeddable":true,"href":"https:\/\/www.highway-gmbh.de\/en\/wp-json\/wp\/v2\/product_brand?post=2098"},{"taxonomy":"product_cat","embeddable":true,"href":"https:\/\/www.highway-gmbh.de\/en\/wp-json\/wp\/v2\/product_cat?post=2098"},{"taxonomy":"product_tag","embeddable":true,"href":"https:\/\/www.highway-gmbh.de\/en\/wp-json\/wp\/v2\/product_tag?post=2098"}],"curies":[{"name":"wp","href":"https:\/\/api.w.org\/{rel}","templated":true}]}}