{"id":2085,"date":"2023-03-29T10:28:17","date_gmt":"2023-03-29T08:28:17","guid":{"rendered":"https:\/\/www.highway-gmbh.de\/?post_type=product&#038;p=2085"},"modified":"2023-03-29T10:31:39","modified_gmt":"2023-03-29T08:31:39","slug":"honeywell-scanpal-eda60k","status":"publish","type":"product","link":"https:\/\/www.highway-gmbh.de\/en\/produkte\/mdes\/honeywell-mdes\/honeywell-scanpal-eda60k\/","title":{"rendered":"Honeywell ScanPal EDA60K"},"content":{"rendered":"<h1>Honeywell ScanPal EDA60K<\/h1>\n<h2>Mobiles Alltagswerkzeug zur Datenerfassung und -verarbeitung<\/h2>\n<p>Der ScanPal EDA60K von Honeywell ist der ideale Begleiter f\u00fcr alle Anwender, die sich beim Scannen einen gro\u00dfen Bildschirm und eine zweckm\u00e4\u00dfige Benutzeroberfl\u00e4che w\u00fcnschen. Der Handheld-Computer kommt mit einem ergonomischen Pistolengriff, einem numerischen Keyboard mit 30 Tasten und einem gro\u00dfz\u00fcgigen 4&#8221;-LCD-Touchscreen. Um Anwender dabei zu unterst\u00fctzen, eine native App-Umgebung aufzubauen, setzt Honeywell beim Betriebssystem auf Android. Zusammen mit einem Staub- und Feuchtigkeitsschutz gem\u00e4\u00df IP64 ist der EDA60K damit hervorragend f\u00fcr Inventuren im Einzelhandel, zum Artikelmanagement in Versandabteilungen und f\u00fcr die Logistik im e-Commerce geeignet.<\/p>\n<p>Je nach Bedarf ist der Computer mit einem 1D-Laserscanner oder einem 2D-Imager ausgestattet, sodass Barcodes schnellstm\u00f6glich und fehlerfrei erfasst werden. Beide Versionen unterst\u00fctzen die Kommunikation via WLAN (802.11a\/b\/g\/n\/ac) und Bluetooth (4.1) und sind mit 2 GB RAM und 16 GB Flash-Speicher zur rasanten Verarbeitung von Daten ausgestattet. Ein Qualcomm Snapdragon 425 Quad-Core-Prozessor mit 1,4 GHz bietet auch f\u00fcr anspruchsvolle Applikationen mehr als ausreichend Rechenleistung. Als zuverl\u00e4ssiges Allzweck-Ger\u00e4t unterst\u00fctzt der EDA60K Anwender in allen Aspekten des Tagesgesch\u00e4fts und macht sich im Handumdrehen unersetzlich.<\/p>\n<h3><a href=\"https:\/\/www.highway-gmbh.de\/wp-content\/uploads\/honeywell_eda60k.pdf\">Datenblatt Honeywell ScanPal EDA60K<\/a><\/h3>\n","protected":false},"excerpt":{"rendered":"<ul>\n<li>Ergonomischer Handheld-Computer mit 1D- oder 2D-Scanner<\/li>\n<li>Angenehmes, zielgerichtetes Arbeiten auf \u00fcbersichtlichem 4&#8221;-LC-Display<\/li>\n<li>Staub- und Feuchtigkeitsschutz gem\u00e4\u00df IP64<\/li>\n<li>Mit 1,4 GHz Qualcomm Snapdragon 425 Quad-Core-Prozessor<\/li>\n<li>Anwenderfreundliches Betriebssystem Android<\/li>\n<\/ul>\n","protected":false},"featured_media":1769,"template":"page-sidebar-left.php","meta":[],"product_brand":[],"product_cat":[89,37],"product_tag":[85],"class_list":{"0":"post-2085","1":"product","2":"type-product","3":"status-publish","4":"has-post-thumbnail","6":"product_cat-honeywell-mdes","7":"product_cat-mdes","8":"product_tag-android","10":"first","11":"instock","12":"virtual","13":"product-type-simple"},"translation":{"provider":"WPGlobus","version":"3.0.2","language":"en","enabled_languages":["de","en"],"languages":{"de":{"title":true,"content":true,"excerpt":true},"en":{"title":false,"content":false,"excerpt":false}}},"_links":{"self":[{"href":"https:\/\/www.highway-gmbh.de\/en\/wp-json\/wp\/v2\/product\/2085","targetHints":{"allow":["GET"]}}],"collection":[{"href":"https:\/\/www.highway-gmbh.de\/en\/wp-json\/wp\/v2\/product"}],"about":[{"href":"https:\/\/www.highway-gmbh.de\/en\/wp-json\/wp\/v2\/types\/product"}],"wp:featuredmedia":[{"embeddable":true,"href":"https:\/\/www.highway-gmbh.de\/en\/wp-json\/wp\/v2\/media\/1769"}],"wp:attachment":[{"href":"https:\/\/www.highway-gmbh.de\/en\/wp-json\/wp\/v2\/media?parent=2085"}],"wp:term":[{"taxonomy":"product_brand","embeddable":true,"href":"https:\/\/www.highway-gmbh.de\/en\/wp-json\/wp\/v2\/product_brand?post=2085"},{"taxonomy":"product_cat","embeddable":true,"href":"https:\/\/www.highway-gmbh.de\/en\/wp-json\/wp\/v2\/product_cat?post=2085"},{"taxonomy":"product_tag","embeddable":true,"href":"https:\/\/www.highway-gmbh.de\/en\/wp-json\/wp\/v2\/product_tag?post=2085"}],"curies":[{"name":"wp","href":"https:\/\/api.w.org\/{rel}","templated":true}]}}