{"id":2083,"date":"2023-03-29T10:18:57","date_gmt":"2023-03-29T08:18:57","guid":{"rendered":"https:\/\/www.highway-gmbh.de\/?post_type=product&#038;p=2083"},"modified":"2023-03-29T10:23:15","modified_gmt":"2023-03-29T08:23:15","slug":"honeywell-scanpal-eda51-hc","status":"publish","type":"product","link":"https:\/\/www.highway-gmbh.de\/en\/produkte\/mdes\/honeywell-mdes\/honeywell-scanpal-eda51-hc\/","title":{"rendered":"Honeywell ScanPal EDA51-HC"},"content":{"rendered":"<h1>Honeywell ScanPal EDA51-HC<\/h1>\n<h2>Mehrzweck-MDE f\u00fcr das Gesundheitswesen<\/h2>\n<p>Das Full-Touch-Mobilterminal Honeywell ScanPal EDA51 HC eignet sich mit seinem desinfektionsmittelbest\u00e4ndigen Geh\u00e4use und der IP64-Zertifizierung f\u00fcr nahezu alle Healthcare-Umgebungen. Ein Qualcomm Snapdragon SDM450-Prozessor, 2 GB RAM und 32 GB Flash sowie der 4000 mAh starke Lithium-Ionen-Akku f\u00fcr bis zu 12 Stunden Akkulaufzeit sorgen f\u00fcr eine zuverl\u00e4ssige Einsatzbereitschaft. Die Schnittstellen WLAN 802.11 ac, Bluetooth 4.2, NFC und Micro USB 2.0 stellen eine sehr gute Konnektivit\u00e4t sicher \u2013 Anwender greifen dadurch jederzeit und \u00fcberall auf wichtige Anwendungen und Informationen zu und sparen so Zeit und Laufwege.<\/p>\n<p>\u00dcber einen integrierten Barcodescanner erfasst der ScanPal EDA51 HC 1D- und 2D-Barcodes in nahezu jedem Zustand. Eine 13-Megapixel-Farbkamera erlaubt Ihnen zudem ganze Bilder zu dokumentieren \u2013 das erleichtert die Patientenversorgung enorm. Die Bedienung des Mobilcomputer ist dank des 5&#8243;-Multitouch-Displays und einem Android Betriebssystem mit Updates bis Android P und Q sehr einfach. Au\u00dferdem ist das Ger\u00e4t besonders leicht und schlank und l\u00e4sst sich bequem den ganzen Tag hinweg in der Hosen- oder Kitteltasche tragen.<\/p>\n<h3><a href=\"https:\/\/www.highway-gmbh.de\/wp-content\/uploads\/honeywell-eda51-hc-de.pdf\">Datenblatt Honeywell ScanPal EDA51 HC<\/a><\/h3>\n","protected":false},"excerpt":{"rendered":"<ul>\n<li>5&#8243;-Full-Touch-Mobilterminal mit Android Betriebssystem<\/li>\n<li>Desinfektionsmittelbest\u00e4ndiges Geh\u00e4use f\u00fcr Healthcare-Umgebungen<\/li>\n<li>IP64 zertifiziert, sturzsicher aus 1,2 m<\/li>\n<li>Integrierter Scanner f\u00fcr 1D- und 2D-Barcodes<\/li>\n<li>Octa-Core-Prozessor SDM450, 2 GB RAM und 32 GB Flash<\/li>\n<\/ul>\n","protected":false},"featured_media":1760,"template":"page-sidebar-left.php","meta":[],"product_brand":[],"product_cat":[89,37],"product_tag":[85],"class_list":{"0":"post-2083","1":"product","2":"type-product","3":"status-publish","4":"has-post-thumbnail","6":"product_cat-honeywell-mdes","7":"product_cat-mdes","8":"product_tag-android","10":"first","11":"instock","12":"virtual","13":"product-type-simple"},"translation":{"provider":"WPGlobus","version":"3.0.2","language":"en","enabled_languages":["de","en"],"languages":{"de":{"title":true,"content":true,"excerpt":true},"en":{"title":false,"content":false,"excerpt":false}}},"_links":{"self":[{"href":"https:\/\/www.highway-gmbh.de\/en\/wp-json\/wp\/v2\/product\/2083","targetHints":{"allow":["GET"]}}],"collection":[{"href":"https:\/\/www.highway-gmbh.de\/en\/wp-json\/wp\/v2\/product"}],"about":[{"href":"https:\/\/www.highway-gmbh.de\/en\/wp-json\/wp\/v2\/types\/product"}],"wp:featuredmedia":[{"embeddable":true,"href":"https:\/\/www.highway-gmbh.de\/en\/wp-json\/wp\/v2\/media\/1760"}],"wp:attachment":[{"href":"https:\/\/www.highway-gmbh.de\/en\/wp-json\/wp\/v2\/media?parent=2083"}],"wp:term":[{"taxonomy":"product_brand","embeddable":true,"href":"https:\/\/www.highway-gmbh.de\/en\/wp-json\/wp\/v2\/product_brand?post=2083"},{"taxonomy":"product_cat","embeddable":true,"href":"https:\/\/www.highway-gmbh.de\/en\/wp-json\/wp\/v2\/product_cat?post=2083"},{"taxonomy":"product_tag","embeddable":true,"href":"https:\/\/www.highway-gmbh.de\/en\/wp-json\/wp\/v2\/product_tag?post=2083"}],"curies":[{"name":"wp","href":"https:\/\/api.w.org\/{rel}","templated":true}]}}