{"id":2082,"date":"2023-03-29T10:10:19","date_gmt":"2023-03-29T08:10:19","guid":{"rendered":"https:\/\/www.highway-gmbh.de\/?post_type=product&#038;p=2082"},"modified":"2023-03-29T10:13:27","modified_gmt":"2023-03-29T08:13:27","slug":"honeywell-scanpal-eda5s","status":"publish","type":"product","link":"https:\/\/www.highway-gmbh.de\/en\/produkte\/mdes\/honeywell-mdes\/honeywell-scanpal-eda5s\/","title":{"rendered":"Honeywell ScanPal EDA5S"},"content":{"rendered":"<h1>Honeywell ScanPal EDA5S<\/h1>\n<h2>Mobilcomputer mit starker Drahtloskonnektivit\u00e4t<\/h2>\n<p>Der Honeywell Mobilcomputer ScanPal EDA5S ist mit einem aktuellen Android-Betriebssystem und einem Qualcomm Snapdragon Octa-Core-Prozessor mit 2,0 GHz ausgestattet. F\u00fcr seine sichere, drahtlose Konnektivit\u00e4t sorgen die Schnittstellen NFC, Wi-Fi 5, Bluetooth 5.0 und 4G LTE. Dadurch ist er perfekt f\u00fcr Verbindungen zwischen Mitarbeitern an Front- und Back-End-Systemen in Einzelhandel, Transportwesen und Logistik.<\/p>\n<p>Das 5,45&#8243; gro\u00dfe Touchscreen-Display mit Gorilla Glass und das ergonomische Industriedesign tragen dazu bei, den Benutzerkomfort und die Benutzererfahrung deutlich zu verbessern. Dank des leichten und schlanken Designs l\u00e4sst sich der Mobilcomputer problemlos mit einer Hand bedienen und bequem in der Tasche verstauen. Die 13-Megapixel-Kamera auf der R\u00fcckseite nimmt zudem hochaufl\u00f6sende Bilder f\u00fcr eine hochwertige Bilddokumentation auf, w\u00e4hrend die 5-Megapixel-Kamera auf der Vorderseite eine Videokommunikation erm\u00f6glicht. Weiterhin ist der ScanPal EDA5S dank seines robusten Geh\u00e4uses mit IP67-Zertifizierung auch f\u00fcr den Einsatz unter rauen Einsatz- und anspruchsvollen Umgebungsbedingungen geeignet. Der 3.060 mAh Lithium-Ionen-Akku ist leicht herausnehmbar, bietet eine Laufzeit von rund 8 Stunden und unterst\u00fctzt Schnellladung 3.0.<\/p>\n<h3><a href=\"https:\/\/www.highway-gmbh.de\/wp-content\/uploads\/honeywell_eda5s.pdf\">Datenblatt Honeywell ScanPal EDA5S<\/a><\/h3>\n","protected":false},"excerpt":{"rendered":"<ul>\n<li>Ergonomischer Android-Mobilcomputer der Enterprise-Klasse<\/li>\n<li>5,45&#8243;-HD-Touchdisplay mit Gorilla Glass und LED-Hintergrundbeleuchtung<\/li>\n<li>Schnellladef\u00e4higer 3.060 mAh Lithium-Ionen-Akku<\/li>\n<li>Robustes Geh\u00e4use mit IP67-Zertifizierung<\/li>\n<li>Drahtloskonnektivit\u00e4t: NFC, Wi-Fi 5, Bluetooth 5.0 und 4G LTE<\/li>\n<\/ul>\n","protected":false},"featured_media":1766,"template":"page-sidebar-left.php","meta":[],"product_brand":[],"product_cat":[89,37],"product_tag":[85],"class_list":{"0":"post-2082","1":"product","2":"type-product","3":"status-publish","4":"has-post-thumbnail","6":"product_cat-honeywell-mdes","7":"product_cat-mdes","8":"product_tag-android","10":"first","11":"instock","12":"virtual","13":"product-type-simple"},"translation":{"provider":"WPGlobus","version":"3.0.2","language":"en","enabled_languages":["de","en"],"languages":{"de":{"title":true,"content":true,"excerpt":true},"en":{"title":false,"content":false,"excerpt":false}}},"_links":{"self":[{"href":"https:\/\/www.highway-gmbh.de\/en\/wp-json\/wp\/v2\/product\/2082","targetHints":{"allow":["GET"]}}],"collection":[{"href":"https:\/\/www.highway-gmbh.de\/en\/wp-json\/wp\/v2\/product"}],"about":[{"href":"https:\/\/www.highway-gmbh.de\/en\/wp-json\/wp\/v2\/types\/product"}],"wp:featuredmedia":[{"embeddable":true,"href":"https:\/\/www.highway-gmbh.de\/en\/wp-json\/wp\/v2\/media\/1766"}],"wp:attachment":[{"href":"https:\/\/www.highway-gmbh.de\/en\/wp-json\/wp\/v2\/media?parent=2082"}],"wp:term":[{"taxonomy":"product_brand","embeddable":true,"href":"https:\/\/www.highway-gmbh.de\/en\/wp-json\/wp\/v2\/product_brand?post=2082"},{"taxonomy":"product_cat","embeddable":true,"href":"https:\/\/www.highway-gmbh.de\/en\/wp-json\/wp\/v2\/product_cat?post=2082"},{"taxonomy":"product_tag","embeddable":true,"href":"https:\/\/www.highway-gmbh.de\/en\/wp-json\/wp\/v2\/product_tag?post=2082"}],"curies":[{"name":"wp","href":"https:\/\/api.w.org\/{rel}","templated":true}]}}