{"id":2081,"date":"2023-03-29T10:05:54","date_gmt":"2023-03-29T08:05:54","guid":{"rendered":"https:\/\/www.highway-gmbh.de\/?post_type=product&#038;p=2081"},"modified":"2023-03-29T10:08:17","modified_gmt":"2023-03-29T08:08:17","slug":"honeywell-ct40-hc","status":"publish","type":"product","link":"https:\/\/www.highway-gmbh.de\/en\/produkte\/mdes\/honeywell-mdes\/honeywell-ct40-hc\/","title":{"rendered":"Honeywell CT40-HC"},"content":{"rendered":"<h1>Honeywell CT40-HC<\/h1>\n<h2>Mobilcomputer mit hoher Datensicherheit<\/h2>\n<p>Der Mobilcomputer Honeywell CT40-HC eignet sich mit seinem desinfektionsmittelbest\u00e4ndigen Geh\u00e4use und IP64-Zertifizierung f\u00fcr nahezu alle Arbeitsbereiche im Healthcare-Bereich. Sein kapazitiver Touchscreen mit Corning Gorilla Glass 5 h\u00e4lt ebenfalls einiges aus. Zudem erf\u00fcllt er s\u00e4mtliche Anforderungen zur Datensicherung gem\u00e4\u00df FIPS 140-2 Level 1 \u2013 dadurch werden Patientendaten besonders zuverl\u00e4ssig gesch\u00fctzt.<\/p>\n<p>Der CT40-HC basiert auf der einheitlichen Mobility Edge Plattform, wodurch er eine leichte und ergonomische Bauform besitzt \u2013 au\u00dferdem ist er dadurch mindestens haltbar bis 2028. Dar\u00fcber hinaus verf\u00fcgt er \u00fcber ein Android Betriebssystem mit Updates bis Android R f\u00fcr eine \u00e4u\u00dferst benutzerfreundliche Oberfl\u00e4che. Ausgestattet ist der Mobilcomputer mit einem 2D-Imager und einer 13-Megapixel-Farbkamera. Der 2,2 GHz Qualcomm Octa-Core-Prozessor, der 4029 mAh starke Lithium-Ionen-Akku mit bis zu 12 Stunden Laufzeit, 4 GB RAM und 32 GB Flash sorgen f\u00fcr eine hohe Leistungsbereitschaft. F\u00fcr einen schnellen Zugriff auf alle wichtigen Informationen stehen die Schnittstellen Bluetooth 5.0 mit BLE, WLAN 802.11 ac sowie NFC, VPN und Push-to-Talk (PTT) zur Verf\u00fcgung.<\/p>\n<h3><a href=\"https:\/\/www.highway-gmbh.de\/wp-content\/uploads\/honeywell_ct40-hc.pdf\">Datenblatt Honeywell CT40-HC<\/a><\/h3>\n","protected":false},"excerpt":{"rendered":"<ul>\n<li>Healthcare Mobilcomputer mit Corning Gorilla Glass 5<\/li>\n<li>Desinfektionsmittelbest\u00e4ndiges Geh\u00e4use, IP64 gesch\u00fctzt<\/li>\n<li>Mobility Edge Ger\u00e4t mit Android Betriebssystem<\/li>\n<li>Qualcomm Octa-Core-CPU mit 4 GB RAM und 32 GB Flash<\/li>\n<li>Daten werden gem\u00e4\u00df FIPS 140-2 Level 1 gesch\u00fctzt<\/li>\n<\/ul>\n","protected":false},"featured_media":1779,"template":"page-sidebar-left.php","meta":[],"product_brand":[],"product_cat":[89,37],"product_tag":[85],"class_list":{"0":"post-2081","1":"product","2":"type-product","3":"status-publish","4":"has-post-thumbnail","6":"product_cat-honeywell-mdes","7":"product_cat-mdes","8":"product_tag-android","10":"first","11":"instock","12":"virtual","13":"product-type-simple"},"translation":{"provider":"WPGlobus","version":"3.0.2","language":"en","enabled_languages":["de","en"],"languages":{"de":{"title":true,"content":true,"excerpt":true},"en":{"title":false,"content":false,"excerpt":false}}},"_links":{"self":[{"href":"https:\/\/www.highway-gmbh.de\/en\/wp-json\/wp\/v2\/product\/2081","targetHints":{"allow":["GET"]}}],"collection":[{"href":"https:\/\/www.highway-gmbh.de\/en\/wp-json\/wp\/v2\/product"}],"about":[{"href":"https:\/\/www.highway-gmbh.de\/en\/wp-json\/wp\/v2\/types\/product"}],"wp:featuredmedia":[{"embeddable":true,"href":"https:\/\/www.highway-gmbh.de\/en\/wp-json\/wp\/v2\/media\/1779"}],"wp:attachment":[{"href":"https:\/\/www.highway-gmbh.de\/en\/wp-json\/wp\/v2\/media?parent=2081"}],"wp:term":[{"taxonomy":"product_brand","embeddable":true,"href":"https:\/\/www.highway-gmbh.de\/en\/wp-json\/wp\/v2\/product_brand?post=2081"},{"taxonomy":"product_cat","embeddable":true,"href":"https:\/\/www.highway-gmbh.de\/en\/wp-json\/wp\/v2\/product_cat?post=2081"},{"taxonomy":"product_tag","embeddable":true,"href":"https:\/\/www.highway-gmbh.de\/en\/wp-json\/wp\/v2\/product_tag?post=2081"}],"curies":[{"name":"wp","href":"https:\/\/api.w.org\/{rel}","templated":true}]}}