{"id":2077,"date":"2023-03-28T11:15:52","date_gmt":"2023-03-28T09:15:52","guid":{"rendered":"https:\/\/www.highway-gmbh.de\/?post_type=product&#038;p=2077"},"modified":"2023-03-28T11:19:00","modified_gmt":"2023-03-28T09:19:00","slug":"honeywell-scanpal-eda52","status":"publish","type":"product","link":"https:\/\/www.highway-gmbh.de\/en\/produkte\/mdes\/honeywell-mdes\/honeywell-scanpal-eda52\/","title":{"rendered":"Honeywell ScanPal EDA52"},"content":{"rendered":"<h1>Honeywell ScanPal EDA52<\/h1>\n<h2 id=\"jt_sr_subline\">Android-Mobilcomputer der n\u00e4chsten Generation<\/h2>\n<p>Der Honeywell ScanPal EDA52 ist ein Android-Mobilcomputer der Enterprise-Klasse. Er erm\u00f6glicht eine zuverl\u00e4ssige und sichere Drahtlosverbindung zwischen Mitarbeitern an Front und Back-End-Systemen in Einzelhandel, Transport und Logistik, Fertigung, Gesundheitswesen und dem \u00f6ffentlichen Dienst. Daf\u00fcr greift er auf die Schnittstellen NFC, Wi-Fi 5, Bluetooth 5.1 und 4G LTE zur\u00fcck.<\/p>\n<p>Der ScanPal EDA52 geh\u00f6rt zur n\u00e4chsten Generation der Honeywell ScanPal-Serie. Dementsprechend verf\u00fcgt er \u00fcber eine moderne Ausstattung, bestehend aus einen Qualcomm Snapdragon Octa-Core-Prozessor mit 2 GHz, einen schnellladef\u00e4higen 4.500 mAh Lithium-Ionen-Akku und eine leistungsstarke Honeywell S0703 Scan-Engine, die auch besch\u00e4digte oder unvollst\u00e4ndige Barcodes schnell und genau erfasst. Der herausragende 5,45&#8243;-Touchscreen mit Gorilla Glass und das ergonomische, schlanke Industriedesign tragen dazu bei, den Benutzerkomfort und die Benutzererfahrung erheblich zu verbessern. Zudem erm\u00f6glicht die 13-Megapixel-Kamera auf der R\u00fcckseite die Aufnahme von hochaufl\u00f6senden Bildern f\u00fcr eine hochwertige Bilddokumentation und die 5-Megapixel-Kamera auf der Vorderseite die Videokommunikation.<\/p>\n<h3><a href=\"https:\/\/www.highway-gmbh.de\/wp-content\/uploads\/honeywell_eda52.pdf\">Datenblatt Honeywell ScanPal EDA52<\/a><\/h3>\n","protected":false},"excerpt":{"rendered":"<ul>\n<li>5,5&#8243;-Enterprise-Mobilcomputer mit Android-Betriebssystem<\/li>\n<li>S0703 Scan-Engine, liest auch besch\u00e4digte oder unvollst\u00e4ndige Barcodes<\/li>\n<li>2 GHz Qualcomm Snapdragon Octa-Core-Prozessor, 4.500 mAh Akku<\/li>\n<li>5-MP-Frontkamera und r\u00fcckseitige 13-MP-Kamera<\/li>\n<li>Drahtloskonnektivit\u00e4t: NFC, Wi-Fi 5, Bluetooth 5.1 und 4G LTE<\/li>\n<\/ul>\n","protected":false},"featured_media":1763,"template":"page-sidebar-left.php","meta":[],"product_brand":[],"product_cat":[89,37],"product_tag":[85],"class_list":{"0":"post-2077","1":"product","2":"type-product","3":"status-publish","4":"has-post-thumbnail","6":"product_cat-honeywell-mdes","7":"product_cat-mdes","8":"product_tag-android","10":"first","11":"instock","12":"virtual","13":"product-type-simple"},"translation":{"provider":"WPGlobus","version":"3.0.2","language":"en","enabled_languages":["de","en"],"languages":{"de":{"title":true,"content":true,"excerpt":true},"en":{"title":false,"content":false,"excerpt":false}}},"_links":{"self":[{"href":"https:\/\/www.highway-gmbh.de\/en\/wp-json\/wp\/v2\/product\/2077","targetHints":{"allow":["GET"]}}],"collection":[{"href":"https:\/\/www.highway-gmbh.de\/en\/wp-json\/wp\/v2\/product"}],"about":[{"href":"https:\/\/www.highway-gmbh.de\/en\/wp-json\/wp\/v2\/types\/product"}],"wp:featuredmedia":[{"embeddable":true,"href":"https:\/\/www.highway-gmbh.de\/en\/wp-json\/wp\/v2\/media\/1763"}],"wp:attachment":[{"href":"https:\/\/www.highway-gmbh.de\/en\/wp-json\/wp\/v2\/media?parent=2077"}],"wp:term":[{"taxonomy":"product_brand","embeddable":true,"href":"https:\/\/www.highway-gmbh.de\/en\/wp-json\/wp\/v2\/product_brand?post=2077"},{"taxonomy":"product_cat","embeddable":true,"href":"https:\/\/www.highway-gmbh.de\/en\/wp-json\/wp\/v2\/product_cat?post=2077"},{"taxonomy":"product_tag","embeddable":true,"href":"https:\/\/www.highway-gmbh.de\/en\/wp-json\/wp\/v2\/product_tag?post=2077"}],"curies":[{"name":"wp","href":"https:\/\/api.w.org\/{rel}","templated":true}]}}