{"id":2072,"date":"2023-03-28T09:52:48","date_gmt":"2023-03-28T07:52:48","guid":{"rendered":"https:\/\/www.highway-gmbh.de\/?post_type=product&#038;p=2072"},"modified":"2023-03-28T09:56:49","modified_gmt":"2023-03-28T07:56:49","slug":"zebra-ws50","status":"publish","type":"product","link":"https:\/\/www.highway-gmbh.de\/en\/produkte\/mdes\/zebra-mdes\/zebra-ws50\/","title":{"rendered":"Zebra WS50"},"content":{"rendered":"<h1>Zebra WS50<\/h1>\n<h2 id=\"jt_sr_subline\">All-in-One-Mobilcomputer mit Hand- oder Fingerhalterung<\/h2>\n<p>Der tragbare All-in-One-Android-Mobilcomputer Zebra WS50 ist in drei Modell-Varianten erh\u00e4ltlich: Das Handgelenk-Modell verf\u00fcgt \u00fcber eine 13-MP-Kamera. Die Modelle f\u00fcr die Zwei-Finger- und die Handr\u00fcckenmontage sind mit einem Zebra SE4770-Imager mit hoher Datenerfassungsleistung und verbesserter Bewegungstoleranz ausgestattet. \u00dcber einen optional integrierten N\u00e4herungssensor muss f\u00fcr die schnelle Barcodeerfassung nicht einmal der Ausl\u00f6ser gedr\u00fcckt werden.<\/p>\n<p>Trotz seines geringen Gewichts von gerade einmal 70 g (ohne Halterung) h\u00e4lt der WS50 einiges aus: Er ist IP65-zertifiziert und sturzsicher aus bis zu 1,8 m H\u00f6he. Die sch\u00fctzende Frontschale l\u00e4sst sich bei Bedarf sogar austauschen. F\u00fcr eine zuverl\u00e4ssigere Verbindung sind alle Modell-Varianten PTT-f\u00e4hig und mit Wi-Fi 5, Bluetooth 4.2 (Low Energy) und NFC ausgestattet. Zur weiteren Ausstattung geh\u00f6ren programmierbare Tasten und ein helles 2&#8243;-AMOLED-Touch-Farbdisplay mit hohem Kontrast und gro\u00dfem Betrachtungswinkel. Der im Betrieb austauschbare 800-mAh-Akku (Handgelenk-Modell) oder 1.300-mAh-Akku (Ring- und Handr\u00fccken-Modell) versorgt den Mobilcomputer mit ausreichend Power. Dar\u00fcber hinaus unterst\u00fctzt der WS50 g\u00e4ngige EMM-Systeme und die Tools der Mobility DNA.<\/p>\n<h3><a href=\"https:\/\/www.highway-gmbh.de\/wp-content\/uploads\/zebra_ws50.pdf\">Datenblatt Zebra WS50<\/a><\/h3>\n","protected":false},"excerpt":{"rendered":"<ul>\n<li>All-in-One-Android-Mobilcomputer f\u00fcr die Hand, den Handr\u00fccken oder die Finger<\/li>\n<li>Omnidirektionaler SE4770 1D\/2D-Scanner oder 13-MP-Kamera<\/li>\n<li>2&#8243;-AMOLED-Touch-Farbdisplay, 800- oder 1.300-mAh-Akku<\/li>\n<li>IP65-zertifiziert, sturzsicher aus bis zu 1,8 m H\u00f6he<\/li>\n<li>Unterst\u00fctzt Push-to-Talk, Wi-Fi 5, Bluetooth 4.2 (Low-Energy) und NFC<\/li>\n<\/ul>\n","protected":false},"featured_media":1752,"template":"page-sidebar-left.php","meta":[],"product_brand":[],"product_cat":[37,99],"product_tag":[85],"class_list":{"0":"post-2072","1":"product","2":"type-product","3":"status-publish","4":"has-post-thumbnail","6":"product_cat-mdes","7":"product_cat-zebra-mdes","8":"product_tag-android","10":"first","11":"instock","12":"virtual","13":"product-type-simple"},"translation":{"provider":"WPGlobus","version":"3.0.2","language":"en","enabled_languages":["de","en"],"languages":{"de":{"title":true,"content":true,"excerpt":true},"en":{"title":false,"content":false,"excerpt":false}}},"_links":{"self":[{"href":"https:\/\/www.highway-gmbh.de\/en\/wp-json\/wp\/v2\/product\/2072","targetHints":{"allow":["GET"]}}],"collection":[{"href":"https:\/\/www.highway-gmbh.de\/en\/wp-json\/wp\/v2\/product"}],"about":[{"href":"https:\/\/www.highway-gmbh.de\/en\/wp-json\/wp\/v2\/types\/product"}],"wp:featuredmedia":[{"embeddable":true,"href":"https:\/\/www.highway-gmbh.de\/en\/wp-json\/wp\/v2\/media\/1752"}],"wp:attachment":[{"href":"https:\/\/www.highway-gmbh.de\/en\/wp-json\/wp\/v2\/media?parent=2072"}],"wp:term":[{"taxonomy":"product_brand","embeddable":true,"href":"https:\/\/www.highway-gmbh.de\/en\/wp-json\/wp\/v2\/product_brand?post=2072"},{"taxonomy":"product_cat","embeddable":true,"href":"https:\/\/www.highway-gmbh.de\/en\/wp-json\/wp\/v2\/product_cat?post=2072"},{"taxonomy":"product_tag","embeddable":true,"href":"https:\/\/www.highway-gmbh.de\/en\/wp-json\/wp\/v2\/product_tag?post=2072"}],"curies":[{"name":"wp","href":"https:\/\/api.w.org\/{rel}","templated":true}]}}