{"id":2066,"date":"2023-03-27T14:19:01","date_gmt":"2023-03-27T12:19:01","guid":{"rendered":"https:\/\/www.highway-gmbh.de\/?post_type=product&#038;p=2066"},"modified":"2023-03-28T09:40:04","modified_gmt":"2023-03-28T07:40:04","slug":"zebra-tc8000","status":"publish","type":"product","link":"https:\/\/www.highway-gmbh.de\/en\/produkte\/mdes\/zebra-mdes\/zebra-tc8000\/","title":{"rendered":"Zebra TC8000"},"content":{"rendered":"<h1>Zebra TC8000<\/h1>\n<h2>Mehr Produktivit\u00e4t in scanintensiven Anwendungen<\/h2>\n<p>Der innovative Touch-Computer Zebra TC8000 bietet Anwendern in Lager und Logistik einen enormen Produktivit\u00e4tsschub, erleichtert die Bedienung und setzt neue Standards im Mobile Computing. Hauptvorteile des auf den ersten Blick ungew\u00f6hnlichen Geh\u00e4uses: hoher Bedienkomfort und geringes Gewicht gegen\u00fcber herk\u00f6mmlichen MDE-Ger\u00e4ten. Innovativ ist auch die Barcodescannerpositionierung, denn durch den angewinkelten Scanner erfassen Anwender je nach Variante 1D- oder 2D-Barcodes mit direktem Blick auf das \u00fcbersichtliche 4&#8221;-Fulltouch-Display. Das permanente Kippen des Terminals in scanintensiven Anwendungen f\u00e4llt damit weg, was die Handgelenkbelastung und den Kraftaufwand deutlich reduziert. Zusammen steigern Anwender im Warenlager mit dem TC8000 die Produktivit\u00e4t um eine zweistellige Prozentsumme \u2013 das spart Zeit und steigert die Effizienz jedes Mitarbeiters.<\/p>\n<p>Ausgestattet mit einem 1,7 GHz Dual-Core-Prozessor, 1 GB RAM, wahlweise 4 GB oder 8 GB Flashspeicher (erweiterbar durch SD-Slot) und Android KitKat mit Zebras Mobility Extensions, bietet der TC8000 Leistung und Sicherheit auf Enterprise-Niveau. In Sachen schneller Konnektivit\u00e4t verspricht der handliche Mobilcomputer dank IEEE 802.11a\/b\/g\/n\/d\/h\/i WLAN Datenraten von bis zu 150 Mbit pro Sekunde. Bluetooth 4.0 erweitert die Datentransferoptionen. Das hochaufl\u00f6sende Fulltouch-Display mit 10,2 cm (4&#8221;) Bildschirmdiagonale liefert mit einer Helligkeit von 400 Nits stets scharfe Bilder und ist auch bei direktem Lichteinfall deutlich ablesbar. Dank spezieller Touchoberfl\u00e4che und Corning Gorilla Glass l\u00e4sst sich das Display sowohl mit als auch ohne Handschuhe bedienen und bleibt langfristig voll einsatzf\u00e4hig.<\/p>\n<p>Als besonderes Merkmal bietet der TC8000 eine \u00fcberdurchschnittliche Akkulaufzeit von vollen drei Schichten. Dar\u00fcber hinaus liefern die PowerPrecision-Akkus Leistungsinformationen in Echtzeit, somit k\u00f6nnen leistungsnachlassende Akkus schnell identifiziert und aussortiert werden, auch ohne das Ger\u00e4t ausschalten zu m\u00fcssen \u2013 dank Backupbatterie. F\u00fcr eine effiziente und schnelle Datenerfassung stehen dem Anwender ein adaptiver 1D-Laserscanner mit der h\u00f6chsten Lesereichweite seiner Klasse, ein 2D-Imager sowie eine Kamera mit 8 MP und Autofokus zur Verf\u00fcgung.<\/p>\n<p>Widerstandsf\u00e4higkeit und Zuverl\u00e4ssigkeit stehen beim robusten Datenerfassungsterminal an hoher Stelle. Der TC8000 ist \u00fcberdurchschnittlich sto\u00dffest und funktioniert selbst nach mehreren St\u00fcrzen aus 2,4 m H\u00f6he noch einwandfrei. Zudem bietet die IP65-zertifizierte Geh\u00e4useversieglung jederzeit Schutz vor dem Eindringen von Staub und Wasser \u2013 optimal f\u00fcr den Einsatz in rauen Umgebungen.<\/p>\n<h3><a href=\"https:\/\/www.highway-gmbh.de\/wp-content\/uploads\/zebra_tc8000.pdf\">Datenblatt Zebra TC8000<\/a><\/h3>\n","protected":false},"excerpt":{"rendered":"<ul>\n<li>Innovatives Android Mobilterminal mit praktischer Geh\u00e4useform<\/li>\n<li>Optimiert f\u00fcr den Einsatz in Lager, Logistik und Fertigung<\/li>\n<li>Einfache Bedienung komplett \u00fcber das 4&#8221;-Touchdisplay, sogar mit Handschuhen<\/li>\n<li>Verwandelt Terminalemulationsoptionen automatisch in elegante grafische Elemente<\/li>\n<li>Integrierter 1D-\/2D-Barcodescanner f\u00fcr Nah- und Fernbereich<\/li>\n<\/ul>\n","protected":false},"featured_media":1744,"template":"page-sidebar-left.php","meta":[],"product_brand":[],"product_cat":[37,99],"product_tag":[85],"class_list":{"0":"post-2066","1":"product","2":"type-product","3":"status-publish","4":"has-post-thumbnail","6":"product_cat-mdes","7":"product_cat-zebra-mdes","8":"product_tag-android","10":"first","11":"instock","12":"virtual","13":"product-type-simple"},"translation":{"provider":"WPGlobus","version":"3.0.2","language":"en","enabled_languages":["de","en"],"languages":{"de":{"title":true,"content":true,"excerpt":true},"en":{"title":false,"content":false,"excerpt":false}}},"_links":{"self":[{"href":"https:\/\/www.highway-gmbh.de\/en\/wp-json\/wp\/v2\/product\/2066","targetHints":{"allow":["GET"]}}],"collection":[{"href":"https:\/\/www.highway-gmbh.de\/en\/wp-json\/wp\/v2\/product"}],"about":[{"href":"https:\/\/www.highway-gmbh.de\/en\/wp-json\/wp\/v2\/types\/product"}],"wp:featuredmedia":[{"embeddable":true,"href":"https:\/\/www.highway-gmbh.de\/en\/wp-json\/wp\/v2\/media\/1744"}],"wp:attachment":[{"href":"https:\/\/www.highway-gmbh.de\/en\/wp-json\/wp\/v2\/media?parent=2066"}],"wp:term":[{"taxonomy":"product_brand","embeddable":true,"href":"https:\/\/www.highway-gmbh.de\/en\/wp-json\/wp\/v2\/product_brand?post=2066"},{"taxonomy":"product_cat","embeddable":true,"href":"https:\/\/www.highway-gmbh.de\/en\/wp-json\/wp\/v2\/product_cat?post=2066"},{"taxonomy":"product_tag","embeddable":true,"href":"https:\/\/www.highway-gmbh.de\/en\/wp-json\/wp\/v2\/product_tag?post=2066"}],"curies":[{"name":"wp","href":"https:\/\/api.w.org\/{rel}","templated":true}]}}