{"id":2046,"date":"2023-03-27T12:57:12","date_gmt":"2023-03-27T10:57:12","guid":{"rendered":"https:\/\/www.highway-gmbh.de\/?post_type=product&#038;p=2046"},"modified":"2023-03-27T13:01:41","modified_gmt":"2023-03-27T11:01:41","slug":"zebra-rfd90","status":"publish","type":"product","link":"https:\/\/www.highway-gmbh.de\/en\/produkte\/mdes\/zebra-mdes\/zebra-rfd90\/","title":{"rendered":"Zebra RFD90"},"content":{"rendered":"<h1 id=\"jt_sr_headline\">Zebra RFD90<\/h1>\n<h2 id=\"jt_sr_subline\">UHF-RFID-Sled mit Lesereichweite von bis zu 22,9 m<\/h2>\n<p>Der ergonomische UHF-RFID-Sled Zebra RFD90 wurde so konzipiert, dass er den allt\u00e4glichen rauen Arbeitsbedingungen in Fertigung, Transport und Logistik standh\u00e4lt. Er hat eine industrietaugliche Doppelabdichtung mit IP65-\/IP67-Zertifizierung und \u00fcbersteht mehrfache St\u00fcrze aus bis zu 1,8 Metern auf Beton. Seine hohe Leseleistung ist mindestens genauso \u00fcberzeugend wie sein robustes Geh\u00e4use: Die Leserate liegt bei 1.300 Tags\/Sekunde und die Lesereichweite betr\u00e4gt 6,7 Meter (Standard) oder 22,9 Meter (RFD9090). Zudem sorgt der 7.000-mAh-Akku f\u00fcr lange Einsatzzeiten und der Trifunktionsausl\u00f6ser ist programmierbar mit Funktionen wie RFID-Lesen, Barcode-Scannen und mehr.<\/p>\n<p>Integriertes Bluetooth 5.3 erm\u00f6glicht die Verbindung des RFD90 mit fast allen Android-, iOS- oder Windows-Ger\u00e4ten. Weitere Schnittstellen sind Wi-Fi 6 f\u00fcr ein einfaches Over-the-Air (OTA)-Ger\u00e4temanagement und verschiedene NFC-Optionen. \u00dcber eine Kabelhalterung l\u00e4sst sich der UHF-RFID-Sled an einen Windows-basierten PC oder einen anderen Host anschlie\u00dfen und als kabelgebundenes RFID-Leseger\u00e4t nutzen. Die Halterungen sind sowohl als Einsteck- oder Mehrsteckoptionen sowie als reine Lade- und Kommunikationsvarianten erh\u00e4ltlich.<\/p>\n<h3><a href=\"https:\/\/www.highway-gmbh.de\/wp-content\/uploads\/zebra_rfd90.pdf\">Datenblatt Zebra RFD90<\/a><\/h3>\n","protected":false},"excerpt":{"rendered":"<ul>\n<li>UHF-RFID-Sled f\u00fcr den Fertigungs-, Transport- und Logistikbereich<\/li>\n<li>Leserate: bis zu 1.300 RFID-Tags pro Sekunde; Lesereichweite: bis zu 22,9 m (RFD9090)<\/li>\n<li>Programmierbarer Trifunktionsausl\u00f6ser, 7.000-mAh-PowerPrecision+-Akku<\/li>\n<li>Ultra-Robust: IP65-\/IP67-zertifiziert, sturzsicher aus 1,8 m<\/li>\n<li>Schnittstellen: Wi-Fi 6, Bluetooth 5.3 und NFC<\/li>\n<\/ul>\n","protected":false},"featured_media":1822,"template":"page-sidebar-left.php","meta":[],"product_brand":[],"product_cat":[37,99],"product_tag":[85],"class_list":{"0":"post-2046","1":"product","2":"type-product","3":"status-publish","4":"has-post-thumbnail","6":"product_cat-mdes","7":"product_cat-zebra-mdes","8":"product_tag-android","10":"first","11":"instock","12":"virtual","13":"product-type-simple"},"translation":{"provider":"WPGlobus","version":"3.0.2","language":"en","enabled_languages":["de","en"],"languages":{"de":{"title":true,"content":true,"excerpt":true},"en":{"title":false,"content":false,"excerpt":false}}},"_links":{"self":[{"href":"https:\/\/www.highway-gmbh.de\/en\/wp-json\/wp\/v2\/product\/2046","targetHints":{"allow":["GET"]}}],"collection":[{"href":"https:\/\/www.highway-gmbh.de\/en\/wp-json\/wp\/v2\/product"}],"about":[{"href":"https:\/\/www.highway-gmbh.de\/en\/wp-json\/wp\/v2\/types\/product"}],"wp:featuredmedia":[{"embeddable":true,"href":"https:\/\/www.highway-gmbh.de\/en\/wp-json\/wp\/v2\/media\/1822"}],"wp:attachment":[{"href":"https:\/\/www.highway-gmbh.de\/en\/wp-json\/wp\/v2\/media?parent=2046"}],"wp:term":[{"taxonomy":"product_brand","embeddable":true,"href":"https:\/\/www.highway-gmbh.de\/en\/wp-json\/wp\/v2\/product_brand?post=2046"},{"taxonomy":"product_cat","embeddable":true,"href":"https:\/\/www.highway-gmbh.de\/en\/wp-json\/wp\/v2\/product_cat?post=2046"},{"taxonomy":"product_tag","embeddable":true,"href":"https:\/\/www.highway-gmbh.de\/en\/wp-json\/wp\/v2\/product_tag?post=2046"}],"curies":[{"name":"wp","href":"https:\/\/api.w.org\/{rel}","templated":true}]}}