{"id":2044,"date":"2023-06-09T10:27:37","date_gmt":"2023-06-09T08:27:37","guid":{"rendered":"https:\/\/www.highway-gmbh.de\/?post_type=product&#038;p=2044"},"modified":"2023-06-09T10:27:30","modified_gmt":"2023-06-09T08:27:30","slug":"zebra-tc53-tc58","status":"publish","type":"product","link":"https:\/\/www.highway-gmbh.de\/en\/produkte\/mdes\/zebra-mdes\/zebra-tc53-tc58\/","title":{"rendered":"Zebra TC53\/TC58"},"content":{"rendered":"<h1 id=\"jt_sr_headline\">Zebra TC53\/TC58<\/h1>\n<h2 id=\"jt_sr_subline\">Innovativer Mobilcomputer mit Funktechnologien<\/h2>\n<p>Die Zebra Mobilcomputer TC53\/TC58 begeistern den Handel mit einem Android-Betriebssystem mit Unterst\u00fctzung bis Android 14 und einer hochwertigen Funktechnologie (Wi-Fi 6E und 5G). Leicht zu bedienen sind sie dank ihres gro\u00dfen 6&#8243;-FHD-Touchdisplays mit 600 Nits und Gorilla Glass 5 ebenfalls. Au\u00dferdem bieten sie umfangreiche Software-Technologien: Edge-to-Edge sorgt f\u00fcr einen besseren Informationsfluss mit weniger Scrollen. Zebra Dimensioning Certified Mobile Parcel hingegen nutzt einen integrierten Time-of-Flight-Sensor, um mit einem einzelnen Tastendruck in Sekundenschnelle die genauen Ma\u00dfe eines Pakets zu erfassen.<\/p>\n<p>Die funktionsreiche Software des TC53\/TC58 wird durch eine leistungsstarke Hardware erg\u00e4nzt: Ein Qualcomm 6490 Octa-Core-Prozessor, bis zu 8 GB RAM und 128 GB Flash sowie ein 2-TB-microSD-Kartensteckplatz sorgen f\u00fcr eine schnelle Verarbeitungsleistung. Die lange Laufzeit wird durch einen 4.400-mAh-PowerPrecision+-Akku oder einen optionalen 6.600-mAh-Akku sichergestellt. Zudem erfassen sie Mobilcomputer \u00fcber das Scanmodul SE4720 f\u00fcr Standard-Scanbereiche oder das SE55 f\u00fcr erweiterte Bereiche nahezu alle 1D-\/2D-Barcodes, unabh\u00e4ngig vom Zustand. F\u00fcr noch mehr Leistung greifen der TC53\/TC58 auf die Tools der Zebra Mobility DNA sowie eine umfangreiche Zubeh\u00f6rauswahl zur\u00fcck.<\/p>\n<h3><a href=\"https:\/\/www.highway-gmbh.de\/wp-content\/uploads\/zebra_tc53_tc58.pdf\">Datenblatt Zebra TC53\/TC58<\/a><\/h3>\n","protected":false},"excerpt":{"rendered":"<ul>\n<li>6&#8243;-Android-Mobilcomputer mit Wi-Fi 6E, 5G und PPT-Funktion<\/li>\n<li>Edge-to-Edge-Technologie, Zebra Dimensioning Certified Mobile Parcel<\/li>\n<li>Qualcomm 6490 Octa-Core-Prozessor, 4.400-mAh-PowerPrecision+-Akku<\/li>\n<li>IP68-\/IP65-zertifiziert, sturzsicher nach MIL-STD-810H<\/li>\n<li>Unterst\u00fctzt die Zebra Mobility DNA<\/li>\n<\/ul>\n","protected":false},"featured_media":1738,"template":"page-sidebar-left.php","meta":[],"product_brand":[],"product_cat":[37,99],"product_tag":[85],"class_list":{"0":"post-2044","1":"product","2":"type-product","3":"status-publish","4":"has-post-thumbnail","6":"product_cat-mdes","7":"product_cat-zebra-mdes","8":"product_tag-android","10":"first","11":"instock","12":"virtual","13":"product-type-simple"},"translation":{"provider":"WPGlobus","version":"3.0.2","language":"en","enabled_languages":["de","en"],"languages":{"de":{"title":true,"content":true,"excerpt":true},"en":{"title":false,"content":false,"excerpt":false}}},"_links":{"self":[{"href":"https:\/\/www.highway-gmbh.de\/en\/wp-json\/wp\/v2\/product\/2044","targetHints":{"allow":["GET"]}}],"collection":[{"href":"https:\/\/www.highway-gmbh.de\/en\/wp-json\/wp\/v2\/product"}],"about":[{"href":"https:\/\/www.highway-gmbh.de\/en\/wp-json\/wp\/v2\/types\/product"}],"wp:featuredmedia":[{"embeddable":true,"href":"https:\/\/www.highway-gmbh.de\/en\/wp-json\/wp\/v2\/media\/1738"}],"wp:attachment":[{"href":"https:\/\/www.highway-gmbh.de\/en\/wp-json\/wp\/v2\/media?parent=2044"}],"wp:term":[{"taxonomy":"product_brand","embeddable":true,"href":"https:\/\/www.highway-gmbh.de\/en\/wp-json\/wp\/v2\/product_brand?post=2044"},{"taxonomy":"product_cat","embeddable":true,"href":"https:\/\/www.highway-gmbh.de\/en\/wp-json\/wp\/v2\/product_cat?post=2044"},{"taxonomy":"product_tag","embeddable":true,"href":"https:\/\/www.highway-gmbh.de\/en\/wp-json\/wp\/v2\/product_tag?post=2044"}],"curies":[{"name":"wp","href":"https:\/\/api.w.org\/{rel}","templated":true}]}}